{"id":7963,"date":"2015-04-12T13:18:12","date_gmt":"2015-04-12T11:18:12","guid":{"rendered":"http:\/\/www.mourioche.de\/?page_id=7963"},"modified":"2015-04-12T13:18:12","modified_gmt":"2015-04-12T11:18:12","slug":"jules-h-wurf-4-woche","status":"publish","type":"page","link":"https:\/\/www.mourioche.de\/?page_id=7963","title":{"rendered":"Jules H-Wurf 4. Woche"},"content":{"rendered":"<p style=\"text-align: center;\"><strong>12.04.2015<\/strong><\/p>\n<p style=\"text-align: center;\">Wunderbares Fr\u00fchlingswetter &#8211; Zeit f\u00fcr den ersten kleinen Ausflug nach drau\u00dfen!<\/p>\n<p style=\"text-align: center;\"><img loading=\"lazy\" decoding=\"async\" class=\"alignnone size-medium wp-image-7965\" src=\"https:\/\/www.mourioche.de\/wpmourio\/wp-content\/uploads\/2015\/04\/drin1-300x207.jpg\" alt=\"drin1\" width=\"300\" height=\"207\" srcset=\"https:\/\/www.mourioche.de\/wpmourio\/wp-content\/uploads\/2015\/04\/drin1-300x207.jpg 300w, https:\/\/www.mourioche.de\/wpmourio\/wp-content\/uploads\/2015\/04\/drin1-150x103.jpg 150w, https:\/\/www.mourioche.de\/wpmourio\/wp-content\/uploads\/2015\/04\/drin1-400x276.jpg 400w, https:\/\/www.mourioche.de\/wpmourio\/wp-content\/uploads\/2015\/04\/drin1.jpg 800w\" sizes=\"auto, (max-width: 300px) 100vw, 300px\" \/><\/p>\n<p style=\"text-align: center;\">Ausflug?<\/p>\n<p style=\"text-align: center;\"><img loading=\"lazy\" decoding=\"async\" class=\"alignnone size-medium wp-image-7971\" src=\"https:\/\/www.mourioche.de\/wpmourio\/wp-content\/uploads\/2015\/04\/hollin11-182x300.jpg\" alt=\"hollin1\" width=\"182\" height=\"300\" srcset=\"https:\/\/www.mourioche.de\/wpmourio\/wp-content\/uploads\/2015\/04\/hollin11-182x300.jpg 182w, https:\/\/www.mourioche.de\/wpmourio\/wp-content\/uploads\/2015\/04\/hollin11-621x1024.jpg 621w, https:\/\/www.mourioche.de\/wpmourio\/wp-content\/uploads\/2015\/04\/hollin11-91x150.jpg 91w, https:\/\/www.mourioche.de\/wpmourio\/wp-content\/uploads\/2015\/04\/hollin11-400x659.jpg 400w, https:\/\/www.mourioche.de\/wpmourio\/wp-content\/uploads\/2015\/04\/hollin11.jpg 800w\" sizes=\"auto, (max-width: 182px) 100vw, 182px\" \/><\/p>\n<p style=\"text-align: center;\">Ich bin dabei!<\/p>\n<p style=\"text-align: center;\"><a href=\"https:\/\/www.mourioche.de\/wpmourio\/wp-content\/uploads\/2015\/04\/draussen1.jpg\"><img loading=\"lazy\" decoding=\"async\" class=\"alignnone size-medium wp-image-7964\" src=\"https:\/\/www.mourioche.de\/wpmourio\/wp-content\/uploads\/2015\/04\/draussen1-300x300.jpg\" alt=\"draussen1\" width=\"300\" height=\"300\" srcset=\"https:\/\/www.mourioche.de\/wpmourio\/wp-content\/uploads\/2015\/04\/draussen1-300x300.jpg 300w, https:\/\/www.mourioche.de\/wpmourio\/wp-content\/uploads\/2015\/04\/draussen1-150x150.jpg 150w, https:\/\/www.mourioche.de\/wpmourio\/wp-content\/uploads\/2015\/04\/draussen1-400x399.jpg 400w, https:\/\/www.mourioche.de\/wpmourio\/wp-content\/uploads\/2015\/04\/draussen1-144x144.jpg 144w, https:\/\/www.mourioche.de\/wpmourio\/wp-content\/uploads\/2015\/04\/draussen1.jpg 800w\" sizes=\"auto, (max-width: 300px) 100vw, 300px\" \/><\/a><\/p>\n<p style=\"text-align: center;\">Jule passt auf<\/p>\n<p style=\"text-align: center;\"><a href=\"https:\/\/www.mourioche.de\/wpmourio\/wp-content\/uploads\/2015\/04\/heighdei1.jpg\"><img loading=\"lazy\" decoding=\"async\" class=\"alignnone size-medium wp-image-7966\" src=\"https:\/\/www.mourioche.de\/wpmourio\/wp-content\/uploads\/2015\/04\/heighdei1-300x199.jpg\" alt=\"heighdei1\" width=\"300\" height=\"199\" srcset=\"https:\/\/www.mourioche.de\/wpmourio\/wp-content\/uploads\/2015\/04\/heighdei1-300x199.jpg 300w, https:\/\/www.mourioche.de\/wpmourio\/wp-content\/uploads\/2015\/04\/heighdei1-150x99.jpg 150w, https:\/\/www.mourioche.de\/wpmourio\/wp-content\/uploads\/2015\/04\/heighdei1-400x266.jpg 400w, https:\/\/www.mourioche.de\/wpmourio\/wp-content\/uploads\/2015\/04\/heighdei1.jpg 800w\" sizes=\"auto, (max-width: 300px) 100vw, 300px\" \/><\/a><\/p>\n<p style=\"text-align: center;\">sieht alles ganz anders aus hier!<\/p>\n<p style=\"text-align: center;\"><a href=\"https:\/\/www.mourioche.de\/wpmourio\/wp-content\/uploads\/2015\/04\/heighdei2.jpg\"><img loading=\"lazy\" decoding=\"async\" class=\"alignnone size-medium wp-image-7967\" src=\"https:\/\/www.mourioche.de\/wpmourio\/wp-content\/uploads\/2015\/04\/heighdei2-300x199.jpg\" alt=\"heighdei2\" width=\"300\" height=\"199\" srcset=\"https:\/\/www.mourioche.de\/wpmourio\/wp-content\/uploads\/2015\/04\/heighdei2-300x199.jpg 300w, https:\/\/www.mourioche.de\/wpmourio\/wp-content\/uploads\/2015\/04\/heighdei2-150x99.jpg 150w, https:\/\/www.mourioche.de\/wpmourio\/wp-content\/uploads\/2015\/04\/heighdei2-400x266.jpg 400w, https:\/\/www.mourioche.de\/wpmourio\/wp-content\/uploads\/2015\/04\/heighdei2.jpg 800w\" sizes=\"auto, (max-width: 300px) 100vw, 300px\" \/><\/a><\/p>\n<p style=\"text-align: center;\"><a href=\"https:\/\/www.mourioche.de\/wpmourio\/wp-content\/uploads\/2015\/04\/helcar1.jpg\"><img loading=\"lazy\" decoding=\"async\" class=\"alignnone size-medium wp-image-7968\" src=\"https:\/\/www.mourioche.de\/wpmourio\/wp-content\/uploads\/2015\/04\/helcar1-300x199.jpg\" alt=\"helcar1\" width=\"300\" height=\"199\" srcset=\"https:\/\/www.mourioche.de\/wpmourio\/wp-content\/uploads\/2015\/04\/helcar1-300x199.jpg 300w, https:\/\/www.mourioche.de\/wpmourio\/wp-content\/uploads\/2015\/04\/helcar1-150x99.jpg 150w, https:\/\/www.mourioche.de\/wpmourio\/wp-content\/uploads\/2015\/04\/helcar1-400x266.jpg 400w, https:\/\/www.mourioche.de\/wpmourio\/wp-content\/uploads\/2015\/04\/helcar1.jpg 800w\" sizes=\"auto, (max-width: 300px) 100vw, 300px\" \/><\/a><\/p>\n<p style=\"text-align: center;\">Helcar auf Entdeckungstour<\/p>\n<p style=\"text-align: center;\"><a href=\"https:\/\/www.mourioche.de\/wpmourio\/wp-content\/uploads\/2015\/04\/highdei1.jpg\"><img loading=\"lazy\" decoding=\"async\" class=\"alignnone size-medium wp-image-7969\" src=\"https:\/\/www.mourioche.de\/wpmourio\/wp-content\/uploads\/2015\/04\/highdei1-300x199.jpg\" alt=\"highdei1\" width=\"300\" height=\"199\" srcset=\"https:\/\/www.mourioche.de\/wpmourio\/wp-content\/uploads\/2015\/04\/highdei1-300x199.jpg 300w, https:\/\/www.mourioche.de\/wpmourio\/wp-content\/uploads\/2015\/04\/highdei1-150x99.jpg 150w, https:\/\/www.mourioche.de\/wpmourio\/wp-content\/uploads\/2015\/04\/highdei1-400x266.jpg 400w, https:\/\/www.mourioche.de\/wpmourio\/wp-content\/uploads\/2015\/04\/highdei1.jpg 800w\" sizes=\"auto, (max-width: 300px) 100vw, 300px\" \/><\/a><\/p>\n<p style=\"text-align: center;\">Highdei<\/p>\n<p style=\"text-align: center;\"><a href=\"https:\/\/www.mourioche.de\/wpmourio\/wp-content\/uploads\/2015\/04\/highdei2.jpg\"><img loading=\"lazy\" decoding=\"async\" class=\"alignnone size-medium wp-image-7970\" src=\"https:\/\/www.mourioche.de\/wpmourio\/wp-content\/uploads\/2015\/04\/highdei2-300x199.jpg\" alt=\"highdei2\" width=\"300\" height=\"199\" srcset=\"https:\/\/www.mourioche.de\/wpmourio\/wp-content\/uploads\/2015\/04\/highdei2-300x199.jpg 300w, https:\/\/www.mourioche.de\/wpmourio\/wp-content\/uploads\/2015\/04\/highdei2-150x99.jpg 150w, https:\/\/www.mourioche.de\/wpmourio\/wp-content\/uploads\/2015\/04\/highdei2-400x266.jpg 400w, https:\/\/www.mourioche.de\/wpmourio\/wp-content\/uploads\/2015\/04\/highdei2.jpg 800w\" sizes=\"auto, (max-width: 300px) 100vw, 300px\" \/><\/a><\/p>\n<p style=\"text-align: center;\">\u00a0Wo seid ihr denn alle?<\/p>\n<p style=\"text-align: center;\"><a href=\"https:\/\/www.mourioche.de\/wpmourio\/wp-content\/uploads\/2015\/04\/hollin21.jpg\"><img loading=\"lazy\" decoding=\"async\" class=\"alignnone size-medium wp-image-7974\" src=\"https:\/\/www.mourioche.de\/wpmourio\/wp-content\/uploads\/2015\/04\/hollin21-300x199.jpg\" alt=\"hollin2\" width=\"300\" height=\"199\" srcset=\"https:\/\/www.mourioche.de\/wpmourio\/wp-content\/uploads\/2015\/04\/hollin21-300x199.jpg 300w, https:\/\/www.mourioche.de\/wpmourio\/wp-content\/uploads\/2015\/04\/hollin21-150x99.jpg 150w, https:\/\/www.mourioche.de\/wpmourio\/wp-content\/uploads\/2015\/04\/hollin21-400x266.jpg 400w, https:\/\/www.mourioche.de\/wpmourio\/wp-content\/uploads\/2015\/04\/hollin21.jpg 800w\" sizes=\"auto, (max-width: 300px) 100vw, 300px\" \/><\/a><\/p>\n<p style=\"text-align: center;\">unterwegs!<\/p>\n<p style=\"text-align: center;\"><a href=\"https:\/\/www.mourioche.de\/wpmourio\/wp-content\/uploads\/2015\/04\/hurin1.jpg\"><img loading=\"lazy\" decoding=\"async\" class=\"alignnone size-medium wp-image-7975\" src=\"https:\/\/www.mourioche.de\/wpmourio\/wp-content\/uploads\/2015\/04\/hurin1-300x199.jpg\" alt=\"hurin1\" width=\"300\" height=\"199\" srcset=\"https:\/\/www.mourioche.de\/wpmourio\/wp-content\/uploads\/2015\/04\/hurin1-300x199.jpg 300w, https:\/\/www.mourioche.de\/wpmourio\/wp-content\/uploads\/2015\/04\/hurin1-150x99.jpg 150w, https:\/\/www.mourioche.de\/wpmourio\/wp-content\/uploads\/2015\/04\/hurin1-400x266.jpg 400w, https:\/\/www.mourioche.de\/wpmourio\/wp-content\/uploads\/2015\/04\/hurin1.jpg 800w\" sizes=\"auto, (max-width: 300px) 100vw, 300px\" \/><\/a><\/p>\n<p style=\"text-align: center;\">alles muss erkundet werden<\/p>\n<p style=\"text-align: center;\"><a href=\"https:\/\/www.mourioche.de\/wpmourio\/wp-content\/uploads\/2015\/04\/schwarz1.jpg\"><img loading=\"lazy\" decoding=\"async\" class=\"alignnone size-medium wp-image-7976\" src=\"https:\/\/www.mourioche.de\/wpmourio\/wp-content\/uploads\/2015\/04\/schwarz1-294x300.jpg\" alt=\"schwarz1\" width=\"294\" height=\"300\" srcset=\"https:\/\/www.mourioche.de\/wpmourio\/wp-content\/uploads\/2015\/04\/schwarz1-294x300.jpg 294w, https:\/\/www.mourioche.de\/wpmourio\/wp-content\/uploads\/2015\/04\/schwarz1-147x150.jpg 147w, https:\/\/www.mourioche.de\/wpmourio\/wp-content\/uploads\/2015\/04\/schwarz1-400x407.jpg 400w, https:\/\/www.mourioche.de\/wpmourio\/wp-content\/uploads\/2015\/04\/schwarz1.jpg 800w\" sizes=\"auto, (max-width: 294px) 100vw, 294px\" \/><\/a><\/p>\n<p style=\"text-align: center;\">spannend<\/p>\n<p style=\"text-align: center;\"><a href=\"https:\/\/www.mourioche.de\/wpmourio\/wp-content\/uploads\/2015\/04\/schwarz2.jpg\"><img loading=\"lazy\" decoding=\"async\" class=\"alignnone size-medium wp-image-7977\" src=\"https:\/\/www.mourioche.de\/wpmourio\/wp-content\/uploads\/2015\/04\/schwarz2-300x247.jpg\" alt=\"schwarz2\" width=\"300\" height=\"247\" srcset=\"https:\/\/www.mourioche.de\/wpmourio\/wp-content\/uploads\/2015\/04\/schwarz2-300x247.jpg 300w, https:\/\/www.mourioche.de\/wpmourio\/wp-content\/uploads\/2015\/04\/schwarz2-150x123.jpg 150w, https:\/\/www.mourioche.de\/wpmourio\/wp-content\/uploads\/2015\/04\/schwarz2-400x330.jpg 400w, https:\/\/www.mourioche.de\/wpmourio\/wp-content\/uploads\/2015\/04\/schwarz2.jpg 800w\" sizes=\"auto, (max-width: 300px) 100vw, 300px\" \/><\/a><\/p>\n<p style=\"text-align: center;\">\n<p style=\"text-align: center;\"><a href=\"https:\/\/www.mourioche.de\/wpmourio\/wp-content\/uploads\/2015\/04\/schwarz3.jpg\"><img loading=\"lazy\" decoding=\"async\" class=\"alignnone size-medium wp-image-7978\" src=\"https:\/\/www.mourioche.de\/wpmourio\/wp-content\/uploads\/2015\/04\/schwarz3-300x199.jpg\" alt=\"schwarz3\" width=\"300\" height=\"199\" srcset=\"https:\/\/www.mourioche.de\/wpmourio\/wp-content\/uploads\/2015\/04\/schwarz3-300x199.jpg 300w, https:\/\/www.mourioche.de\/wpmourio\/wp-content\/uploads\/2015\/04\/schwarz3-150x99.jpg 150w, https:\/\/www.mourioche.de\/wpmourio\/wp-content\/uploads\/2015\/04\/schwarz3-400x266.jpg 400w, https:\/\/www.mourioche.de\/wpmourio\/wp-content\/uploads\/2015\/04\/schwarz3.jpg 800w\" sizes=\"auto, (max-width: 300px) 100vw, 300px\" \/><\/a><\/p>\n<p style=\"text-align: center;\"><a href=\"https:\/\/www.mourioche.de\/wpmourio\/wp-content\/uploads\/2015\/04\/trink1.jpg\"><img loading=\"lazy\" decoding=\"async\" class=\"alignnone size-medium wp-image-7979\" src=\"https:\/\/www.mourioche.de\/wpmourio\/wp-content\/uploads\/2015\/04\/trink1-300x199.jpg\" alt=\"trink1\" width=\"300\" height=\"199\" srcset=\"https:\/\/www.mourioche.de\/wpmourio\/wp-content\/uploads\/2015\/04\/trink1-300x199.jpg 300w, https:\/\/www.mourioche.de\/wpmourio\/wp-content\/uploads\/2015\/04\/trink1-150x99.jpg 150w, https:\/\/www.mourioche.de\/wpmourio\/wp-content\/uploads\/2015\/04\/trink1-400x266.jpg 400w, https:\/\/www.mourioche.de\/wpmourio\/wp-content\/uploads\/2015\/04\/trink1.jpg 800w\" sizes=\"auto, (max-width: 300px) 100vw, 300px\" \/><\/a><\/p>\n<p style=\"text-align: center;\">Mama spendiert ein Picknick<\/p>\n<p style=\"text-align: center;\"><a href=\"https:\/\/www.mourioche.de\/wpmourio\/wp-content\/uploads\/2015\/04\/trink2.jpg\"><img loading=\"lazy\" decoding=\"async\" class=\"alignnone size-medium wp-image-7980\" src=\"https:\/\/www.mourioche.de\/wpmourio\/wp-content\/uploads\/2015\/04\/trink2-300x199.jpg\" alt=\"trink2\" width=\"300\" height=\"199\" srcset=\"https:\/\/www.mourioche.de\/wpmourio\/wp-content\/uploads\/2015\/04\/trink2-300x199.jpg 300w, https:\/\/www.mourioche.de\/wpmourio\/wp-content\/uploads\/2015\/04\/trink2-150x99.jpg 150w, https:\/\/www.mourioche.de\/wpmourio\/wp-content\/uploads\/2015\/04\/trink2-400x266.jpg 400w, https:\/\/www.mourioche.de\/wpmourio\/wp-content\/uploads\/2015\/04\/trink2.jpg 800w\" sizes=\"auto, (max-width: 300px) 100vw, 300px\" \/><\/a><\/p>\n<p style=\"text-align: center;\">lecker!<\/p>\n<p style=\"text-align: center;\"><a href=\"https:\/\/www.mourioche.de\/wpmourio\/wp-content\/uploads\/2015\/04\/trink3.jpg\"><img loading=\"lazy\" decoding=\"async\" class=\"alignnone size-medium wp-image-7981\" src=\"https:\/\/www.mourioche.de\/wpmourio\/wp-content\/uploads\/2015\/04\/trink3-300x199.jpg\" alt=\"trink3\" width=\"300\" height=\"199\" srcset=\"https:\/\/www.mourioche.de\/wpmourio\/wp-content\/uploads\/2015\/04\/trink3-300x199.jpg 300w, https:\/\/www.mourioche.de\/wpmourio\/wp-content\/uploads\/2015\/04\/trink3-150x99.jpg 150w, https:\/\/www.mourioche.de\/wpmourio\/wp-content\/uploads\/2015\/04\/trink3-400x266.jpg 400w, https:\/\/www.mourioche.de\/wpmourio\/wp-content\/uploads\/2015\/04\/trink3.jpg 800w\" sizes=\"auto, (max-width: 300px) 100vw, 300px\" \/><\/a><\/p>\n<p style=\"text-align: center;\">\n<p style=\"text-align: center;\">entspannt<\/p>\n","protected":false},"excerpt":{"rendered":"<p>12.04.2015 Wunderbares Fr\u00fchlingswetter &#8211; Zeit f\u00fcr den ersten kleinen Ausflug nach drau\u00dfen! Ausflug? Ich bin dabei! Jule passt auf sieht alles ganz anders aus hier! Helcar auf Entdeckungstour Highdei \u00a0Wo seid ihr denn alle? unterwegs! alles muss erkundet werden spannend Mama spendiert ein Picknick lecker! entspannt<\/p>\n","protected":false},"author":2,"featured_media":0,"parent":7844,"menu_order":2214,"comment_status":"open","ping_status":"open","template":"","meta":{"footnotes":""},"class_list":["post-7963","page","type-page","status-publish","hentry"],"_links":{"self":[{"href":"https:\/\/www.mourioche.de\/index.php?rest_route=\/wp\/v2\/pages\/7963","targetHints":{"allow":["GET"]}}],"collection":[{"href":"https:\/\/www.mourioche.de\/index.php?rest_route=\/wp\/v2\/pages"}],"about":[{"href":"https:\/\/www.mourioche.de\/index.php?rest_route=\/wp\/v2\/types\/page"}],"author":[{"embeddable":true,"href":"https:\/\/www.mourioche.de\/index.php?rest_route=\/wp\/v2\/users\/2"}],"replies":[{"embeddable":true,"href":"https:\/\/www.mourioche.de\/index.php?rest_route=%2Fwp%2Fv2%2Fcomments&post=7963"}],"version-history":[{"count":1,"href":"https:\/\/www.mourioche.de\/index.php?rest_route=\/wp\/v2\/pages\/7963\/revisions"}],"predecessor-version":[{"id":7982,"href":"https:\/\/www.mourioche.de\/index.php?rest_route=\/wp\/v2\/pages\/7963\/revisions\/7982"}],"up":[{"embeddable":true,"href":"https:\/\/www.mourioche.de\/index.php?rest_route=\/wp\/v2\/pages\/7844"}],"wp:attachment":[{"href":"https:\/\/www.mourioche.de\/index.php?rest_route=%2Fwp%2Fv2%2Fmedia&parent=7963"}],"curies":[{"name":"wp","href":"https:\/\/api.w.org\/{rel}","templated":true}]}}