{"id":8336,"date":"2015-08-04T19:01:03","date_gmt":"2015-08-04T17:01:03","guid":{"rendered":"http:\/\/www.mourioche.de\/?page_id=8336"},"modified":"2015-08-08T13:21:25","modified_gmt":"2015-08-08T11:21:25","slug":"eala-i-wurf-1-woche","status":"publish","type":"page","link":"https:\/\/www.mourioche.de\/?page_id=8336","title":{"rendered":"Eala I-Wurf 1. Woche"},"content":{"rendered":"<p style=\"text-align: center;\"><strong>08.08.2015<\/strong><\/p>\n<p style=\"text-align: center;\"><img loading=\"lazy\" decoding=\"async\" class=\"alignnone size-medium wp-image-8353\" src=\"https:\/\/www.mourioche.de\/wpmourio\/wp-content\/uploads\/2015\/08\/isildur1-300x199.jpg\" alt=\"isildur1\" width=\"300\" height=\"199\" srcset=\"https:\/\/www.mourioche.de\/wpmourio\/wp-content\/uploads\/2015\/08\/isildur1-300x199.jpg 300w, https:\/\/www.mourioche.de\/wpmourio\/wp-content\/uploads\/2015\/08\/isildur1-150x99.jpg 150w, https:\/\/www.mourioche.de\/wpmourio\/wp-content\/uploads\/2015\/08\/isildur1-400x266.jpg 400w, https:\/\/www.mourioche.de\/wpmourio\/wp-content\/uploads\/2015\/08\/isildur1.jpg 800w\" sizes=\"auto, (max-width: 300px) 100vw, 300px\" \/><\/p>\n<p style=\"text-align: center;\">darf ich vorstellen: Isildur<\/p>\n<p style=\"text-align: center;\"><img loading=\"lazy\" decoding=\"async\" class=\"alignnone size-medium wp-image-8352\" src=\"https:\/\/www.mourioche.de\/wpmourio\/wp-content\/uploads\/2015\/08\/ilmare1-300x199.jpg\" alt=\"ilmare1\" width=\"300\" height=\"199\" srcset=\"https:\/\/www.mourioche.de\/wpmourio\/wp-content\/uploads\/2015\/08\/ilmare1-300x199.jpg 300w, https:\/\/www.mourioche.de\/wpmourio\/wp-content\/uploads\/2015\/08\/ilmare1-150x99.jpg 150w, https:\/\/www.mourioche.de\/wpmourio\/wp-content\/uploads\/2015\/08\/ilmare1-400x266.jpg 400w, https:\/\/www.mourioche.de\/wpmourio\/wp-content\/uploads\/2015\/08\/ilmare1.jpg 800w\" sizes=\"auto, (max-width: 300px) 100vw, 300px\" \/><\/p>\n<p style=\"text-align: center;\">und Ilmar\u00e9<\/p>\n<p style=\"text-align: center;\"><a href=\"https:\/\/www.mourioche.de\/wpmourio\/wp-content\/uploads\/2015\/08\/alle1.jpg\"><img loading=\"lazy\" decoding=\"async\" class=\"alignnone size-medium wp-image-8348\" src=\"https:\/\/www.mourioche.de\/wpmourio\/wp-content\/uploads\/2015\/08\/alle1-300x199.jpg\" alt=\"alle1\" width=\"300\" height=\"199\" srcset=\"https:\/\/www.mourioche.de\/wpmourio\/wp-content\/uploads\/2015\/08\/alle1-300x199.jpg 300w, https:\/\/www.mourioche.de\/wpmourio\/wp-content\/uploads\/2015\/08\/alle1-150x99.jpg 150w, https:\/\/www.mourioche.de\/wpmourio\/wp-content\/uploads\/2015\/08\/alle1-400x266.jpg 400w, https:\/\/www.mourioche.de\/wpmourio\/wp-content\/uploads\/2015\/08\/alle1.jpg 800w\" sizes=\"auto, (max-width: 300px) 100vw, 300px\" \/><\/a><\/p>\n<p style=\"text-align: center;\">die beiden wachsen und gedeihen pr\u00e4chtig!<\/p>\n<p style=\"text-align: center;\"><a href=\"https:\/\/www.mourioche.de\/wpmourio\/wp-content\/uploads\/2015\/08\/eala1.jpg\"><img loading=\"lazy\" decoding=\"async\" class=\"alignnone size-medium wp-image-8349\" src=\"https:\/\/www.mourioche.de\/wpmourio\/wp-content\/uploads\/2015\/08\/eala1-300x199.jpg\" alt=\"eala1\" width=\"300\" height=\"199\" srcset=\"https:\/\/www.mourioche.de\/wpmourio\/wp-content\/uploads\/2015\/08\/eala1-300x199.jpg 300w, https:\/\/www.mourioche.de\/wpmourio\/wp-content\/uploads\/2015\/08\/eala1-150x99.jpg 150w, https:\/\/www.mourioche.de\/wpmourio\/wp-content\/uploads\/2015\/08\/eala1-400x266.jpg 400w, https:\/\/www.mourioche.de\/wpmourio\/wp-content\/uploads\/2015\/08\/eala1.jpg 800w\" sizes=\"auto, (max-width: 300px) 100vw, 300px\" \/><\/a><\/p>\n<p style=\"text-align: center;\">Eala ist eine hingebungsvolle und f\u00fcrsorgliche Mutter!<\/p>\n<p style=\"text-align: center;\"><a href=\"https:\/\/www.mourioche.de\/wpmourio\/wp-content\/uploads\/2015\/08\/eala2.jpg\"><img loading=\"lazy\" decoding=\"async\" class=\"alignnone size-medium wp-image-8350\" src=\"https:\/\/www.mourioche.de\/wpmourio\/wp-content\/uploads\/2015\/08\/eala2-300x199.jpg\" alt=\"eala2\" width=\"300\" height=\"199\" srcset=\"https:\/\/www.mourioche.de\/wpmourio\/wp-content\/uploads\/2015\/08\/eala2-300x199.jpg 300w, https:\/\/www.mourioche.de\/wpmourio\/wp-content\/uploads\/2015\/08\/eala2-150x99.jpg 150w, https:\/\/www.mourioche.de\/wpmourio\/wp-content\/uploads\/2015\/08\/eala2-400x266.jpg 400w, https:\/\/www.mourioche.de\/wpmourio\/wp-content\/uploads\/2015\/08\/eala2.jpg 800w\" sizes=\"auto, (max-width: 300px) 100vw, 300px\" \/><\/a><\/p>\n<p style=\"text-align: center;\">keine Sekunde l\u00e4sst sie die Kleinen aus den Augen<\/p>\n<p style=\"text-align: center;\"><a href=\"https:\/\/www.mourioche.de\/wpmourio\/wp-content\/uploads\/2015\/08\/eala3.jpg\"><img loading=\"lazy\" decoding=\"async\" class=\"alignnone size-medium wp-image-8351\" src=\"https:\/\/www.mourioche.de\/wpmourio\/wp-content\/uploads\/2015\/08\/eala3-300x283.jpg\" alt=\"eala3\" width=\"300\" height=\"283\" srcset=\"https:\/\/www.mourioche.de\/wpmourio\/wp-content\/uploads\/2015\/08\/eala3-300x283.jpg 300w, https:\/\/www.mourioche.de\/wpmourio\/wp-content\/uploads\/2015\/08\/eala3-150x141.jpg 150w, https:\/\/www.mourioche.de\/wpmourio\/wp-content\/uploads\/2015\/08\/eala3-400x378.jpg 400w, https:\/\/www.mourioche.de\/wpmourio\/wp-content\/uploads\/2015\/08\/eala3.jpg 800w\" sizes=\"auto, (max-width: 300px) 100vw, 300px\" \/><\/a><\/p>\n<p style=\"text-align: center;\">\n<p style=\"text-align: center;\"><a href=\"https:\/\/www.mourioche.de\/wpmourio\/wp-content\/uploads\/2015\/08\/phi1.jpg\"><img loading=\"lazy\" decoding=\"async\" class=\"alignnone size-medium wp-image-8354\" src=\"https:\/\/www.mourioche.de\/wpmourio\/wp-content\/uploads\/2015\/08\/phi1-300x282.jpg\" alt=\"phi1\" width=\"300\" height=\"282\" srcset=\"https:\/\/www.mourioche.de\/wpmourio\/wp-content\/uploads\/2015\/08\/phi1-300x282.jpg 300w, https:\/\/www.mourioche.de\/wpmourio\/wp-content\/uploads\/2015\/08\/phi1-150x141.jpg 150w, https:\/\/www.mourioche.de\/wpmourio\/wp-content\/uploads\/2015\/08\/phi1-400x376.jpg 400w, https:\/\/www.mourioche.de\/wpmourio\/wp-content\/uploads\/2015\/08\/phi1.jpg 800w\" sizes=\"auto, (max-width: 300px) 100vw, 300px\" \/><\/a><\/p>\n<p style=\"text-align: center;\">Philine genie\u00dft es wieder, mit den Welpen zu kuscheln<\/p>\n<p style=\"text-align: center;\"><a href=\"https:\/\/www.mourioche.de\/wpmourio\/wp-content\/uploads\/2015\/08\/phi2.jpg\"><img loading=\"lazy\" decoding=\"async\" class=\"alignnone size-medium wp-image-8355\" src=\"https:\/\/www.mourioche.de\/wpmourio\/wp-content\/uploads\/2015\/08\/phi2-300x199.jpg\" alt=\"phi2\" width=\"300\" height=\"199\" srcset=\"https:\/\/www.mourioche.de\/wpmourio\/wp-content\/uploads\/2015\/08\/phi2-300x199.jpg 300w, https:\/\/www.mourioche.de\/wpmourio\/wp-content\/uploads\/2015\/08\/phi2-150x99.jpg 150w, https:\/\/www.mourioche.de\/wpmourio\/wp-content\/uploads\/2015\/08\/phi2-400x266.jpg 400w, https:\/\/www.mourioche.de\/wpmourio\/wp-content\/uploads\/2015\/08\/phi2.jpg 800w\" sizes=\"auto, (max-width: 300px) 100vw, 300px\" \/><\/a><\/p>\n<p style=\"text-align: center;\"><a href=\"https:\/\/www.mourioche.de\/wpmourio\/wp-content\/uploads\/2015\/08\/phi3.jpg\"><img loading=\"lazy\" decoding=\"async\" class=\"alignnone size-medium wp-image-8356\" src=\"https:\/\/www.mourioche.de\/wpmourio\/wp-content\/uploads\/2015\/08\/phi3-300x199.jpg\" alt=\"phi3\" width=\"300\" height=\"199\" srcset=\"https:\/\/www.mourioche.de\/wpmourio\/wp-content\/uploads\/2015\/08\/phi3-300x199.jpg 300w, https:\/\/www.mourioche.de\/wpmourio\/wp-content\/uploads\/2015\/08\/phi3-150x99.jpg 150w, https:\/\/www.mourioche.de\/wpmourio\/wp-content\/uploads\/2015\/08\/phi3-400x266.jpg 400w, https:\/\/www.mourioche.de\/wpmourio\/wp-content\/uploads\/2015\/08\/phi3.jpg 800w\" sizes=\"auto, (max-width: 300px) 100vw, 300px\" \/><\/a><\/p>\n<p style=\"text-align: center;\"><a href=\"https:\/\/www.mourioche.de\/wpmourio\/wp-content\/uploads\/2015\/08\/phi4.jpg\"><img loading=\"lazy\" decoding=\"async\" class=\"alignnone size-medium wp-image-8357\" src=\"https:\/\/www.mourioche.de\/wpmourio\/wp-content\/uploads\/2015\/08\/phi4-300x199.jpg\" alt=\"phi4\" width=\"300\" height=\"199\" srcset=\"https:\/\/www.mourioche.de\/wpmourio\/wp-content\/uploads\/2015\/08\/phi4-300x199.jpg 300w, https:\/\/www.mourioche.de\/wpmourio\/wp-content\/uploads\/2015\/08\/phi4-150x99.jpg 150w, https:\/\/www.mourioche.de\/wpmourio\/wp-content\/uploads\/2015\/08\/phi4-400x266.jpg 400w, https:\/\/www.mourioche.de\/wpmourio\/wp-content\/uploads\/2015\/08\/phi4.jpg 800w\" sizes=\"auto, (max-width: 300px) 100vw, 300px\" \/><\/a><\/p>\n<p style=\"text-align: center;\"><a href=\"https:\/\/www.mourioche.de\/wpmourio\/wp-content\/uploads\/2015\/08\/phi5.jpg\"><img loading=\"lazy\" decoding=\"async\" class=\"alignnone size-medium wp-image-8358\" src=\"https:\/\/www.mourioche.de\/wpmourio\/wp-content\/uploads\/2015\/08\/phi5-300x199.jpg\" alt=\"phi5\" width=\"300\" height=\"199\" srcset=\"https:\/\/www.mourioche.de\/wpmourio\/wp-content\/uploads\/2015\/08\/phi5-300x199.jpg 300w, https:\/\/www.mourioche.de\/wpmourio\/wp-content\/uploads\/2015\/08\/phi5-150x99.jpg 150w, https:\/\/www.mourioche.de\/wpmourio\/wp-content\/uploads\/2015\/08\/phi5-400x266.jpg 400w, https:\/\/www.mourioche.de\/wpmourio\/wp-content\/uploads\/2015\/08\/phi5.jpg 800w\" sizes=\"auto, (max-width: 300px) 100vw, 300px\" \/><\/a><\/p>\n<p style=\"text-align: center;\"><a href=\"https:\/\/www.mourioche.de\/wpmourio\/wp-content\/uploads\/2015\/08\/phi6.jpg\"><img loading=\"lazy\" decoding=\"async\" class=\"alignnone size-medium wp-image-8359\" src=\"https:\/\/www.mourioche.de\/wpmourio\/wp-content\/uploads\/2015\/08\/phi6-300x199.jpg\" alt=\"phi6\" width=\"300\" height=\"199\" srcset=\"https:\/\/www.mourioche.de\/wpmourio\/wp-content\/uploads\/2015\/08\/phi6-300x199.jpg 300w, https:\/\/www.mourioche.de\/wpmourio\/wp-content\/uploads\/2015\/08\/phi6-150x99.jpg 150w, https:\/\/www.mourioche.de\/wpmourio\/wp-content\/uploads\/2015\/08\/phi6-400x266.jpg 400w, https:\/\/www.mourioche.de\/wpmourio\/wp-content\/uploads\/2015\/08\/phi6.jpg 800w\" sizes=\"auto, (max-width: 300px) 100vw, 300px\" \/><\/a><\/p>\n<p style=\"text-align: center;\"><a href=\"https:\/\/www.mourioche.de\/wpmourio\/wp-content\/uploads\/2015\/08\/zwei1.jpg\"><img loading=\"lazy\" decoding=\"async\" class=\"alignnone size-medium wp-image-8360\" src=\"https:\/\/www.mourioche.de\/wpmourio\/wp-content\/uploads\/2015\/08\/zwei1-300x199.jpg\" alt=\"zwei1\" width=\"300\" height=\"199\" srcset=\"https:\/\/www.mourioche.de\/wpmourio\/wp-content\/uploads\/2015\/08\/zwei1-300x199.jpg 300w, https:\/\/www.mourioche.de\/wpmourio\/wp-content\/uploads\/2015\/08\/zwei1-150x99.jpg 150w, https:\/\/www.mourioche.de\/wpmourio\/wp-content\/uploads\/2015\/08\/zwei1-400x266.jpg 400w, https:\/\/www.mourioche.de\/wpmourio\/wp-content\/uploads\/2015\/08\/zwei1.jpg 800w\" sizes=\"auto, (max-width: 300px) 100vw, 300px\" \/><\/a><\/p>\n<p style=\"text-align: center;\">noch bestehen ihre Tage aus trinken und schlafen<\/p>\n<p style=\"text-align: center;\"><strong>04.08.2015<\/strong><\/p>\n<p style=\"text-align: center;\">Wir freuen uns \u00fcber die Geburt unserer I\u00b4s!<\/p>\n<p style=\"text-align: center;\"><img loading=\"lazy\" decoding=\"async\" class=\"alignnone size-medium wp-image-8340\" src=\"https:\/\/www.mourioche.de\/wpmourio\/wp-content\/uploads\/2015\/08\/r-300x270.jpg\" alt=\"r\" width=\"300\" height=\"270\" srcset=\"https:\/\/www.mourioche.de\/wpmourio\/wp-content\/uploads\/2015\/08\/r-300x270.jpg 300w, https:\/\/www.mourioche.de\/wpmourio\/wp-content\/uploads\/2015\/08\/r-150x135.jpg 150w, https:\/\/www.mourioche.de\/wpmourio\/wp-content\/uploads\/2015\/08\/r-400x360.jpg 400w, https:\/\/www.mourioche.de\/wpmourio\/wp-content\/uploads\/2015\/08\/r.jpg 800w\" sizes=\"auto, (max-width: 300px) 100vw, 300px\" \/><\/p>\n<p style=\"text-align: center;\">Ealas Erstgeborener: Ein schwarzer R\u00fcde<\/p>\n<p style=\"text-align: center;\"><a href=\"https:\/\/www.mourioche.de\/wpmourio\/wp-content\/uploads\/2015\/08\/alle.jpg\"><img loading=\"lazy\" decoding=\"async\" class=\"alignnone size-medium wp-image-8337\" src=\"https:\/\/www.mourioche.de\/wpmourio\/wp-content\/uploads\/2015\/08\/alle-300x168.jpg\" alt=\"alle\" width=\"300\" height=\"168\" srcset=\"https:\/\/www.mourioche.de\/wpmourio\/wp-content\/uploads\/2015\/08\/alle-300x168.jpg 300w, https:\/\/www.mourioche.de\/wpmourio\/wp-content\/uploads\/2015\/08\/alle-150x84.jpg 150w, https:\/\/www.mourioche.de\/wpmourio\/wp-content\/uploads\/2015\/08\/alle-400x225.jpg 400w, https:\/\/www.mourioche.de\/wpmourio\/wp-content\/uploads\/2015\/08\/alle.jpg 800w\" sizes=\"auto, (max-width: 300px) 100vw, 300px\" \/><\/a><\/p>\n<p style=\"text-align: center;\">zusammen mit seiner harlekin Schwester sind sie unser neues Dream-Team<\/p>\n<p style=\"text-align: center;\"><a href=\"https:\/\/www.mourioche.de\/wpmourio\/wp-content\/uploads\/2015\/08\/eala.jpg\"><img loading=\"lazy\" decoding=\"async\" class=\"alignnone size-medium wp-image-8338\" src=\"https:\/\/www.mourioche.de\/wpmourio\/wp-content\/uploads\/2015\/08\/eala-300x261.jpg\" alt=\"eala\" width=\"300\" height=\"261\" srcset=\"https:\/\/www.mourioche.de\/wpmourio\/wp-content\/uploads\/2015\/08\/eala-300x261.jpg 300w, https:\/\/www.mourioche.de\/wpmourio\/wp-content\/uploads\/2015\/08\/eala-150x130.jpg 150w, https:\/\/www.mourioche.de\/wpmourio\/wp-content\/uploads\/2015\/08\/eala-400x348.jpg 400w, https:\/\/www.mourioche.de\/wpmourio\/wp-content\/uploads\/2015\/08\/eala.jpg 800w\" sizes=\"auto, (max-width: 300px) 100vw, 300px\" \/><\/a><\/p>\n<p style=\"text-align: center;\">gut gemacht, Eala!<\/p>\n<p style=\"text-align: center;\"><a href=\"https:\/\/www.mourioche.de\/wpmourio\/wp-content\/uploads\/2015\/08\/hand1.jpg\"><img loading=\"lazy\" decoding=\"async\" class=\"alignnone size-medium wp-image-8339\" src=\"https:\/\/www.mourioche.de\/wpmourio\/wp-content\/uploads\/2015\/08\/hand1-300x199.jpg\" alt=\"hand1\" width=\"300\" height=\"199\" srcset=\"https:\/\/www.mourioche.de\/wpmourio\/wp-content\/uploads\/2015\/08\/hand1-300x199.jpg 300w, https:\/\/www.mourioche.de\/wpmourio\/wp-content\/uploads\/2015\/08\/hand1-150x99.jpg 150w, https:\/\/www.mourioche.de\/wpmourio\/wp-content\/uploads\/2015\/08\/hand1-400x266.jpg 400w, https:\/\/www.mourioche.de\/wpmourio\/wp-content\/uploads\/2015\/08\/hand1.jpg 800w\" sizes=\"auto, (max-width: 300px) 100vw, 300px\" \/><\/a><\/p>\n<p style=\"text-align: center;\">wie gro\u00df ist ein Welpe? Eine Philine-Hand-gro\u00df!<\/p>\n<p style=\"text-align: center;\">Eala hat alles wunderbar gemeistert, sie hat die Kleinen vom ersten Moment an v\u00f6llig souver\u00e4n versorgt.<\/p>\n<p style=\"text-align: center;\">Wir freuen uns \u00fcber die beiden I\u00b4s und sind sehr traurig, dass ein weiteres kleines M\u00e4dchen den Schritt ins Leben leider nicht geschafft hat.<\/p>\n","protected":false},"excerpt":{"rendered":"<p>08.08.2015 darf ich vorstellen: Isildur und Ilmar\u00e9 die beiden wachsen und gedeihen pr\u00e4chtig! Eala ist eine hingebungsvolle und f\u00fcrsorgliche Mutter! keine Sekunde l\u00e4sst sie die Kleinen aus den Augen Philine genie\u00dft es wieder, mit den Welpen zu kuscheln noch bestehen ihre Tage aus trinken und schlafen 04.08.2015 Wir freuen uns \u00fcber die Geburt unserer I\u00b4s! &hellip; <a href=\"https:\/\/www.mourioche.de\/?page_id=8336\" class=\"more-link\"><span class=\"screen-reader-text\">Eala I-Wurf 1. Woche<\/span> weiterlesen <span class=\"meta-nav\">&rarr;<\/span><\/a><\/p>\n","protected":false},"author":2,"featured_media":0,"parent":8334,"menu_order":2311,"comment_status":"open","ping_status":"open","template":"","meta":{"footnotes":""},"class_list":["post-8336","page","type-page","status-publish","hentry"],"_links":{"self":[{"href":"https:\/\/www.mourioche.de\/index.php?rest_route=\/wp\/v2\/pages\/8336","targetHints":{"allow":["GET"]}}],"collection":[{"href":"https:\/\/www.mourioche.de\/index.php?rest_route=\/wp\/v2\/pages"}],"about":[{"href":"https:\/\/www.mourioche.de\/index.php?rest_route=\/wp\/v2\/types\/page"}],"author":[{"embeddable":true,"href":"https:\/\/www.mourioche.de\/index.php?rest_route=\/wp\/v2\/users\/2"}],"replies":[{"embeddable":true,"href":"https:\/\/www.mourioche.de\/index.php?rest_route=%2Fwp%2Fv2%2Fcomments&post=8336"}],"version-history":[{"count":4,"href":"https:\/\/www.mourioche.de\/index.php?rest_route=\/wp\/v2\/pages\/8336\/revisions"}],"predecessor-version":[{"id":8361,"href":"https:\/\/www.mourioche.de\/index.php?rest_route=\/wp\/v2\/pages\/8336\/revisions\/8361"}],"up":[{"embeddable":true,"href":"https:\/\/www.mourioche.de\/index.php?rest_route=\/wp\/v2\/pages\/8334"}],"wp:attachment":[{"href":"https:\/\/www.mourioche.de\/index.php?rest_route=%2Fwp%2Fv2%2Fmedia&parent=8336"}],"curies":[{"name":"wp","href":"https:\/\/api.w.org\/{rel}","templated":true}]}}