{"id":8442,"date":"2015-08-29T21:37:25","date_gmt":"2015-08-29T19:37:25","guid":{"rendered":"http:\/\/www.mourioche.de\/?page_id=8442"},"modified":"2015-09-01T12:28:07","modified_gmt":"2015-09-01T10:28:07","slug":"ealas-welpen-4-woche","status":"publish","type":"page","link":"https:\/\/www.mourioche.de\/?page_id=8442","title":{"rendered":"Ealas Welpen 4. Woche"},"content":{"rendered":"<p style=\"text-align: center;\"><strong>30.08.2015<\/strong><\/p>\n<p style=\"text-align: center;\"><a href=\"https:\/\/www.mourioche.de\/wpmourio\/wp-content\/uploads\/2015\/08\/arm1.jpg\"><img loading=\"lazy\" decoding=\"async\" class=\"alignnone size-medium wp-image-8461\" src=\"https:\/\/www.mourioche.de\/wpmourio\/wp-content\/uploads\/2015\/08\/arm1-283x300.jpg\" alt=\"arm1\" width=\"283\" height=\"300\" srcset=\"https:\/\/www.mourioche.de\/wpmourio\/wp-content\/uploads\/2015\/08\/arm1-283x300.jpg 283w, https:\/\/www.mourioche.de\/wpmourio\/wp-content\/uploads\/2015\/08\/arm1-141x150.jpg 141w, https:\/\/www.mourioche.de\/wpmourio\/wp-content\/uploads\/2015\/08\/arm1-400x423.jpg 400w, https:\/\/www.mourioche.de\/wpmourio\/wp-content\/uploads\/2015\/08\/arm1.jpg 800w\" sizes=\"auto, (max-width: 283px) 100vw, 283px\" \/><\/a><\/p>\n<p style=\"text-align: center;\">gesucht &#8211; und gefunden!<\/p>\n<p style=\"text-align: center;\"><a href=\"https:\/\/www.mourioche.de\/wpmourio\/wp-content\/uploads\/2015\/08\/bissig1.jpg\"><img loading=\"lazy\" decoding=\"async\" class=\"alignnone size-medium wp-image-8462\" src=\"https:\/\/www.mourioche.de\/wpmourio\/wp-content\/uploads\/2015\/08\/bissig1-300x256.jpg\" alt=\"bissig1\" width=\"300\" height=\"256\" srcset=\"https:\/\/www.mourioche.de\/wpmourio\/wp-content\/uploads\/2015\/08\/bissig1-300x256.jpg 300w, https:\/\/www.mourioche.de\/wpmourio\/wp-content\/uploads\/2015\/08\/bissig1-150x128.jpg 150w, https:\/\/www.mourioche.de\/wpmourio\/wp-content\/uploads\/2015\/08\/bissig1-400x341.jpg 400w, https:\/\/www.mourioche.de\/wpmourio\/wp-content\/uploads\/2015\/08\/bissig1.jpg 800w\" sizes=\"auto, (max-width: 300px) 100vw, 300px\" \/><\/a><\/p>\n<p style=\"text-align: center;\">oh, bissig &#8211; ob ich ihn mit Maulkorb abgeben muss? \ud83d\ude09<\/p>\n<p style=\"text-align: center;\"><a href=\"https:\/\/www.mourioche.de\/wpmourio\/wp-content\/uploads\/2015\/08\/ilmare16.jpg\"><img loading=\"lazy\" decoding=\"async\" class=\"alignnone size-medium wp-image-8463\" src=\"https:\/\/www.mourioche.de\/wpmourio\/wp-content\/uploads\/2015\/08\/ilmare16-300x199.jpg\" alt=\"ilmare1\" width=\"300\" height=\"199\" srcset=\"https:\/\/www.mourioche.de\/wpmourio\/wp-content\/uploads\/2015\/08\/ilmare16-300x199.jpg 300w, https:\/\/www.mourioche.de\/wpmourio\/wp-content\/uploads\/2015\/08\/ilmare16-150x99.jpg 150w, https:\/\/www.mourioche.de\/wpmourio\/wp-content\/uploads\/2015\/08\/ilmare16-400x266.jpg 400w, https:\/\/www.mourioche.de\/wpmourio\/wp-content\/uploads\/2015\/08\/ilmare16.jpg 800w\" sizes=\"auto, (max-width: 300px) 100vw, 300px\" \/><\/a><\/p>\n<p style=\"text-align: center;\">\n<p style=\"text-align: center;\"><a href=\"https:\/\/www.mourioche.de\/wpmourio\/wp-content\/uploads\/2015\/08\/ilmare23.jpg\"><img loading=\"lazy\" decoding=\"async\" class=\"alignnone size-medium wp-image-8465\" src=\"https:\/\/www.mourioche.de\/wpmourio\/wp-content\/uploads\/2015\/08\/ilmare23-300x260.jpg\" alt=\"ilmare2\" width=\"300\" height=\"260\" srcset=\"https:\/\/www.mourioche.de\/wpmourio\/wp-content\/uploads\/2015\/08\/ilmare23-300x260.jpg 300w, https:\/\/www.mourioche.de\/wpmourio\/wp-content\/uploads\/2015\/08\/ilmare23-150x130.jpg 150w, https:\/\/www.mourioche.de\/wpmourio\/wp-content\/uploads\/2015\/08\/ilmare23-400x347.jpg 400w, https:\/\/www.mourioche.de\/wpmourio\/wp-content\/uploads\/2015\/08\/ilmare23.jpg 800w\" sizes=\"auto, (max-width: 300px) 100vw, 300px\" \/><\/a><\/p>\n<p style=\"text-align: center;\"><a href=\"https:\/\/www.mourioche.de\/wpmourio\/wp-content\/uploads\/2015\/08\/isildur16.jpg\"><img loading=\"lazy\" decoding=\"async\" class=\"alignnone size-medium wp-image-8466\" src=\"https:\/\/www.mourioche.de\/wpmourio\/wp-content\/uploads\/2015\/08\/isildur16-300x180.jpg\" alt=\"isildur1\" width=\"300\" height=\"180\" srcset=\"https:\/\/www.mourioche.de\/wpmourio\/wp-content\/uploads\/2015\/08\/isildur16-300x180.jpg 300w, https:\/\/www.mourioche.de\/wpmourio\/wp-content\/uploads\/2015\/08\/isildur16-150x90.jpg 150w, https:\/\/www.mourioche.de\/wpmourio\/wp-content\/uploads\/2015\/08\/isildur16-400x240.jpg 400w, https:\/\/www.mourioche.de\/wpmourio\/wp-content\/uploads\/2015\/08\/isildur16.jpg 800w\" sizes=\"auto, (max-width: 300px) 100vw, 300px\" \/><\/a><\/p>\n<p style=\"text-align: center;\">das Interesse ist auf beiden Seiten gro\u00df!<\/p>\n<p style=\"text-align: center;\"><a href=\"https:\/\/www.mourioche.de\/wpmourio\/wp-content\/uploads\/2015\/08\/spiel11.jpg\"><img loading=\"lazy\" decoding=\"async\" class=\"alignnone size-medium wp-image-8467\" src=\"https:\/\/www.mourioche.de\/wpmourio\/wp-content\/uploads\/2015\/08\/spiel11-300x170.jpg\" alt=\"spiel1\" width=\"300\" height=\"170\" srcset=\"https:\/\/www.mourioche.de\/wpmourio\/wp-content\/uploads\/2015\/08\/spiel11-300x170.jpg 300w, https:\/\/www.mourioche.de\/wpmourio\/wp-content\/uploads\/2015\/08\/spiel11-150x85.jpg 150w, https:\/\/www.mourioche.de\/wpmourio\/wp-content\/uploads\/2015\/08\/spiel11-400x227.jpg 400w, https:\/\/www.mourioche.de\/wpmourio\/wp-content\/uploads\/2015\/08\/spiel11.jpg 800w\" sizes=\"auto, (max-width: 300px) 100vw, 300px\" \/><\/a><\/p>\n<p style=\"text-align: center;\">bissig, ich sag\u00b4s ja! Da kann man auch mal der Schwester ein Ohr abkauen&#8230;<\/p>\n<p style=\"text-align: center;\"><strong>29.08.2015<\/strong><\/p>\n<p style=\"text-align: center;\">Unser Dream-Team wird t\u00e4glich mobiler, wann immer das Wetter es zul\u00e4sst, unternehmen wir &#8222;Ausfl\u00fcge&#8220; in unseren Garten.<\/p>\n<p style=\"text-align: center;\"><a href=\"https:\/\/www.mourioche.de\/wpmourio\/wp-content\/uploads\/2015\/08\/dasda1.jpg\"><img loading=\"lazy\" decoding=\"async\" class=\"alignnone size-medium wp-image-8443\" src=\"https:\/\/www.mourioche.de\/wpmourio\/wp-content\/uploads\/2015\/08\/dasda1-300x199.jpg\" alt=\"dasda1\" width=\"300\" height=\"199\" srcset=\"https:\/\/www.mourioche.de\/wpmourio\/wp-content\/uploads\/2015\/08\/dasda1-300x199.jpg 300w, https:\/\/www.mourioche.de\/wpmourio\/wp-content\/uploads\/2015\/08\/dasda1-150x99.jpg 150w, https:\/\/www.mourioche.de\/wpmourio\/wp-content\/uploads\/2015\/08\/dasda1-400x266.jpg 400w, https:\/\/www.mourioche.de\/wpmourio\/wp-content\/uploads\/2015\/08\/dasda1.jpg 800w\" sizes=\"auto, (max-width: 300px) 100vw, 300px\" \/><\/a><\/p>\n<p style=\"text-align: center;\">Das Da ist eine gro\u00dfartige Tante!<\/p>\n<p style=\"text-align: center;\"><a href=\"https:\/\/www.mourioche.de\/wpmourio\/wp-content\/uploads\/2015\/08\/dasda2.jpg\"><img loading=\"lazy\" decoding=\"async\" class=\"alignnone size-medium wp-image-8444\" src=\"https:\/\/www.mourioche.de\/wpmourio\/wp-content\/uploads\/2015\/08\/dasda2-300x162.jpg\" alt=\"dasda2\" width=\"300\" height=\"162\" srcset=\"https:\/\/www.mourioche.de\/wpmourio\/wp-content\/uploads\/2015\/08\/dasda2-300x162.jpg 300w, https:\/\/www.mourioche.de\/wpmourio\/wp-content\/uploads\/2015\/08\/dasda2-150x81.jpg 150w, https:\/\/www.mourioche.de\/wpmourio\/wp-content\/uploads\/2015\/08\/dasda2-400x216.jpg 400w, https:\/\/www.mourioche.de\/wpmourio\/wp-content\/uploads\/2015\/08\/dasda2.jpg 800w\" sizes=\"auto, (max-width: 300px) 100vw, 300px\" \/><\/a><\/p>\n<p style=\"text-align: center;\">sie liebt es, mit den beiden zu kuscheln und vorsichtig mit ihnen zu spielen&#8230;<\/p>\n<p style=\"text-align: center;\"><a href=\"https:\/\/www.mourioche.de\/wpmourio\/wp-content\/uploads\/2015\/08\/eala13.jpg\"><img loading=\"lazy\" decoding=\"async\" class=\"alignnone size-medium wp-image-8445\" src=\"https:\/\/www.mourioche.de\/wpmourio\/wp-content\/uploads\/2015\/08\/eala13-300x199.jpg\" alt=\"eala1\" width=\"300\" height=\"199\" srcset=\"https:\/\/www.mourioche.de\/wpmourio\/wp-content\/uploads\/2015\/08\/eala13-300x199.jpg 300w, https:\/\/www.mourioche.de\/wpmourio\/wp-content\/uploads\/2015\/08\/eala13-150x99.jpg 150w, https:\/\/www.mourioche.de\/wpmourio\/wp-content\/uploads\/2015\/08\/eala13-400x266.jpg 400w, https:\/\/www.mourioche.de\/wpmourio\/wp-content\/uploads\/2015\/08\/eala13.jpg 800w\" sizes=\"auto, (max-width: 300px) 100vw, 300px\" \/><\/a><\/p>\n<p style=\"text-align: center;\">das klappt aber nur, wenn Mama Eala mal nicht aufpasst!<\/p>\n<p style=\"text-align: center;\"><a href=\"https:\/\/www.mourioche.de\/wpmourio\/wp-content\/uploads\/2015\/08\/eala21.jpg\"><img loading=\"lazy\" decoding=\"async\" class=\"alignnone size-medium wp-image-8446\" src=\"https:\/\/www.mourioche.de\/wpmourio\/wp-content\/uploads\/2015\/08\/eala21-300x199.jpg\" alt=\"eala2\" width=\"300\" height=\"199\" srcset=\"https:\/\/www.mourioche.de\/wpmourio\/wp-content\/uploads\/2015\/08\/eala21-300x199.jpg 300w, https:\/\/www.mourioche.de\/wpmourio\/wp-content\/uploads\/2015\/08\/eala21-150x99.jpg 150w, https:\/\/www.mourioche.de\/wpmourio\/wp-content\/uploads\/2015\/08\/eala21-400x266.jpg 400w, https:\/\/www.mourioche.de\/wpmourio\/wp-content\/uploads\/2015\/08\/eala21.jpg 800w\" sizes=\"auto, (max-width: 300px) 100vw, 300px\" \/><\/a><\/p>\n<p style=\"text-align: center;\">Picknick im Gr\u00fcnen<\/p>\n<p style=\"text-align: center;\"><a href=\"https:\/\/www.mourioche.de\/wpmourio\/wp-content\/uploads\/2015\/08\/ilmare15.jpg\"><img loading=\"lazy\" decoding=\"async\" class=\"alignnone size-medium wp-image-8447\" src=\"https:\/\/www.mourioche.de\/wpmourio\/wp-content\/uploads\/2015\/08\/ilmare15-300x199.jpg\" alt=\"ilmare1\" width=\"300\" height=\"199\" srcset=\"https:\/\/www.mourioche.de\/wpmourio\/wp-content\/uploads\/2015\/08\/ilmare15-300x199.jpg 300w, https:\/\/www.mourioche.de\/wpmourio\/wp-content\/uploads\/2015\/08\/ilmare15-150x99.jpg 150w, https:\/\/www.mourioche.de\/wpmourio\/wp-content\/uploads\/2015\/08\/ilmare15-400x266.jpg 400w, https:\/\/www.mourioche.de\/wpmourio\/wp-content\/uploads\/2015\/08\/ilmare15.jpg 800w\" sizes=\"auto, (max-width: 300px) 100vw, 300px\" \/><\/a><\/p>\n<p style=\"text-align: center;\"><a href=\"https:\/\/www.mourioche.de\/wpmourio\/wp-content\/uploads\/2015\/08\/ilmare22.jpg\"><img loading=\"lazy\" decoding=\"async\" class=\"alignnone size-medium wp-image-8448\" src=\"https:\/\/www.mourioche.de\/wpmourio\/wp-content\/uploads\/2015\/08\/ilmare22-300x199.jpg\" alt=\"ilmare2\" width=\"300\" height=\"199\" srcset=\"https:\/\/www.mourioche.de\/wpmourio\/wp-content\/uploads\/2015\/08\/ilmare22-300x199.jpg 300w, https:\/\/www.mourioche.de\/wpmourio\/wp-content\/uploads\/2015\/08\/ilmare22-150x99.jpg 150w, https:\/\/www.mourioche.de\/wpmourio\/wp-content\/uploads\/2015\/08\/ilmare22-400x266.jpg 400w, https:\/\/www.mourioche.de\/wpmourio\/wp-content\/uploads\/2015\/08\/ilmare22.jpg 800w\" sizes=\"auto, (max-width: 300px) 100vw, 300px\" \/><\/a><\/p>\n<p style=\"text-align: center;\"><a href=\"https:\/\/www.mourioche.de\/wpmourio\/wp-content\/uploads\/2015\/08\/ilmare31.jpg\"><img loading=\"lazy\" decoding=\"async\" class=\"alignnone size-medium wp-image-8449\" src=\"https:\/\/www.mourioche.de\/wpmourio\/wp-content\/uploads\/2015\/08\/ilmare31-300x168.jpg\" alt=\"ilmare3\" width=\"300\" height=\"168\" srcset=\"https:\/\/www.mourioche.de\/wpmourio\/wp-content\/uploads\/2015\/08\/ilmare31-300x168.jpg 300w, https:\/\/www.mourioche.de\/wpmourio\/wp-content\/uploads\/2015\/08\/ilmare31-150x84.jpg 150w, https:\/\/www.mourioche.de\/wpmourio\/wp-content\/uploads\/2015\/08\/ilmare31-400x224.jpg 400w, https:\/\/www.mourioche.de\/wpmourio\/wp-content\/uploads\/2015\/08\/ilmare31.jpg 800w\" sizes=\"auto, (max-width: 300px) 100vw, 300px\" \/><\/a><\/p>\n<p style=\"text-align: center;\"><a href=\"https:\/\/www.mourioche.de\/wpmourio\/wp-content\/uploads\/2015\/08\/ilmare41.jpg\"><img loading=\"lazy\" decoding=\"async\" class=\"alignnone size-medium wp-image-8450\" src=\"https:\/\/www.mourioche.de\/wpmourio\/wp-content\/uploads\/2015\/08\/ilmare41-300x199.jpg\" alt=\"ilmare4\" width=\"300\" height=\"199\" srcset=\"https:\/\/www.mourioche.de\/wpmourio\/wp-content\/uploads\/2015\/08\/ilmare41-300x199.jpg 300w, https:\/\/www.mourioche.de\/wpmourio\/wp-content\/uploads\/2015\/08\/ilmare41-150x99.jpg 150w, https:\/\/www.mourioche.de\/wpmourio\/wp-content\/uploads\/2015\/08\/ilmare41-400x266.jpg 400w, https:\/\/www.mourioche.de\/wpmourio\/wp-content\/uploads\/2015\/08\/ilmare41.jpg 800w\" sizes=\"auto, (max-width: 300px) 100vw, 300px\" \/><\/a><\/p>\n<p style=\"text-align: center;\"><a href=\"https:\/\/www.mourioche.de\/wpmourio\/wp-content\/uploads\/2015\/08\/isildur15.jpg\"><img loading=\"lazy\" decoding=\"async\" class=\"alignnone size-medium wp-image-8451\" src=\"https:\/\/www.mourioche.de\/wpmourio\/wp-content\/uploads\/2015\/08\/isildur15-300x297.jpg\" alt=\"isildur1\" width=\"300\" height=\"297\" srcset=\"https:\/\/www.mourioche.de\/wpmourio\/wp-content\/uploads\/2015\/08\/isildur15-300x297.jpg 300w, https:\/\/www.mourioche.de\/wpmourio\/wp-content\/uploads\/2015\/08\/isildur15-150x148.jpg 150w, https:\/\/www.mourioche.de\/wpmourio\/wp-content\/uploads\/2015\/08\/isildur15-400x396.jpg 400w, https:\/\/www.mourioche.de\/wpmourio\/wp-content\/uploads\/2015\/08\/isildur15-144x144.jpg 144w, https:\/\/www.mourioche.de\/wpmourio\/wp-content\/uploads\/2015\/08\/isildur15.jpg 800w\" sizes=\"auto, (max-width: 300px) 100vw, 300px\" \/><\/a><\/p>\n<p style=\"text-align: center;\"><a href=\"https:\/\/www.mourioche.de\/wpmourio\/wp-content\/uploads\/2015\/08\/isildur24.jpg\"><img loading=\"lazy\" decoding=\"async\" class=\"alignnone size-medium wp-image-8452\" src=\"https:\/\/www.mourioche.de\/wpmourio\/wp-content\/uploads\/2015\/08\/isildur24-300x199.jpg\" alt=\"isildur2\" width=\"300\" height=\"199\" srcset=\"https:\/\/www.mourioche.de\/wpmourio\/wp-content\/uploads\/2015\/08\/isildur24-300x199.jpg 300w, https:\/\/www.mourioche.de\/wpmourio\/wp-content\/uploads\/2015\/08\/isildur24-150x99.jpg 150w, https:\/\/www.mourioche.de\/wpmourio\/wp-content\/uploads\/2015\/08\/isildur24-400x266.jpg 400w, https:\/\/www.mourioche.de\/wpmourio\/wp-content\/uploads\/2015\/08\/isildur24.jpg 800w\" sizes=\"auto, (max-width: 300px) 100vw, 300px\" \/><\/a><\/p>\n<p style=\"text-align: center;\"><a href=\"https:\/\/www.mourioche.de\/wpmourio\/wp-content\/uploads\/2015\/08\/isildur32.jpg\"><img loading=\"lazy\" decoding=\"async\" class=\"alignnone size-medium wp-image-8453\" src=\"https:\/\/www.mourioche.de\/wpmourio\/wp-content\/uploads\/2015\/08\/isildur32-300x199.jpg\" alt=\"isildur3\" width=\"300\" height=\"199\" srcset=\"https:\/\/www.mourioche.de\/wpmourio\/wp-content\/uploads\/2015\/08\/isildur32-300x199.jpg 300w, https:\/\/www.mourioche.de\/wpmourio\/wp-content\/uploads\/2015\/08\/isildur32-150x99.jpg 150w, https:\/\/www.mourioche.de\/wpmourio\/wp-content\/uploads\/2015\/08\/isildur32-400x266.jpg 400w, https:\/\/www.mourioche.de\/wpmourio\/wp-content\/uploads\/2015\/08\/isildur32.jpg 800w\" sizes=\"auto, (max-width: 300px) 100vw, 300px\" \/><\/a><\/p>\n<p style=\"text-align: center;\"><a href=\"https:\/\/www.mourioche.de\/wpmourio\/wp-content\/uploads\/2015\/08\/isildur4.jpg\"><img loading=\"lazy\" decoding=\"async\" class=\"alignnone size-medium wp-image-8455\" src=\"https:\/\/www.mourioche.de\/wpmourio\/wp-content\/uploads\/2015\/08\/isildur4-300x284.jpg\" alt=\"isildur4\" width=\"300\" height=\"284\" srcset=\"https:\/\/www.mourioche.de\/wpmourio\/wp-content\/uploads\/2015\/08\/isildur4-300x284.jpg 300w, https:\/\/www.mourioche.de\/wpmourio\/wp-content\/uploads\/2015\/08\/isildur4-150x142.jpg 150w, https:\/\/www.mourioche.de\/wpmourio\/wp-content\/uploads\/2015\/08\/isildur4-400x379.jpg 400w, https:\/\/www.mourioche.de\/wpmourio\/wp-content\/uploads\/2015\/08\/isildur4.jpg 800w\" sizes=\"auto, (max-width: 300px) 100vw, 300px\" \/><\/a><\/p>\n<p style=\"text-align: center;\"><a href=\"https:\/\/www.mourioche.de\/wpmourio\/wp-content\/uploads\/2015\/08\/neugier1.jpg\"><img loading=\"lazy\" decoding=\"async\" class=\"alignnone size-medium wp-image-8456\" src=\"https:\/\/www.mourioche.de\/wpmourio\/wp-content\/uploads\/2015\/08\/neugier1-300x286.jpg\" alt=\"neugier1\" width=\"300\" height=\"286\" srcset=\"https:\/\/www.mourioche.de\/wpmourio\/wp-content\/uploads\/2015\/08\/neugier1-300x286.jpg 300w, https:\/\/www.mourioche.de\/wpmourio\/wp-content\/uploads\/2015\/08\/neugier1-150x143.jpg 150w, https:\/\/www.mourioche.de\/wpmourio\/wp-content\/uploads\/2015\/08\/neugier1-400x381.jpg 400w, https:\/\/www.mourioche.de\/wpmourio\/wp-content\/uploads\/2015\/08\/neugier1.jpg 800w\" sizes=\"auto, (max-width: 300px) 100vw, 300px\" \/><\/a><\/p>\n<p style=\"text-align: center;\"><a href=\"https:\/\/www.mourioche.de\/wpmourio\/wp-content\/uploads\/2015\/08\/zwei14.jpg\"><img loading=\"lazy\" decoding=\"async\" class=\"alignnone size-medium wp-image-8457\" src=\"https:\/\/www.mourioche.de\/wpmourio\/wp-content\/uploads\/2015\/08\/zwei14-300x156.jpg\" alt=\"zwei1\" width=\"300\" height=\"156\" srcset=\"https:\/\/www.mourioche.de\/wpmourio\/wp-content\/uploads\/2015\/08\/zwei14-300x156.jpg 300w, https:\/\/www.mourioche.de\/wpmourio\/wp-content\/uploads\/2015\/08\/zwei14-150x78.jpg 150w, https:\/\/www.mourioche.de\/wpmourio\/wp-content\/uploads\/2015\/08\/zwei14-400x208.jpg 400w, https:\/\/www.mourioche.de\/wpmourio\/wp-content\/uploads\/2015\/08\/zwei14.jpg 800w\" sizes=\"auto, (max-width: 300px) 100vw, 300px\" \/><\/a><\/p>\n","protected":false},"excerpt":{"rendered":"<p>30.08.2015 gesucht &#8211; und gefunden! oh, bissig &#8211; ob ich ihn mit Maulkorb abgeben muss? \ud83d\ude09 das Interesse ist auf beiden Seiten gro\u00df! bissig, ich sag\u00b4s ja! Da kann man auch mal der Schwester ein Ohr abkauen&#8230; 29.08.2015 Unser Dream-Team wird t\u00e4glich mobiler, wann immer das Wetter es zul\u00e4sst, unternehmen wir &#8222;Ausfl\u00fcge&#8220; in unseren Garten. &hellip; <a href=\"https:\/\/www.mourioche.de\/?page_id=8442\" class=\"more-link\"><span class=\"screen-reader-text\">Ealas Welpen 4. Woche<\/span> weiterlesen <span class=\"meta-nav\">&rarr;<\/span><\/a><\/p>\n","protected":false},"author":2,"featured_media":0,"parent":8334,"menu_order":2314,"comment_status":"open","ping_status":"open","template":"","meta":{"footnotes":""},"class_list":["post-8442","page","type-page","status-publish","hentry"],"_links":{"self":[{"href":"https:\/\/www.mourioche.de\/index.php?rest_route=\/wp\/v2\/pages\/8442","targetHints":{"allow":["GET"]}}],"collection":[{"href":"https:\/\/www.mourioche.de\/index.php?rest_route=\/wp\/v2\/pages"}],"about":[{"href":"https:\/\/www.mourioche.de\/index.php?rest_route=\/wp\/v2\/types\/page"}],"author":[{"embeddable":true,"href":"https:\/\/www.mourioche.de\/index.php?rest_route=\/wp\/v2\/users\/2"}],"replies":[{"embeddable":true,"href":"https:\/\/www.mourioche.de\/index.php?rest_route=%2Fwp%2Fv2%2Fcomments&post=8442"}],"version-history":[{"count":3,"href":"https:\/\/www.mourioche.de\/index.php?rest_route=\/wp\/v2\/pages\/8442\/revisions"}],"predecessor-version":[{"id":8468,"href":"https:\/\/www.mourioche.de\/index.php?rest_route=\/wp\/v2\/pages\/8442\/revisions\/8468"}],"up":[{"embeddable":true,"href":"https:\/\/www.mourioche.de\/index.php?rest_route=\/wp\/v2\/pages\/8334"}],"wp:attachment":[{"href":"https:\/\/www.mourioche.de\/index.php?rest_route=%2Fwp%2Fv2%2Fmedia&parent=8442"}],"curies":[{"name":"wp","href":"https:\/\/api.w.org\/{rel}","templated":true}]}}