{"id":8473,"date":"2015-09-02T16:07:38","date_gmt":"2015-09-02T14:07:38","guid":{"rendered":"http:\/\/www.mourioche.de\/?page_id=8473"},"modified":"2015-09-02T16:07:38","modified_gmt":"2015-09-02T14:07:38","slug":"ealas-i-wurf-5-woche","status":"publish","type":"page","link":"https:\/\/www.mourioche.de\/?page_id=8473","title":{"rendered":"Ealas I-Wurf 5. Woche"},"content":{"rendered":"<p style=\"text-align: center;\"><strong>02.09.2015<\/strong><\/p>\n<p style=\"text-align: center;\">Unsere I\u00b4s wachsen und gedeihen, t\u00e4glich werden sie mobiler und unternehmen schon selbst\u00e4ndig Ausfl\u00fcge in den Garten (unter Aufsicht, versteht sich!). Die angenehmen Temperaturen und das sonnige Wetter nutzen wir f\u00fcr den ersten Ausflug in den nahe gelegenen Wald.<\/p>\n<p style=\"text-align: center;\"><img loading=\"lazy\" decoding=\"async\" class=\"alignnone size-medium wp-image-8484\" src=\"https:\/\/www.mourioche.de\/wpmourio\/wp-content\/uploads\/2015\/09\/zwei1-300x199.jpg\" alt=\"zwei1\" width=\"300\" height=\"199\" srcset=\"https:\/\/www.mourioche.de\/wpmourio\/wp-content\/uploads\/2015\/09\/zwei1-300x199.jpg 300w, https:\/\/www.mourioche.de\/wpmourio\/wp-content\/uploads\/2015\/09\/zwei1-150x99.jpg 150w, https:\/\/www.mourioche.de\/wpmourio\/wp-content\/uploads\/2015\/09\/zwei1-400x266.jpg 400w, https:\/\/www.mourioche.de\/wpmourio\/wp-content\/uploads\/2015\/09\/zwei1.jpg 800w\" sizes=\"auto, (max-width: 300px) 100vw, 300px\" \/><\/p>\n<p style=\"text-align: center;\">los, auf, beweg Dich! Hier gibt es soooo viel zu sehen!<\/p>\n<p style=\"text-align: center;\"><a href=\"https:\/\/www.mourioche.de\/wpmourio\/wp-content\/uploads\/2015\/09\/guck1.jpg\"><img loading=\"lazy\" decoding=\"async\" class=\"alignnone size-medium wp-image-8474\" src=\"https:\/\/www.mourioche.de\/wpmourio\/wp-content\/uploads\/2015\/09\/guck1-221x300.jpg\" alt=\"guck1\" width=\"221\" height=\"300\" srcset=\"https:\/\/www.mourioche.de\/wpmourio\/wp-content\/uploads\/2015\/09\/guck1-221x300.jpg 221w, https:\/\/www.mourioche.de\/wpmourio\/wp-content\/uploads\/2015\/09\/guck1-755x1024.jpg 755w, https:\/\/www.mourioche.de\/wpmourio\/wp-content\/uploads\/2015\/09\/guck1-110x150.jpg 110w, https:\/\/www.mourioche.de\/wpmourio\/wp-content\/uploads\/2015\/09\/guck1-400x542.jpg 400w, https:\/\/www.mourioche.de\/wpmourio\/wp-content\/uploads\/2015\/09\/guck1.jpg 800w\" sizes=\"auto, (max-width: 221px) 100vw, 221px\" \/><\/a><\/p>\n<p style=\"text-align: center;\">Ui! So sieht die Welt aus?<\/p>\n<p style=\"text-align: center;\"><a href=\"https:\/\/www.mourioche.de\/wpmourio\/wp-content\/uploads\/2015\/09\/ilma1.jpg\"><img loading=\"lazy\" decoding=\"async\" class=\"alignnone size-medium wp-image-8475\" src=\"https:\/\/www.mourioche.de\/wpmourio\/wp-content\/uploads\/2015\/09\/ilma1-300x235.jpg\" alt=\"ilma1\" width=\"300\" height=\"235\" srcset=\"https:\/\/www.mourioche.de\/wpmourio\/wp-content\/uploads\/2015\/09\/ilma1-300x235.jpg 300w, https:\/\/www.mourioche.de\/wpmourio\/wp-content\/uploads\/2015\/09\/ilma1-150x117.jpg 150w, https:\/\/www.mourioche.de\/wpmourio\/wp-content\/uploads\/2015\/09\/ilma1-400x313.jpg 400w, https:\/\/www.mourioche.de\/wpmourio\/wp-content\/uploads\/2015\/09\/ilma1.jpg 800w\" sizes=\"auto, (max-width: 300px) 100vw, 300px\" \/><\/a><\/p>\n<p style=\"text-align: center;\">sieht anders aus, f\u00fchlt sich anders an, riecht anders<\/p>\n<p style=\"text-align: center;\"><a href=\"https:\/\/www.mourioche.de\/wpmourio\/wp-content\/uploads\/2015\/09\/ilma2.jpg\"><img loading=\"lazy\" decoding=\"async\" class=\"alignnone size-medium wp-image-8476\" src=\"https:\/\/www.mourioche.de\/wpmourio\/wp-content\/uploads\/2015\/09\/ilma2-200x300.jpg\" alt=\"ilma2\" width=\"200\" height=\"300\" srcset=\"https:\/\/www.mourioche.de\/wpmourio\/wp-content\/uploads\/2015\/09\/ilma2-200x300.jpg 200w, https:\/\/www.mourioche.de\/wpmourio\/wp-content\/uploads\/2015\/09\/ilma2-682x1024.jpg 682w, https:\/\/www.mourioche.de\/wpmourio\/wp-content\/uploads\/2015\/09\/ilma2-100x150.jpg 100w, https:\/\/www.mourioche.de\/wpmourio\/wp-content\/uploads\/2015\/09\/ilma2-400x600.jpg 400w, https:\/\/www.mourioche.de\/wpmourio\/wp-content\/uploads\/2015\/09\/ilma2.jpg 800w\" sizes=\"auto, (max-width: 200px) 100vw, 200px\" \/><\/a><\/p>\n<p style=\"text-align: center;\">so viele neue Eindr\u00fccke!<\/p>\n<p style=\"text-align: center;\"><a href=\"https:\/\/www.mourioche.de\/wpmourio\/wp-content\/uploads\/2015\/09\/isil1.jpg\"><img loading=\"lazy\" decoding=\"async\" class=\"alignnone size-medium wp-image-8477\" src=\"https:\/\/www.mourioche.de\/wpmourio\/wp-content\/uploads\/2015\/09\/isil1-208x300.jpg\" alt=\"isil1\" width=\"208\" height=\"300\" srcset=\"https:\/\/www.mourioche.de\/wpmourio\/wp-content\/uploads\/2015\/09\/isil1-208x300.jpg 208w, https:\/\/www.mourioche.de\/wpmourio\/wp-content\/uploads\/2015\/09\/isil1-712x1024.jpg 712w, https:\/\/www.mourioche.de\/wpmourio\/wp-content\/uploads\/2015\/09\/isil1-104x150.jpg 104w, https:\/\/www.mourioche.de\/wpmourio\/wp-content\/uploads\/2015\/09\/isil1-400x575.jpg 400w, https:\/\/www.mourioche.de\/wpmourio\/wp-content\/uploads\/2015\/09\/isil1.jpg 800w\" sizes=\"auto, (max-width: 208px) 100vw, 208px\" \/><\/a><\/p>\n<p style=\"text-align: center;\">alles wird genau beobachtet<\/p>\n<p style=\"text-align: center;\"><a href=\"https:\/\/www.mourioche.de\/wpmourio\/wp-content\/uploads\/2015\/09\/kopf1.jpg\"><img loading=\"lazy\" decoding=\"async\" class=\"alignnone size-medium wp-image-8478\" src=\"https:\/\/www.mourioche.de\/wpmourio\/wp-content\/uploads\/2015\/09\/kopf1-227x300.jpg\" alt=\"kopf1\" width=\"227\" height=\"300\" srcset=\"https:\/\/www.mourioche.de\/wpmourio\/wp-content\/uploads\/2015\/09\/kopf1-227x300.jpg 227w, https:\/\/www.mourioche.de\/wpmourio\/wp-content\/uploads\/2015\/09\/kopf1-777x1024.jpg 777w, https:\/\/www.mourioche.de\/wpmourio\/wp-content\/uploads\/2015\/09\/kopf1-113x150.jpg 113w, https:\/\/www.mourioche.de\/wpmourio\/wp-content\/uploads\/2015\/09\/kopf1-400x527.jpg 400w, https:\/\/www.mourioche.de\/wpmourio\/wp-content\/uploads\/2015\/09\/kopf1.jpg 800w\" sizes=\"auto, (max-width: 227px) 100vw, 227px\" \/><\/a><\/p>\n<p style=\"text-align: center;\"><a href=\"https:\/\/www.mourioche.de\/wpmourio\/wp-content\/uploads\/2015\/09\/phi1.jpg\"><img loading=\"lazy\" decoding=\"async\" class=\"alignnone size-medium wp-image-8479\" src=\"https:\/\/www.mourioche.de\/wpmourio\/wp-content\/uploads\/2015\/09\/phi1-213x300.jpg\" alt=\"phi1\" width=\"213\" height=\"300\" srcset=\"https:\/\/www.mourioche.de\/wpmourio\/wp-content\/uploads\/2015\/09\/phi1-213x300.jpg 213w, https:\/\/www.mourioche.de\/wpmourio\/wp-content\/uploads\/2015\/09\/phi1-727x1024.jpg 727w, https:\/\/www.mourioche.de\/wpmourio\/wp-content\/uploads\/2015\/09\/phi1-106x150.jpg 106w, https:\/\/www.mourioche.de\/wpmourio\/wp-content\/uploads\/2015\/09\/phi1-400x563.jpg 400w, https:\/\/www.mourioche.de\/wpmourio\/wp-content\/uploads\/2015\/09\/phi1.jpg 800w\" sizes=\"auto, (max-width: 213px) 100vw, 213px\" \/><\/a><\/p>\n<p style=\"text-align: center;\">Philine darf nat\u00fcrlich nicht fehlen!<\/p>\n<p style=\"text-align: center;\"><a href=\"https:\/\/www.mourioche.de\/wpmourio\/wp-content\/uploads\/2015\/09\/phi2.jpg\"><img loading=\"lazy\" decoding=\"async\" class=\"alignnone size-medium wp-image-8480\" src=\"https:\/\/www.mourioche.de\/wpmourio\/wp-content\/uploads\/2015\/09\/phi2-202x300.jpg\" alt=\"phi2\" width=\"202\" height=\"300\" srcset=\"https:\/\/www.mourioche.de\/wpmourio\/wp-content\/uploads\/2015\/09\/phi2-202x300.jpg 202w, https:\/\/www.mourioche.de\/wpmourio\/wp-content\/uploads\/2015\/09\/phi2-691x1024.jpg 691w, https:\/\/www.mourioche.de\/wpmourio\/wp-content\/uploads\/2015\/09\/phi2-101x150.jpg 101w, https:\/\/www.mourioche.de\/wpmourio\/wp-content\/uploads\/2015\/09\/phi2-400x592.jpg 400w, https:\/\/www.mourioche.de\/wpmourio\/wp-content\/uploads\/2015\/09\/phi2.jpg 800w\" sizes=\"auto, (max-width: 202px) 100vw, 202px\" \/><\/a><\/p>\n<p style=\"text-align: center;\">\n<p style=\"text-align: center;\"><a href=\"https:\/\/www.mourioche.de\/wpmourio\/wp-content\/uploads\/2015\/09\/phi3.jpg\"><img loading=\"lazy\" decoding=\"async\" class=\"alignnone size-medium wp-image-8481\" src=\"https:\/\/www.mourioche.de\/wpmourio\/wp-content\/uploads\/2015\/09\/phi3-250x300.jpg\" alt=\"phi3\" width=\"250\" height=\"300\" srcset=\"https:\/\/www.mourioche.de\/wpmourio\/wp-content\/uploads\/2015\/09\/phi3-250x300.jpg 250w, https:\/\/www.mourioche.de\/wpmourio\/wp-content\/uploads\/2015\/09\/phi3-125x150.jpg 125w, https:\/\/www.mourioche.de\/wpmourio\/wp-content\/uploads\/2015\/09\/phi3-400x479.jpg 400w, https:\/\/www.mourioche.de\/wpmourio\/wp-content\/uploads\/2015\/09\/phi3.jpg 800w\" sizes=\"auto, (max-width: 250px) 100vw, 250px\" \/><\/a><\/p>\n<p style=\"text-align: center;\"><a href=\"https:\/\/www.mourioche.de\/wpmourio\/wp-content\/uploads\/2015\/09\/sitz1.jpg\"><img loading=\"lazy\" decoding=\"async\" class=\"alignnone size-medium wp-image-8482\" src=\"https:\/\/www.mourioche.de\/wpmourio\/wp-content\/uploads\/2015\/09\/sitz1-300x253.jpg\" alt=\"sitz1\" width=\"300\" height=\"253\" srcset=\"https:\/\/www.mourioche.de\/wpmourio\/wp-content\/uploads\/2015\/09\/sitz1-300x253.jpg 300w, https:\/\/www.mourioche.de\/wpmourio\/wp-content\/uploads\/2015\/09\/sitz1-150x126.jpg 150w, https:\/\/www.mourioche.de\/wpmourio\/wp-content\/uploads\/2015\/09\/sitz1-400x338.jpg 400w, https:\/\/www.mourioche.de\/wpmourio\/wp-content\/uploads\/2015\/09\/sitz1.jpg 800w\" sizes=\"auto, (max-width: 300px) 100vw, 300px\" \/><\/a><\/p>\n<p style=\"text-align: center;\">wohin gehen wir jetzt?<\/p>\n<p style=\"text-align: center;\"><a href=\"https:\/\/www.mourioche.de\/wpmourio\/wp-content\/uploads\/2015\/09\/zusammen1.jpg\"><img loading=\"lazy\" decoding=\"async\" class=\"alignnone size-medium wp-image-8483\" src=\"https:\/\/www.mourioche.de\/wpmourio\/wp-content\/uploads\/2015\/09\/zusammen1-300x247.jpg\" alt=\"zusammen1\" width=\"300\" height=\"247\" srcset=\"https:\/\/www.mourioche.de\/wpmourio\/wp-content\/uploads\/2015\/09\/zusammen1-300x247.jpg 300w, https:\/\/www.mourioche.de\/wpmourio\/wp-content\/uploads\/2015\/09\/zusammen1-150x123.jpg 150w, https:\/\/www.mourioche.de\/wpmourio\/wp-content\/uploads\/2015\/09\/zusammen1-400x330.jpg 400w, https:\/\/www.mourioche.de\/wpmourio\/wp-content\/uploads\/2015\/09\/zusammen1.jpg 800w\" sizes=\"auto, (max-width: 300px) 100vw, 300px\" \/><\/a><\/p>\n<p style=\"text-align: center;\">egal wohin &#8211; Hauptsache gemeinsam!<\/p>\n<p style=\"text-align: center;\">\n","protected":false},"excerpt":{"rendered":"<p>02.09.2015 Unsere I\u00b4s wachsen und gedeihen, t\u00e4glich werden sie mobiler und unternehmen schon selbst\u00e4ndig Ausfl\u00fcge in den Garten (unter Aufsicht, versteht sich!). Die angenehmen Temperaturen und das sonnige Wetter nutzen wir f\u00fcr den ersten Ausflug in den nahe gelegenen Wald. los, auf, beweg Dich! Hier gibt es soooo viel zu sehen! Ui! So sieht die &hellip; <a href=\"https:\/\/www.mourioche.de\/?page_id=8473\" class=\"more-link\"><span class=\"screen-reader-text\">Ealas I-Wurf 5. Woche<\/span> weiterlesen <span class=\"meta-nav\">&rarr;<\/span><\/a><\/p>\n","protected":false},"author":2,"featured_media":0,"parent":8334,"menu_order":2315,"comment_status":"open","ping_status":"open","template":"","meta":{"footnotes":""},"class_list":["post-8473","page","type-page","status-publish","hentry"],"_links":{"self":[{"href":"https:\/\/www.mourioche.de\/index.php?rest_route=\/wp\/v2\/pages\/8473","targetHints":{"allow":["GET"]}}],"collection":[{"href":"https:\/\/www.mourioche.de\/index.php?rest_route=\/wp\/v2\/pages"}],"about":[{"href":"https:\/\/www.mourioche.de\/index.php?rest_route=\/wp\/v2\/types\/page"}],"author":[{"embeddable":true,"href":"https:\/\/www.mourioche.de\/index.php?rest_route=\/wp\/v2\/users\/2"}],"replies":[{"embeddable":true,"href":"https:\/\/www.mourioche.de\/index.php?rest_route=%2Fwp%2Fv2%2Fcomments&post=8473"}],"version-history":[{"count":1,"href":"https:\/\/www.mourioche.de\/index.php?rest_route=\/wp\/v2\/pages\/8473\/revisions"}],"predecessor-version":[{"id":8485,"href":"https:\/\/www.mourioche.de\/index.php?rest_route=\/wp\/v2\/pages\/8473\/revisions\/8485"}],"up":[{"embeddable":true,"href":"https:\/\/www.mourioche.de\/index.php?rest_route=\/wp\/v2\/pages\/8334"}],"wp:attachment":[{"href":"https:\/\/www.mourioche.de\/index.php?rest_route=%2Fwp%2Fv2%2Fmedia&parent=8473"}],"curies":[{"name":"wp","href":"https:\/\/api.w.org\/{rel}","templated":true}]}}