{"id":855,"date":"2009-12-26T19:20:06","date_gmt":"2009-12-26T17:20:06","guid":{"rendered":"http:\/\/www.mourioche.de\/?page_id=855"},"modified":"2010-04-14T22:59:55","modified_gmt":"2010-04-14T20:59:55","slug":"der-mourioche","status":"publish","type":"page","link":"https:\/\/www.mourioche.de\/?page_id=855","title":{"rendered":"der Mourioche"},"content":{"rendered":"<p>Ein Zwingername:<\/p>\n<p>Man nehme einen Berger des Pyr\u00e9n\u00e9es, ein Handbuch (ca. 2 kg) \u00fcber Sagengestalten mit Schwerpunkt Frankreich, 2 Flaschen Rotwein und findet<\/p>\n<p><strong>Mourioche<\/strong>:<\/p>\n<p>Z\u00e4nkisch, schelmisch und schnippisch ist er, der Mourioche. Ein echtes Teufelchen, ein Possenrei\u00dfer, der einen schier um den Verstand bringt. Hier, dort und \u00fcberall trifft man ihn an: er klaut, taucht auf, taucht unter, verwandelt sich, je nachdem, was ihm so in den Sinn kommt, und spielt unz\u00e4hlige Streiche. Manchmal ist er b\u00f6se, dann wieder drollig. Eben je nachdem&#8230;<br \/>\n(Quelle: Die gro\u00dfe Enzyklop\u00e4die der kleinen Leute &#8211; Pierre Dubois &#8211; Edition Kunst der Comics &#8211; Sonneberg)<\/p>\n<p style=\"text-align: center;\"><a href=\"https:\/\/www.mourioche.de\/images\/DSC_0084ausw.JPG\"><img loading=\"lazy\" decoding=\"async\" class=\"aligncenter\" title=\"das Teufelchen\" src=\"https:\/\/www.mourioche.de\/images\/DSC_0084ausw.JPG\" alt=\"\" width=\"150\" height=\"232\" \/><\/a><\/p>\n<p style=\"text-align: center;\">das Teufelchen<\/p>\n","protected":false},"excerpt":{"rendered":"<p>Ein Zwingername: Man nehme einen Berger des Pyr\u00e9n\u00e9es, ein Handbuch (ca. 2 kg) \u00fcber Sagengestalten mit Schwerpunkt Frankreich, 2 Flaschen Rotwein und findet Mourioche: Z\u00e4nkisch, schelmisch und schnippisch ist er, der Mourioche. Ein echtes Teufelchen, ein Possenrei\u00dfer, der einen schier um den Verstand bringt. Hier, dort und \u00fcberall trifft man ihn an: er klaut, taucht &hellip; <a href=\"https:\/\/www.mourioche.de\/?page_id=855\" class=\"more-link\"><span class=\"screen-reader-text\">der Mourioche<\/span> weiterlesen <span class=\"meta-nav\">&rarr;<\/span><\/a><\/p>\n","protected":false},"author":2,"featured_media":0,"parent":0,"menu_order":100,"comment_status":"open","ping_status":"open","template":"","meta":{"footnotes":""},"class_list":["post-855","page","type-page","status-publish","hentry"],"_links":{"self":[{"href":"https:\/\/www.mourioche.de\/index.php?rest_route=\/wp\/v2\/pages\/855","targetHints":{"allow":["GET"]}}],"collection":[{"href":"https:\/\/www.mourioche.de\/index.php?rest_route=\/wp\/v2\/pages"}],"about":[{"href":"https:\/\/www.mourioche.de\/index.php?rest_route=\/wp\/v2\/types\/page"}],"author":[{"embeddable":true,"href":"https:\/\/www.mourioche.de\/index.php?rest_route=\/wp\/v2\/users\/2"}],"replies":[{"embeddable":true,"href":"https:\/\/www.mourioche.de\/index.php?rest_route=%2Fwp%2Fv2%2Fcomments&post=855"}],"version-history":[{"count":1,"href":"https:\/\/www.mourioche.de\/index.php?rest_route=\/wp\/v2\/pages\/855\/revisions"}],"predecessor-version":[{"id":7084,"href":"https:\/\/www.mourioche.de\/index.php?rest_route=\/wp\/v2\/pages\/855\/revisions\/7084"}],"wp:attachment":[{"href":"https:\/\/www.mourioche.de\/index.php?rest_route=%2Fwp%2Fv2%2Fmedia&parent=855"}],"curies":[{"name":"wp","href":"https:\/\/api.w.org\/{rel}","templated":true}]}}