{"id":8729,"date":"2016-01-28T18:28:27","date_gmt":"2016-01-28T16:28:27","guid":{"rendered":"http:\/\/www.mourioche.de\/?page_id=8729"},"modified":"2016-01-28T18:29:08","modified_gmt":"2016-01-28T16:29:08","slug":"das-da-j-wurf","status":"publish","type":"page","link":"https:\/\/www.mourioche.de\/?page_id=8729","title":{"rendered":"Das Da J-Wurf"},"content":{"rendered":"<p>Im Men\u00fc ist f\u00fcr jede neue Woche unseres J-Wurfs ein Link zu finden, mit den besten Fotos und den neuesten Entwicklungen.<\/p>\n<p>Idem du Val du Vent Dor\u00e9 x Brandagambar du Mourioche<\/p>\n<p>*28.0.12016<\/p>\n<p>Jago (R\u00fcde), Jolly (R\u00fcde), Jessamine (H\u00fcndin)<\/p>\n","protected":false},"excerpt":{"rendered":"<p>Im Men\u00fc ist f\u00fcr jede neue Woche unseres J-Wurfs ein Link zu finden, mit den besten Fotos und den neuesten Entwicklungen. Idem du Val du Vent Dor\u00e9 x Brandagambar du Mourioche *28.0.12016 Jago (R\u00fcde), Jolly (R\u00fcde), Jessamine (H\u00fcndin)<\/p>\n","protected":false},"author":2,"featured_media":0,"parent":6512,"menu_order":2130,"comment_status":"open","ping_status":"open","template":"","meta":{"footnotes":""},"class_list":["post-8729","page","type-page","status-publish","hentry"],"_links":{"self":[{"href":"https:\/\/www.mourioche.de\/index.php?rest_route=\/wp\/v2\/pages\/8729","targetHints":{"allow":["GET"]}}],"collection":[{"href":"https:\/\/www.mourioche.de\/index.php?rest_route=\/wp\/v2\/pages"}],"about":[{"href":"https:\/\/www.mourioche.de\/index.php?rest_route=\/wp\/v2\/types\/page"}],"author":[{"embeddable":true,"href":"https:\/\/www.mourioche.de\/index.php?rest_route=\/wp\/v2\/users\/2"}],"replies":[{"embeddable":true,"href":"https:\/\/www.mourioche.de\/index.php?rest_route=%2Fwp%2Fv2%2Fcomments&post=8729"}],"version-history":[{"count":1,"href":"https:\/\/www.mourioche.de\/index.php?rest_route=\/wp\/v2\/pages\/8729\/revisions"}],"predecessor-version":[{"id":8731,"href":"https:\/\/www.mourioche.de\/index.php?rest_route=\/wp\/v2\/pages\/8729\/revisions\/8731"}],"up":[{"embeddable":true,"href":"https:\/\/www.mourioche.de\/index.php?rest_route=\/wp\/v2\/pages\/6512"}],"wp:attachment":[{"href":"https:\/\/www.mourioche.de\/index.php?rest_route=%2Fwp%2Fv2%2Fmedia&parent=8729"}],"curies":[{"name":"wp","href":"https:\/\/api.w.org\/{rel}","templated":true}]}}