{"id":8870,"date":"2016-02-29T21:20:08","date_gmt":"2016-02-29T19:20:08","guid":{"rendered":"http:\/\/www.mourioche.de\/?page_id=8870"},"modified":"2016-02-29T21:20:08","modified_gmt":"2016-02-29T19:20:08","slug":"das-da-j-wurf-5-woche","status":"publish","type":"page","link":"https:\/\/www.mourioche.de\/?page_id=8870","title":{"rendered":"Das Da J-Wurf 5. Woche"},"content":{"rendered":"<p style=\"text-align: center;\"><strong>29.02.2016<\/strong><\/p>\n<p style=\"text-align: center;\">Es ist die Zeit der Premieren f\u00fcr unser Trio: das erste Mal &#8222;richtig&#8220; nach drau\u00dfen, das erste Mal Fressen aus dem Napf, das erste Mal ein Halsband getragen, das erste Mal mit den anderen Hunden zusammen sein, das erste Mal andere R\u00e4ume unseres Hauses kennen gelernt&#8230; Alles immer nur in kleinen wohldosierten Schritten, aber es ist klar: Die Welt wird gr\u00f6\u00dfer! Alle drei nehmen jede Herausforderung gerne an, sie erkunden ihre Umgebung ohne Scheu. Besucher sind das t\u00e4gliche Highlight und werden ausgiebig bespielt und bekuschelt.<\/p>\n<p style=\"text-align: center;\"><a href=\"https:\/\/www.mourioche.de\/wpmourio\/wp-content\/uploads\/2016\/02\/drei11.jpg\"><img loading=\"lazy\" decoding=\"async\" class=\"alignnone size-medium wp-image-8871\" src=\"https:\/\/www.mourioche.de\/wpmourio\/wp-content\/uploads\/2016\/02\/drei11-300x164.jpg\" alt=\"drei1\" width=\"300\" height=\"164\" srcset=\"https:\/\/www.mourioche.de\/wpmourio\/wp-content\/uploads\/2016\/02\/drei11-300x164.jpg 300w, https:\/\/www.mourioche.de\/wpmourio\/wp-content\/uploads\/2016\/02\/drei11-150x82.jpg 150w, https:\/\/www.mourioche.de\/wpmourio\/wp-content\/uploads\/2016\/02\/drei11-400x219.jpg 400w, https:\/\/www.mourioche.de\/wpmourio\/wp-content\/uploads\/2016\/02\/drei11.jpg 800w\" sizes=\"auto, (max-width: 300px) 100vw, 300px\" \/><\/a><\/p>\n<p style=\"text-align: center;\">ab nach drau\u00dfen! Die Sonne genie\u00dfen!<\/p>\n<p style=\"text-align: center;\"><a href=\"https:\/\/www.mourioche.de\/wpmourio\/wp-content\/uploads\/2016\/02\/jago14.jpg\"><img loading=\"lazy\" decoding=\"async\" class=\"alignnone size-medium wp-image-8872\" src=\"https:\/\/www.mourioche.de\/wpmourio\/wp-content\/uploads\/2016\/02\/jago14-232x300.jpg\" alt=\"jago1\" width=\"232\" height=\"300\" srcset=\"https:\/\/www.mourioche.de\/wpmourio\/wp-content\/uploads\/2016\/02\/jago14-232x300.jpg 232w, https:\/\/www.mourioche.de\/wpmourio\/wp-content\/uploads\/2016\/02\/jago14-793x1024.jpg 793w, https:\/\/www.mourioche.de\/wpmourio\/wp-content\/uploads\/2016\/02\/jago14-116x150.jpg 116w, https:\/\/www.mourioche.de\/wpmourio\/wp-content\/uploads\/2016\/02\/jago14-400x516.jpg 400w, https:\/\/www.mourioche.de\/wpmourio\/wp-content\/uploads\/2016\/02\/jago14.jpg 800w\" sizes=\"auto, (max-width: 232px) 100vw, 232px\" \/><\/a><\/p>\n<p style=\"text-align: center;\"><a href=\"https:\/\/www.mourioche.de\/wpmourio\/wp-content\/uploads\/2016\/02\/jago24.jpg\"><img loading=\"lazy\" decoding=\"async\" class=\"alignnone size-medium wp-image-8873\" src=\"https:\/\/www.mourioche.de\/wpmourio\/wp-content\/uploads\/2016\/02\/jago24-300x267.jpg\" alt=\"jago2\" width=\"300\" height=\"267\" srcset=\"https:\/\/www.mourioche.de\/wpmourio\/wp-content\/uploads\/2016\/02\/jago24-300x267.jpg 300w, https:\/\/www.mourioche.de\/wpmourio\/wp-content\/uploads\/2016\/02\/jago24-150x133.jpg 150w, https:\/\/www.mourioche.de\/wpmourio\/wp-content\/uploads\/2016\/02\/jago24-400x356.jpg 400w, https:\/\/www.mourioche.de\/wpmourio\/wp-content\/uploads\/2016\/02\/jago24.jpg 800w\" sizes=\"auto, (max-width: 300px) 100vw, 300px\" \/><\/a><\/p>\n<p style=\"text-align: center;\"><a href=\"https:\/\/www.mourioche.de\/wpmourio\/wp-content\/uploads\/2016\/02\/jago32.jpg\"><img loading=\"lazy\" decoding=\"async\" class=\"alignnone size-medium wp-image-8874\" src=\"https:\/\/www.mourioche.de\/wpmourio\/wp-content\/uploads\/2016\/02\/jago32-202x300.jpg\" alt=\"jago3\" width=\"202\" height=\"300\" srcset=\"https:\/\/www.mourioche.de\/wpmourio\/wp-content\/uploads\/2016\/02\/jago32-202x300.jpg 202w, https:\/\/www.mourioche.de\/wpmourio\/wp-content\/uploads\/2016\/02\/jago32-691x1024.jpg 691w, https:\/\/www.mourioche.de\/wpmourio\/wp-content\/uploads\/2016\/02\/jago32-101x150.jpg 101w, https:\/\/www.mourioche.de\/wpmourio\/wp-content\/uploads\/2016\/02\/jago32-400x592.jpg 400w, https:\/\/www.mourioche.de\/wpmourio\/wp-content\/uploads\/2016\/02\/jago32.jpg 800w\" sizes=\"auto, (max-width: 202px) 100vw, 202px\" \/><\/a><\/p>\n<p style=\"text-align: center;\"><a href=\"https:\/\/www.mourioche.de\/wpmourio\/wp-content\/uploads\/2016\/02\/jess15.jpg\"><img loading=\"lazy\" decoding=\"async\" class=\"alignnone size-medium wp-image-8875\" src=\"https:\/\/www.mourioche.de\/wpmourio\/wp-content\/uploads\/2016\/02\/jess15-300x222.jpg\" alt=\"jess1\" width=\"300\" height=\"222\" srcset=\"https:\/\/www.mourioche.de\/wpmourio\/wp-content\/uploads\/2016\/02\/jess15-300x222.jpg 300w, https:\/\/www.mourioche.de\/wpmourio\/wp-content\/uploads\/2016\/02\/jess15-150x111.jpg 150w, https:\/\/www.mourioche.de\/wpmourio\/wp-content\/uploads\/2016\/02\/jess15-400x297.jpg 400w, https:\/\/www.mourioche.de\/wpmourio\/wp-content\/uploads\/2016\/02\/jess15.jpg 800w\" sizes=\"auto, (max-width: 300px) 100vw, 300px\" \/><\/a><\/p>\n<p style=\"text-align: center;\"><a href=\"https:\/\/www.mourioche.de\/wpmourio\/wp-content\/uploads\/2016\/02\/jolly15.jpg\"><img loading=\"lazy\" decoding=\"async\" class=\"alignnone size-medium wp-image-8876\" src=\"https:\/\/www.mourioche.de\/wpmourio\/wp-content\/uploads\/2016\/02\/jolly15-300x237.jpg\" alt=\"jolly1\" width=\"300\" height=\"237\" srcset=\"https:\/\/www.mourioche.de\/wpmourio\/wp-content\/uploads\/2016\/02\/jolly15-300x237.jpg 300w, https:\/\/www.mourioche.de\/wpmourio\/wp-content\/uploads\/2016\/02\/jolly15-150x118.jpg 150w, https:\/\/www.mourioche.de\/wpmourio\/wp-content\/uploads\/2016\/02\/jolly15-400x316.jpg 400w, https:\/\/www.mourioche.de\/wpmourio\/wp-content\/uploads\/2016\/02\/jolly15.jpg 800w\" sizes=\"auto, (max-width: 300px) 100vw, 300px\" \/><\/a><\/p>\n<p style=\"text-align: center;\"><a href=\"https:\/\/www.mourioche.de\/wpmourio\/wp-content\/uploads\/2016\/02\/jolly24.jpg\"><img loading=\"lazy\" decoding=\"async\" class=\"alignnone size-medium wp-image-8877\" src=\"https:\/\/www.mourioche.de\/wpmourio\/wp-content\/uploads\/2016\/02\/jolly24-300x277.jpg\" alt=\"jolly2\" width=\"300\" height=\"277\" srcset=\"https:\/\/www.mourioche.de\/wpmourio\/wp-content\/uploads\/2016\/02\/jolly24-300x277.jpg 300w, https:\/\/www.mourioche.de\/wpmourio\/wp-content\/uploads\/2016\/02\/jolly24-150x138.jpg 150w, https:\/\/www.mourioche.de\/wpmourio\/wp-content\/uploads\/2016\/02\/jolly24-400x370.jpg 400w, https:\/\/www.mourioche.de\/wpmourio\/wp-content\/uploads\/2016\/02\/jolly24.jpg 800w\" sizes=\"auto, (max-width: 300px) 100vw, 300px\" \/><\/a><\/p>\n<p style=\"text-align: center;\"><a href=\"https:\/\/www.mourioche.de\/wpmourio\/wp-content\/uploads\/2016\/02\/jolly32.jpg\"><img loading=\"lazy\" decoding=\"async\" class=\"alignnone size-medium wp-image-8878\" src=\"https:\/\/www.mourioche.de\/wpmourio\/wp-content\/uploads\/2016\/02\/jolly32-200x300.jpg\" alt=\"jolly3\" width=\"200\" height=\"300\" srcset=\"https:\/\/www.mourioche.de\/wpmourio\/wp-content\/uploads\/2016\/02\/jolly32-200x300.jpg 200w, https:\/\/www.mourioche.de\/wpmourio\/wp-content\/uploads\/2016\/02\/jolly32-682x1024.jpg 682w, https:\/\/www.mourioche.de\/wpmourio\/wp-content\/uploads\/2016\/02\/jolly32-100x150.jpg 100w, https:\/\/www.mourioche.de\/wpmourio\/wp-content\/uploads\/2016\/02\/jolly32-400x600.jpg 400w, https:\/\/www.mourioche.de\/wpmourio\/wp-content\/uploads\/2016\/02\/jolly32.jpg 800w\" sizes=\"auto, (max-width: 200px) 100vw, 200px\" \/><\/a><\/p>\n<p style=\"text-align: center;\">\u00a0\u00a0<a href=\"https:\/\/www.mourioche.de\/wpmourio\/wp-content\/uploads\/2016\/02\/zwei12.jpg\"><img loading=\"lazy\" decoding=\"async\" class=\"alignnone size-medium wp-image-8881\" src=\"https:\/\/www.mourioche.de\/wpmourio\/wp-content\/uploads\/2016\/02\/zwei12-300x207.jpg\" alt=\"zwei1\" width=\"300\" height=\"207\" srcset=\"https:\/\/www.mourioche.de\/wpmourio\/wp-content\/uploads\/2016\/02\/zwei12-300x207.jpg 300w, https:\/\/www.mourioche.de\/wpmourio\/wp-content\/uploads\/2016\/02\/zwei12-150x103.jpg 150w, https:\/\/www.mourioche.de\/wpmourio\/wp-content\/uploads\/2016\/02\/zwei12-400x276.jpg 400w, https:\/\/www.mourioche.de\/wpmourio\/wp-content\/uploads\/2016\/02\/zwei12.jpg 800w\" sizes=\"auto, (max-width: 300px) 100vw, 300px\" \/><\/a><\/p>\n<p style=\"text-align: center;\"><a href=\"https:\/\/www.mourioche.de\/wpmourio\/wp-content\/uploads\/2016\/02\/zwei12.jpg\"><img loading=\"lazy\" decoding=\"async\" class=\"alignnone size-medium wp-image-8879\" src=\"https:\/\/www.mourioche.de\/wpmourio\/wp-content\/uploads\/2016\/02\/waage1-300x195.jpg\" alt=\"waage1\" width=\"300\" height=\"195\" srcset=\"https:\/\/www.mourioche.de\/wpmourio\/wp-content\/uploads\/2016\/02\/waage1-300x195.jpg 300w, https:\/\/www.mourioche.de\/wpmourio\/wp-content\/uploads\/2016\/02\/waage1-150x97.jpg 150w, https:\/\/www.mourioche.de\/wpmourio\/wp-content\/uploads\/2016\/02\/waage1-400x260.jpg 400w, https:\/\/www.mourioche.de\/wpmourio\/wp-content\/uploads\/2016\/02\/waage1.jpg 800w\" sizes=\"auto, (max-width: 300px) 100vw, 300px\" \/><\/a><\/p>\n<p style=\"text-align: center;\">neuer Lieblingsplatz \ud83d\ude09<\/p>\n<p style=\"text-align: center;\"><a href=\"https:\/\/www.mourioche.de\/wpmourio\/wp-content\/uploads\/2016\/02\/zwei12.jpg\"><img loading=\"lazy\" decoding=\"async\" class=\"alignnone size-medium wp-image-8880\" src=\"https:\/\/www.mourioche.de\/wpmourio\/wp-content\/uploads\/2016\/02\/waage2-300x178.jpg\" alt=\"waage2\" width=\"300\" height=\"178\" srcset=\"https:\/\/www.mourioche.de\/wpmourio\/wp-content\/uploads\/2016\/02\/waage2-300x178.jpg 300w, https:\/\/www.mourioche.de\/wpmourio\/wp-content\/uploads\/2016\/02\/waage2-150x89.jpg 150w, https:\/\/www.mourioche.de\/wpmourio\/wp-content\/uploads\/2016\/02\/waage2-400x238.jpg 400w, https:\/\/www.mourioche.de\/wpmourio\/wp-content\/uploads\/2016\/02\/waage2.jpg 800w\" sizes=\"auto, (max-width: 300px) 100vw, 300px\" \/><\/a><\/p>\n","protected":false},"excerpt":{"rendered":"<p>29.02.2016 Es ist die Zeit der Premieren f\u00fcr unser Trio: das erste Mal &#8222;richtig&#8220; nach drau\u00dfen, das erste Mal Fressen aus dem Napf, das erste Mal ein Halsband getragen, das erste Mal mit den anderen Hunden zusammen sein, das erste Mal andere R\u00e4ume unseres Hauses kennen gelernt&#8230; Alles immer nur in kleinen wohldosierten Schritten, aber &hellip; <a href=\"https:\/\/www.mourioche.de\/?page_id=8870\" class=\"more-link\"><span class=\"screen-reader-text\">Das Da J-Wurf 5. Woche<\/span> weiterlesen <span class=\"meta-nav\">&rarr;<\/span><\/a><\/p>\n","protected":false},"author":2,"featured_media":0,"parent":8729,"menu_order":2135,"comment_status":"open","ping_status":"open","template":"","meta":{"footnotes":""},"class_list":["post-8870","page","type-page","status-publish","hentry"],"_links":{"self":[{"href":"https:\/\/www.mourioche.de\/index.php?rest_route=\/wp\/v2\/pages\/8870","targetHints":{"allow":["GET"]}}],"collection":[{"href":"https:\/\/www.mourioche.de\/index.php?rest_route=\/wp\/v2\/pages"}],"about":[{"href":"https:\/\/www.mourioche.de\/index.php?rest_route=\/wp\/v2\/types\/page"}],"author":[{"embeddable":true,"href":"https:\/\/www.mourioche.de\/index.php?rest_route=\/wp\/v2\/users\/2"}],"replies":[{"embeddable":true,"href":"https:\/\/www.mourioche.de\/index.php?rest_route=%2Fwp%2Fv2%2Fcomments&post=8870"}],"version-history":[{"count":1,"href":"https:\/\/www.mourioche.de\/index.php?rest_route=\/wp\/v2\/pages\/8870\/revisions"}],"predecessor-version":[{"id":8882,"href":"https:\/\/www.mourioche.de\/index.php?rest_route=\/wp\/v2\/pages\/8870\/revisions\/8882"}],"up":[{"embeddable":true,"href":"https:\/\/www.mourioche.de\/index.php?rest_route=\/wp\/v2\/pages\/8729"}],"wp:attachment":[{"href":"https:\/\/www.mourioche.de\/index.php?rest_route=%2Fwp%2Fv2%2Fmedia&parent=8870"}],"curies":[{"name":"wp","href":"https:\/\/api.w.org\/{rel}","templated":true}]}}