{"id":9098,"date":"2016-08-28T14:20:20","date_gmt":"2016-08-28T12:20:20","guid":{"rendered":"http:\/\/www.mourioche.de\/?page_id=9098"},"modified":"2016-09-02T11:53:36","modified_gmt":"2016-09-02T09:53:36","slug":"mudi","status":"publish","type":"page","link":"https:\/\/www.mourioche.de\/?page_id=9098","title":{"rendered":"Mudi"},"content":{"rendered":"<p>Der Mudi begeistert uns durch seine hohe Aufmerksamkeit, seine Anh\u00e4nglichkeit, seinen Arbeitswillen und nat\u00fcrlich auch durch sein Aussehen. Seine hohe Lernbereitschaft und seine Intelligenz zeichnen ihn gegen\u00fcber vielen anderen Rassen aus, allerdings muss man ber\u00fccksichtigen, dass ein intelligenter Hund alles schnell lernt &#8211; auch das, was er aus unserer Sicht vielleicht besser nicht gelernt h\u00e4tte. Durch seine ausgepr\u00e4gte Wachsamkeit sieht er es als seine Aufgabe an, ungewohnte Ger\u00e4usche als potentielle Gefahr zu melden &#8211; dabei sollte er jedoch niemals aggressiv sein. Bei Langeweile kann er sich durchaus zum Kl\u00e4ffer entwickeln, eine gute Erziehung und vern\u00fcnftige Auslastung beugt dem vor. Der Mudi ist kein Hund f\u00fcr jedermann!<\/p>\n<p>Eine ausf\u00fchrliche Beschreibung und viele Informationen finden Sie auf den Seiten des <a href=\"https:\/\/www.kfuh.de\/de\/hunderassen\/mudi\/kfuh-mudi-rassenbeschreibung.php\">Klubs f\u00fcr ungarische Hirtenhunde<\/a> KfhU, zuchtbuchf\u00fchrender Verein f\u00fcr unter anderem f\u00fcr die Mudis im VDH\/FCI. Unsere Mudi Zucht ist dem KfuH angeschlossen und unterliegt dessen strengen Kontrollen.<\/p>\n<p style=\"text-align: center;\"><a href=\"https:\/\/www.mourioche.de\/wpmourio\/wp-content\/uploads\/2016\/03\/mimi11.jpg\"><img loading=\"lazy\" decoding=\"async\" class=\"alignnone size-medium wp-image-8952\" src=\"https:\/\/www.mourioche.de\/wpmourio\/wp-content\/uploads\/2016\/03\/mimi11-291x300.jpg\" alt=\"mimi1\" width=\"291\" height=\"300\" srcset=\"https:\/\/www.mourioche.de\/wpmourio\/wp-content\/uploads\/2016\/03\/mimi11-291x300.jpg 291w, https:\/\/www.mourioche.de\/wpmourio\/wp-content\/uploads\/2016\/03\/mimi11-145x150.jpg 145w, https:\/\/www.mourioche.de\/wpmourio\/wp-content\/uploads\/2016\/03\/mimi11-400x411.jpg 400w, https:\/\/www.mourioche.de\/wpmourio\/wp-content\/uploads\/2016\/03\/mimi11.jpg 800w\" sizes=\"auto, (max-width: 291px) 100vw, 291px\" \/><\/a><\/p>\n","protected":false},"excerpt":{"rendered":"<p>Der Mudi begeistert uns durch seine hohe Aufmerksamkeit, seine Anh\u00e4nglichkeit, seinen Arbeitswillen und nat\u00fcrlich auch durch sein Aussehen. Seine hohe Lernbereitschaft und seine Intelligenz zeichnen ihn gegen\u00fcber vielen anderen Rassen aus, allerdings muss man ber\u00fccksichtigen, dass ein intelligenter Hund alles schnell lernt &#8211; auch das, was er aus unserer Sicht vielleicht besser nicht gelernt h\u00e4tte. &hellip; <a href=\"https:\/\/www.mourioche.de\/?page_id=9098\" class=\"more-link\"><span class=\"screen-reader-text\">Mudi<\/span> weiterlesen <span class=\"meta-nav\">&rarr;<\/span><\/a><\/p>\n","protected":false},"author":2,"featured_media":0,"parent":0,"menu_order":3000,"comment_status":"open","ping_status":"open","template":"","meta":{"footnotes":""},"class_list":["post-9098","page","type-page","status-publish","hentry"],"_links":{"self":[{"href":"https:\/\/www.mourioche.de\/index.php?rest_route=\/wp\/v2\/pages\/9098","targetHints":{"allow":["GET"]}}],"collection":[{"href":"https:\/\/www.mourioche.de\/index.php?rest_route=\/wp\/v2\/pages"}],"about":[{"href":"https:\/\/www.mourioche.de\/index.php?rest_route=\/wp\/v2\/types\/page"}],"author":[{"embeddable":true,"href":"https:\/\/www.mourioche.de\/index.php?rest_route=\/wp\/v2\/users\/2"}],"replies":[{"embeddable":true,"href":"https:\/\/www.mourioche.de\/index.php?rest_route=%2Fwp%2Fv2%2Fcomments&post=9098"}],"version-history":[{"count":3,"href":"https:\/\/www.mourioche.de\/index.php?rest_route=\/wp\/v2\/pages\/9098\/revisions"}],"predecessor-version":[{"id":9105,"href":"https:\/\/www.mourioche.de\/index.php?rest_route=\/wp\/v2\/pages\/9098\/revisions\/9105"}],"wp:attachment":[{"href":"https:\/\/www.mourioche.de\/index.php?rest_route=%2Fwp%2Fv2%2Fmedia&parent=9098"}],"curies":[{"name":"wp","href":"https:\/\/api.w.org\/{rel}","templated":true}]}}