{"id":9109,"date":"2016-09-02T12:19:37","date_gmt":"2016-09-02T10:19:37","guid":{"rendered":"http:\/\/www.mourioche.de\/?page_id=9109"},"modified":"2019-06-12T12:01:35","modified_gmt":"2019-06-12T10:01:35","slug":"mimis-welpen","status":"publish","type":"page","link":"https:\/\/www.mourioche.de\/?page_id=9109","title":{"rendered":"Mimis Welpen"},"content":{"rendered":"<p>Alles \u00fcber die Zeit, die wir mit Mimis Mudi Welpen verbringen, findet man hier:<\/p>\n<p><a href=\"https:\/\/www.mourioche.de\/?page_id=9112\">A-Wurf: K\u00f6ves Berci B\u00e9tyar Imola &#8222;Mimi&#8220; x\u00a0M\u00f3k\u00e1s Magyar A Morzsi \u201cMorzsi &#8211; *01.09.2016<\/a><\/p>\n<p><a href=\"https:\/\/www.mourioche.de\/?page_id=10177\">B-Wurf: K\u00f6ves Berci B\u00e9tyar Imola \u201cMimi\u201d x\u00a0Nyirsegfia Skyjacker MiG 21 \u201eMiG\u201c *06.01.2018<\/a><\/p>\n<p><a href=\"https:\/\/www.mourioche.de\/?page_id=10487\">C-Wurf: K\u00f6ves Berci B\u00e9tyar Imola \u201cMimi\u201d x\u00a0Nyirsegfia Skyjacker MiG 21 \u201eMiG\u201c *12.06.2019<\/a><\/p>\n","protected":false},"excerpt":{"rendered":"<p>Alles \u00fcber die Zeit, die wir mit Mimis Mudi Welpen verbringen, findet man hier: A-Wurf: K\u00f6ves Berci B\u00e9tyar Imola &#8222;Mimi&#8220; x\u00a0M\u00f3k\u00e1s Magyar A Morzsi \u201cMorzsi &#8211; *01.09.2016 B-Wurf: K\u00f6ves Berci B\u00e9tyar Imola \u201cMimi\u201d x\u00a0Nyirsegfia Skyjacker MiG 21 \u201eMiG\u201c *06.01.2018 C-Wurf: K\u00f6ves Berci B\u00e9tyar Imola \u201cMimi\u201d x\u00a0Nyirsegfia Skyjacker MiG 21 \u201eMiG\u201c *12.06.2019<\/p>\n","protected":false},"author":2,"featured_media":0,"parent":0,"menu_order":3101,"comment_status":"open","ping_status":"open","template":"","meta":{"footnotes":""},"class_list":["post-9109","page","type-page","status-publish","hentry"],"_links":{"self":[{"href":"https:\/\/www.mourioche.de\/index.php?rest_route=\/wp\/v2\/pages\/9109","targetHints":{"allow":["GET"]}}],"collection":[{"href":"https:\/\/www.mourioche.de\/index.php?rest_route=\/wp\/v2\/pages"}],"about":[{"href":"https:\/\/www.mourioche.de\/index.php?rest_route=\/wp\/v2\/types\/page"}],"author":[{"embeddable":true,"href":"https:\/\/www.mourioche.de\/index.php?rest_route=\/wp\/v2\/users\/2"}],"replies":[{"embeddable":true,"href":"https:\/\/www.mourioche.de\/index.php?rest_route=%2Fwp%2Fv2%2Fcomments&post=9109"}],"version-history":[{"count":5,"href":"https:\/\/www.mourioche.de\/index.php?rest_route=\/wp\/v2\/pages\/9109\/revisions"}],"predecessor-version":[{"id":10501,"href":"https:\/\/www.mourioche.de\/index.php?rest_route=\/wp\/v2\/pages\/9109\/revisions\/10501"}],"wp:attachment":[{"href":"https:\/\/www.mourioche.de\/index.php?rest_route=%2Fwp%2Fv2%2Fmedia&parent=9109"}],"curies":[{"name":"wp","href":"https:\/\/api.w.org\/{rel}","templated":true}]}}