{"id":9201,"date":"2016-09-12T23:02:43","date_gmt":"2016-09-12T21:02:43","guid":{"rendered":"http:\/\/www.mourioche.de\/?page_id=9201"},"modified":"2016-09-16T20:31:45","modified_gmt":"2016-09-16T18:31:45","slug":"lulu-k-wurf-1-woche","status":"publish","type":"page","link":"https:\/\/www.mourioche.de\/?page_id=9201","title":{"rendered":"Lulu K-Wurf 1. Woche"},"content":{"rendered":"<p style=\"text-align: center;\"><strong>16.09.2016<\/strong><\/p>\n<p style=\"text-align: center;\">Trinken, schlafen, trinken, schlafen, trinken, kuscheln, schlafen &#8211; beneidenswert!<\/p>\n<p style=\"text-align: center;\"><a href=\"https:\/\/www.mourioche.de\/wpmourio\/wp-content\/uploads\/2016\/09\/bzwei2.jpg\"><img loading=\"lazy\" decoding=\"async\" class=\"alignnone size-medium wp-image-9230\" src=\"https:\/\/www.mourioche.de\/wpmourio\/wp-content\/uploads\/2016\/09\/bzwei2-300x257.jpg\" alt=\"bzwei2\" width=\"300\" height=\"257\" srcset=\"https:\/\/www.mourioche.de\/wpmourio\/wp-content\/uploads\/2016\/09\/bzwei2-300x257.jpg 300w, https:\/\/www.mourioche.de\/wpmourio\/wp-content\/uploads\/2016\/09\/bzwei2-150x128.jpg 150w, https:\/\/www.mourioche.de\/wpmourio\/wp-content\/uploads\/2016\/09\/bzwei2-400x343.jpg 400w, https:\/\/www.mourioche.de\/wpmourio\/wp-content\/uploads\/2016\/09\/bzwei2.jpg 800w\" sizes=\"auto, (max-width: 300px) 100vw, 300px\" \/><\/a><\/p>\n<p style=\"text-align: center;\"><a href=\"https:\/\/www.mourioche.de\/wpmourio\/wp-content\/uploads\/2016\/09\/bzwei1.jpg\"><img loading=\"lazy\" decoding=\"async\" class=\"alignnone size-medium wp-image-9229\" src=\"https:\/\/www.mourioche.de\/wpmourio\/wp-content\/uploads\/2016\/09\/bzwei1-300x198.jpg\" alt=\"bzwei1\" width=\"300\" height=\"198\" srcset=\"https:\/\/www.mourioche.de\/wpmourio\/wp-content\/uploads\/2016\/09\/bzwei1-300x198.jpg 300w, https:\/\/www.mourioche.de\/wpmourio\/wp-content\/uploads\/2016\/09\/bzwei1-150x99.jpg 150w, https:\/\/www.mourioche.de\/wpmourio\/wp-content\/uploads\/2016\/09\/bzwei1-400x265.jpg 400w, https:\/\/www.mourioche.de\/wpmourio\/wp-content\/uploads\/2016\/09\/bzwei1.jpg 800w\" sizes=\"auto, (max-width: 300px) 100vw, 300px\" \/><\/a><\/p>\n<p style=\"text-align: center;\"><a href=\"https:\/\/www.mourioche.de\/wpmourio\/wp-content\/uploads\/2016\/09\/bkarme.jpg\"><img loading=\"lazy\" decoding=\"async\" class=\"alignnone size-medium wp-image-9227\" src=\"https:\/\/www.mourioche.de\/wpmourio\/wp-content\/uploads\/2016\/09\/bkarme-300x289.jpg\" alt=\"bkarme\" width=\"300\" height=\"289\" srcset=\"https:\/\/www.mourioche.de\/wpmourio\/wp-content\/uploads\/2016\/09\/bkarme-300x289.jpg 300w, https:\/\/www.mourioche.de\/wpmourio\/wp-content\/uploads\/2016\/09\/bkarme-150x144.jpg 150w, https:\/\/www.mourioche.de\/wpmourio\/wp-content\/uploads\/2016\/09\/bkarme-400x386.jpg 400w, https:\/\/www.mourioche.de\/wpmourio\/wp-content\/uploads\/2016\/09\/bkarme.jpg 800w\" sizes=\"auto, (max-width: 300px) 100vw, 300px\" \/><\/a><\/p>\n<p style=\"text-align: center;\"><a href=\"https:\/\/www.mourioche.de\/wpmourio\/wp-content\/uploads\/2016\/09\/bschlaf1.jpg\"><img loading=\"lazy\" decoding=\"async\" class=\"alignnone size-medium wp-image-9228\" src=\"https:\/\/www.mourioche.de\/wpmourio\/wp-content\/uploads\/2016\/09\/bschlaf1-300x191.jpg\" alt=\"bschlaf1\" width=\"300\" height=\"191\" srcset=\"https:\/\/www.mourioche.de\/wpmourio\/wp-content\/uploads\/2016\/09\/bschlaf1-300x191.jpg 300w, https:\/\/www.mourioche.de\/wpmourio\/wp-content\/uploads\/2016\/09\/bschlaf1-150x95.jpg 150w, https:\/\/www.mourioche.de\/wpmourio\/wp-content\/uploads\/2016\/09\/bschlaf1-400x255.jpg 400w, https:\/\/www.mourioche.de\/wpmourio\/wp-content\/uploads\/2016\/09\/bschlaf1.jpg 800w\" sizes=\"auto, (max-width: 300px) 100vw, 300px\" \/><\/a><\/p>\n<p style=\"text-align: center;\"><strong>14.09.2016<\/strong><\/p>\n<p style=\"text-align: center;\">Unsere K\u00b4chen wachsen und gedeihen pr\u00e4chtig, alle haben schon ordentlich zugenommen. Lulu bietet Rundum-Betreuung und k\u00fcmmert sich hingebungsvoll um ihren Nachwuchs. Es ist immer wieder faszinierend, wie die H\u00fcndinnen vom ersten Moment an genau wissen, was zu tun ist!<\/p>\n<p style=\"text-align: center;\"><a href=\"https:\/\/www.mourioche.de\/wpmourio\/wp-content\/uploads\/2016\/09\/berger11.jpg\"><img loading=\"lazy\" decoding=\"async\" class=\"alignnone size-medium wp-image-9207\" src=\"https:\/\/www.mourioche.de\/wpmourio\/wp-content\/uploads\/2016\/09\/berger11-300x199.jpg\" alt=\"berger1\" width=\"300\" height=\"199\" srcset=\"https:\/\/www.mourioche.de\/wpmourio\/wp-content\/uploads\/2016\/09\/berger11-300x199.jpg 300w, https:\/\/www.mourioche.de\/wpmourio\/wp-content\/uploads\/2016\/09\/berger11-150x99.jpg 150w, https:\/\/www.mourioche.de\/wpmourio\/wp-content\/uploads\/2016\/09\/berger11-400x266.jpg 400w, https:\/\/www.mourioche.de\/wpmourio\/wp-content\/uploads\/2016\/09\/berger11.jpg 800w\" sizes=\"auto, (max-width: 300px) 100vw, 300px\" \/><\/a><\/p>\n<p style=\"text-align: center;\">eins, zwei, drei, vier, f\u00fcnf &#8211; alle da!<\/p>\n<p style=\"text-align: center;\"><a href=\"https:\/\/www.mourioche.de\/wpmourio\/wp-content\/uploads\/2016\/09\/berger21.jpg\"><img loading=\"lazy\" decoding=\"async\" class=\"alignnone size-medium wp-image-9208\" src=\"https:\/\/www.mourioche.de\/wpmourio\/wp-content\/uploads\/2016\/09\/berger21-300x199.jpg\" alt=\"berger2\" width=\"300\" height=\"199\" srcset=\"https:\/\/www.mourioche.de\/wpmourio\/wp-content\/uploads\/2016\/09\/berger21-300x199.jpg 300w, https:\/\/www.mourioche.de\/wpmourio\/wp-content\/uploads\/2016\/09\/berger21-150x99.jpg 150w, https:\/\/www.mourioche.de\/wpmourio\/wp-content\/uploads\/2016\/09\/berger21-400x266.jpg 400w, https:\/\/www.mourioche.de\/wpmourio\/wp-content\/uploads\/2016\/09\/berger21.jpg 800w\" sizes=\"auto, (max-width: 300px) 100vw, 300px\" \/><\/a><\/p>\n<p style=\"text-align: center;\">Kuschelzeit<\/p>\n<p style=\"text-align: center;\"><a href=\"https:\/\/www.mourioche.de\/wpmourio\/wp-content\/uploads\/2016\/09\/berger31.jpg\"><img loading=\"lazy\" decoding=\"async\" class=\"alignnone size-medium wp-image-9209\" src=\"https:\/\/www.mourioche.de\/wpmourio\/wp-content\/uploads\/2016\/09\/berger31-256x300.jpg\" alt=\"berger3\" width=\"256\" height=\"300\" srcset=\"https:\/\/www.mourioche.de\/wpmourio\/wp-content\/uploads\/2016\/09\/berger31-256x300.jpg 256w, https:\/\/www.mourioche.de\/wpmourio\/wp-content\/uploads\/2016\/09\/berger31-128x150.jpg 128w, https:\/\/www.mourioche.de\/wpmourio\/wp-content\/uploads\/2016\/09\/berger31-400x468.jpg 400w, https:\/\/www.mourioche.de\/wpmourio\/wp-content\/uploads\/2016\/09\/berger31.jpg 800w\" sizes=\"auto, (max-width: 256px) 100vw, 256px\" \/><\/a><\/p>\n<p style=\"text-align: center;\">pure Freude &#8211; herrlich anzusehen<\/p>\n<p style=\"text-align: center;\"><a href=\"https:\/\/www.mourioche.de\/wpmourio\/wp-content\/uploads\/2016\/09\/berger41.jpg\"><img loading=\"lazy\" decoding=\"async\" class=\"alignnone size-medium wp-image-9210\" src=\"https:\/\/www.mourioche.de\/wpmourio\/wp-content\/uploads\/2016\/09\/berger41-300x199.jpg\" alt=\"berger4\" width=\"300\" height=\"199\" srcset=\"https:\/\/www.mourioche.de\/wpmourio\/wp-content\/uploads\/2016\/09\/berger41-300x199.jpg 300w, https:\/\/www.mourioche.de\/wpmourio\/wp-content\/uploads\/2016\/09\/berger41-150x99.jpg 150w, https:\/\/www.mourioche.de\/wpmourio\/wp-content\/uploads\/2016\/09\/berger41-400x266.jpg 400w, https:\/\/www.mourioche.de\/wpmourio\/wp-content\/uploads\/2016\/09\/berger41.jpg 800w\" sizes=\"auto, (max-width: 300px) 100vw, 300px\" \/><\/a><\/p>\n<p style=\"text-align: center;\">Kiril &#8211; der Hahn im Korb<\/p>\n<p style=\"text-align: center;\"><a href=\"https:\/\/www.mourioche.de\/wpmourio\/wp-content\/uploads\/2016\/09\/berger51.jpg\"><img loading=\"lazy\" decoding=\"async\" class=\"alignnone size-medium wp-image-9211\" src=\"https:\/\/www.mourioche.de\/wpmourio\/wp-content\/uploads\/2016\/09\/berger51-300x199.jpg\" alt=\"berger5\" width=\"300\" height=\"199\" srcset=\"https:\/\/www.mourioche.de\/wpmourio\/wp-content\/uploads\/2016\/09\/berger51-300x199.jpg 300w, https:\/\/www.mourioche.de\/wpmourio\/wp-content\/uploads\/2016\/09\/berger51-150x99.jpg 150w, https:\/\/www.mourioche.de\/wpmourio\/wp-content\/uploads\/2016\/09\/berger51-400x266.jpg 400w, https:\/\/www.mourioche.de\/wpmourio\/wp-content\/uploads\/2016\/09\/berger51.jpg 800w\" sizes=\"auto, (max-width: 300px) 100vw, 300px\" \/><\/a><\/p>\n<p style=\"text-align: center;\">was kann es sch\u00f6neres geben als ein kleines dickes Welpenb\u00e4uchlein?<\/p>\n<p style=\"text-align: center;\"><a href=\"https:\/\/www.mourioche.de\/wpmourio\/wp-content\/uploads\/2016\/09\/berger61.jpg\"><img loading=\"lazy\" decoding=\"async\" class=\"alignnone size-medium wp-image-9212\" src=\"https:\/\/www.mourioche.de\/wpmourio\/wp-content\/uploads\/2016\/09\/berger61-300x192.jpg\" alt=\"berger6\" width=\"300\" height=\"192\" srcset=\"https:\/\/www.mourioche.de\/wpmourio\/wp-content\/uploads\/2016\/09\/berger61-300x192.jpg 300w, https:\/\/www.mourioche.de\/wpmourio\/wp-content\/uploads\/2016\/09\/berger61-150x96.jpg 150w, https:\/\/www.mourioche.de\/wpmourio\/wp-content\/uploads\/2016\/09\/berger61-400x256.jpg 400w, https:\/\/www.mourioche.de\/wpmourio\/wp-content\/uploads\/2016\/09\/berger61.jpg 800w\" sizes=\"auto, (max-width: 300px) 100vw, 300px\" \/><\/a><\/p>\n<p style=\"text-align: center;\">Gleich dahinter auf Rang 2: Entspannung<\/p>\n<p style=\"text-align: center;\"><strong>12.09.2016<\/strong><\/p>\n<p style=\"text-align: center;\">Wir freuen uns sehr \u00fcber unser zweites Quintett: Lulu hat 5 putzmuntere Welpen bekommen, 1 R\u00fcde und 4 H\u00fcndinnen! V\u00f6llig unkompliziert purzelten die Kleinen in die Welt und Lulu versorgt sie, als h\u00e4tte sie nie etwas anderes gemacht.<\/p>\n<p style=\"text-align: center;\">Willkommen im Leben!<\/p>\n<p style=\"text-align: center;\"><a href=\"https:\/\/www.mourioche.de\/wpmourio\/wp-content\/uploads\/2016\/09\/berg1.jpg\"><img loading=\"lazy\" decoding=\"async\" class=\"alignnone size-medium wp-image-9175\" src=\"https:\/\/www.mourioche.de\/wpmourio\/wp-content\/uploads\/2016\/09\/berg1-300x225.jpg\" alt=\"berg1\" width=\"300\" height=\"225\" srcset=\"https:\/\/www.mourioche.de\/wpmourio\/wp-content\/uploads\/2016\/09\/berg1-300x225.jpg 300w, https:\/\/www.mourioche.de\/wpmourio\/wp-content\/uploads\/2016\/09\/berg1-150x112.jpg 150w, https:\/\/www.mourioche.de\/wpmourio\/wp-content\/uploads\/2016\/09\/berg1-400x300.jpg 400w, https:\/\/www.mourioche.de\/wpmourio\/wp-content\/uploads\/2016\/09\/berg1.jpg 800w\" sizes=\"auto, (max-width: 300px) 100vw, 300px\" \/><\/a><\/p>\n<p style=\"text-align: center;\">gerade &#8222;geschl\u00fcpft&#8220;<\/p>\n<p style=\"text-align: center;\">\u00a0<a href=\"https:\/\/www.mourioche.de\/wpmourio\/wp-content\/uploads\/2016\/09\/berg2.jpg\"><img loading=\"lazy\" decoding=\"async\" class=\"alignnone size-medium wp-image-9176\" src=\"https:\/\/www.mourioche.de\/wpmourio\/wp-content\/uploads\/2016\/09\/berg2-224x300.jpg\" alt=\"berg2\" width=\"224\" height=\"300\" srcset=\"https:\/\/www.mourioche.de\/wpmourio\/wp-content\/uploads\/2016\/09\/berg2-224x300.jpg 224w, https:\/\/www.mourioche.de\/wpmourio\/wp-content\/uploads\/2016\/09\/berg2-767x1024.jpg 767w, https:\/\/www.mourioche.de\/wpmourio\/wp-content\/uploads\/2016\/09\/berg2-112x150.jpg 112w, https:\/\/www.mourioche.de\/wpmourio\/wp-content\/uploads\/2016\/09\/berg2.jpg 800w\" sizes=\"auto, (max-width: 224px) 100vw, 224px\" \/><\/a><\/p>\n<p style=\"text-align: center;\">ui, so viele!<\/p>\n<p style=\"text-align: center;\"><a href=\"https:\/\/www.mourioche.de\/wpmourio\/wp-content\/uploads\/2016\/09\/berger1.jpg\"><img loading=\"lazy\" decoding=\"async\" class=\"alignnone size-medium wp-image-9177\" src=\"https:\/\/www.mourioche.de\/wpmourio\/wp-content\/uploads\/2016\/09\/berger1-300x275.jpg\" alt=\"berger1\" width=\"300\" height=\"275\" srcset=\"https:\/\/www.mourioche.de\/wpmourio\/wp-content\/uploads\/2016\/09\/berger1-300x275.jpg 300w, https:\/\/www.mourioche.de\/wpmourio\/wp-content\/uploads\/2016\/09\/berger1-150x137.jpg 150w, https:\/\/www.mourioche.de\/wpmourio\/wp-content\/uploads\/2016\/09\/berger1-400x367.jpg 400w, https:\/\/www.mourioche.de\/wpmourio\/wp-content\/uploads\/2016\/09\/berger1.jpg 800w\" sizes=\"auto, (max-width: 300px) 100vw, 300px\" \/><\/a><\/p>\n<p style=\"text-align: center;\"><a href=\"https:\/\/www.mourioche.de\/wpmourio\/wp-content\/uploads\/2016\/09\/berger2.jpg\"><img loading=\"lazy\" decoding=\"async\" class=\"alignnone size-medium wp-image-9178\" src=\"https:\/\/www.mourioche.de\/wpmourio\/wp-content\/uploads\/2016\/09\/berger2-231x300.jpg\" alt=\"berger2\" width=\"231\" height=\"300\" srcset=\"https:\/\/www.mourioche.de\/wpmourio\/wp-content\/uploads\/2016\/09\/berger2-231x300.jpg 231w, https:\/\/www.mourioche.de\/wpmourio\/wp-content\/uploads\/2016\/09\/berger2-789x1024.jpg 789w, https:\/\/www.mourioche.de\/wpmourio\/wp-content\/uploads\/2016\/09\/berger2-115x150.jpg 115w, https:\/\/www.mourioche.de\/wpmourio\/wp-content\/uploads\/2016\/09\/berger2-400x519.jpg 400w, https:\/\/www.mourioche.de\/wpmourio\/wp-content\/uploads\/2016\/09\/berger2.jpg 800w\" sizes=\"auto, (max-width: 231px) 100vw, 231px\" \/><\/a><\/p>\n<p style=\"text-align: center;\"><a href=\"https:\/\/www.mourioche.de\/wpmourio\/wp-content\/uploads\/2016\/09\/berger3.jpg\"><img loading=\"lazy\" decoding=\"async\" class=\"alignnone size-medium wp-image-9179\" src=\"https:\/\/www.mourioche.de\/wpmourio\/wp-content\/uploads\/2016\/09\/berger3-300x272.jpg\" alt=\"berger3\" width=\"300\" height=\"272\" srcset=\"https:\/\/www.mourioche.de\/wpmourio\/wp-content\/uploads\/2016\/09\/berger3-300x272.jpg 300w, https:\/\/www.mourioche.de\/wpmourio\/wp-content\/uploads\/2016\/09\/berger3-150x136.jpg 150w, https:\/\/www.mourioche.de\/wpmourio\/wp-content\/uploads\/2016\/09\/berger3-400x363.jpg 400w, https:\/\/www.mourioche.de\/wpmourio\/wp-content\/uploads\/2016\/09\/berger3.jpg 800w\" sizes=\"auto, (max-width: 300px) 100vw, 300px\" \/><\/a><\/p>\n<p style=\"text-align: center;\"><a href=\"https:\/\/www.mourioche.de\/wpmourio\/wp-content\/uploads\/2016\/09\/berger4.jpg\"><img loading=\"lazy\" decoding=\"async\" class=\"alignnone size-medium wp-image-9180\" src=\"https:\/\/www.mourioche.de\/wpmourio\/wp-content\/uploads\/2016\/09\/berger4-249x300.jpg\" alt=\"berger4\" width=\"249\" height=\"300\" srcset=\"https:\/\/www.mourioche.de\/wpmourio\/wp-content\/uploads\/2016\/09\/berger4-249x300.jpg 249w, https:\/\/www.mourioche.de\/wpmourio\/wp-content\/uploads\/2016\/09\/berger4-124x150.jpg 124w, https:\/\/www.mourioche.de\/wpmourio\/wp-content\/uploads\/2016\/09\/berger4-400x480.jpg 400w, https:\/\/www.mourioche.de\/wpmourio\/wp-content\/uploads\/2016\/09\/berger4.jpg 800w\" sizes=\"auto, (max-width: 249px) 100vw, 249px\" \/>\u00a0<\/a><\/p>\n<p style=\"text-align: center;\"><a href=\"https:\/\/www.mourioche.de\/wpmourio\/wp-content\/uploads\/2016\/09\/berger4.jpg\"><img loading=\"lazy\" decoding=\"async\" class=\"alignnone size-medium wp-image-9182\" src=\"https:\/\/www.mourioche.de\/wpmourio\/wp-content\/uploads\/2016\/09\/berger6-300x199.jpg\" alt=\"berger6\" width=\"300\" height=\"199\" srcset=\"https:\/\/www.mourioche.de\/wpmourio\/wp-content\/uploads\/2016\/09\/berger6-300x199.jpg 300w, https:\/\/www.mourioche.de\/wpmourio\/wp-content\/uploads\/2016\/09\/berger6-150x99.jpg 150w, https:\/\/www.mourioche.de\/wpmourio\/wp-content\/uploads\/2016\/09\/berger6-400x266.jpg 400w, https:\/\/www.mourioche.de\/wpmourio\/wp-content\/uploads\/2016\/09\/berger6.jpg 800w\" sizes=\"auto, (max-width: 300px) 100vw, 300px\" \/><\/a><\/p>\n<p style=\"text-align: center;\">Mama passt gut auf, dass wir auch alles richtig machen<\/p>\n<p style=\"text-align: center;\"><a href=\"https:\/\/www.mourioche.de\/wpmourio\/wp-content\/uploads\/2016\/09\/berger5.jpg\"><img loading=\"lazy\" decoding=\"async\" class=\"alignnone size-medium wp-image-9181\" src=\"https:\/\/www.mourioche.de\/wpmourio\/wp-content\/uploads\/2016\/09\/berger5-300x199.jpg\" alt=\"berger5\" width=\"300\" height=\"199\" srcset=\"https:\/\/www.mourioche.de\/wpmourio\/wp-content\/uploads\/2016\/09\/berger5-300x199.jpg 300w, https:\/\/www.mourioche.de\/wpmourio\/wp-content\/uploads\/2016\/09\/berger5-150x99.jpg 150w, https:\/\/www.mourioche.de\/wpmourio\/wp-content\/uploads\/2016\/09\/berger5-400x266.jpg 400w, https:\/\/www.mourioche.de\/wpmourio\/wp-content\/uploads\/2016\/09\/berger5.jpg 800w\" sizes=\"auto, (max-width: 300px) 100vw, 300px\" \/><\/a><\/p>\n<p style=\"text-align: center;\">da ist dann schon mal eine Nase mit im Bild \ud83d\ude09<\/p>\n<p style=\"text-align: center;\"><a href=\"https:\/\/www.mourioche.de\/wpmourio\/wp-content\/uploads\/2016\/09\/bergereinzel1.jpg\"><img loading=\"lazy\" decoding=\"async\" class=\"alignnone size-medium wp-image-9183\" src=\"https:\/\/www.mourioche.de\/wpmourio\/wp-content\/uploads\/2016\/09\/bergereinzel1-291x300.jpg\" alt=\"bergereinzel1\" width=\"291\" height=\"300\" srcset=\"https:\/\/www.mourioche.de\/wpmourio\/wp-content\/uploads\/2016\/09\/bergereinzel1-291x300.jpg 291w, https:\/\/www.mourioche.de\/wpmourio\/wp-content\/uploads\/2016\/09\/bergereinzel1-145x150.jpg 145w, https:\/\/www.mourioche.de\/wpmourio\/wp-content\/uploads\/2016\/09\/bergereinzel1-400x411.jpg 400w, https:\/\/www.mourioche.de\/wpmourio\/wp-content\/uploads\/2016\/09\/bergereinzel1.jpg 800w\" sizes=\"auto, (max-width: 291px) 100vw, 291px\" \/><\/a><\/p>\n<p style=\"text-align: center;\">Karme, H\u00fcndin (harlekin)<\/p>\n<p style=\"text-align: center;\"><a href=\"https:\/\/www.mourioche.de\/wpmourio\/wp-content\/uploads\/2016\/09\/bergereinzel2.jpg\"><img loading=\"lazy\" decoding=\"async\" class=\"alignnone size-medium wp-image-9184\" src=\"https:\/\/www.mourioche.de\/wpmourio\/wp-content\/uploads\/2016\/09\/bergereinzel2-300x199.jpg\" alt=\"bergereinzel2\" width=\"300\" height=\"199\" srcset=\"https:\/\/www.mourioche.de\/wpmourio\/wp-content\/uploads\/2016\/09\/bergereinzel2-300x199.jpg 300w, https:\/\/www.mourioche.de\/wpmourio\/wp-content\/uploads\/2016\/09\/bergereinzel2-150x99.jpg 150w, https:\/\/www.mourioche.de\/wpmourio\/wp-content\/uploads\/2016\/09\/bergereinzel2-400x266.jpg 400w, https:\/\/www.mourioche.de\/wpmourio\/wp-content\/uploads\/2016\/09\/bergereinzel2.jpg 800w\" sizes=\"auto, (max-width: 300px) 100vw, 300px\" \/><\/a><\/p>\n<p style=\"text-align: center;\">Kementari, H\u00fcndin (schwarz)<\/p>\n<p style=\"text-align: center;\"><a href=\"https:\/\/www.mourioche.de\/wpmourio\/wp-content\/uploads\/2016\/09\/bergereinzel3.jpg\"><img loading=\"lazy\" decoding=\"async\" class=\"alignnone size-medium wp-image-9185\" src=\"https:\/\/www.mourioche.de\/wpmourio\/wp-content\/uploads\/2016\/09\/bergereinzel3-300x199.jpg\" alt=\"bergereinzel3\" width=\"300\" height=\"199\" srcset=\"https:\/\/www.mourioche.de\/wpmourio\/wp-content\/uploads\/2016\/09\/bergereinzel3-300x199.jpg 300w, https:\/\/www.mourioche.de\/wpmourio\/wp-content\/uploads\/2016\/09\/bergereinzel3-150x99.jpg 150w, https:\/\/www.mourioche.de\/wpmourio\/wp-content\/uploads\/2016\/09\/bergereinzel3-400x266.jpg 400w, https:\/\/www.mourioche.de\/wpmourio\/wp-content\/uploads\/2016\/09\/bergereinzel3.jpg 800w\" sizes=\"auto, (max-width: 300px) 100vw, 300px\" \/><\/a><\/p>\n<p style=\"text-align: center;\">Kili, H\u00fcndin (schwarz)<\/p>\n<p style=\"text-align: center;\"><a href=\"https:\/\/www.mourioche.de\/wpmourio\/wp-content\/uploads\/2016\/09\/bergereinzel4.jpg\"><img loading=\"lazy\" decoding=\"async\" class=\"alignnone size-medium wp-image-9186\" src=\"https:\/\/www.mourioche.de\/wpmourio\/wp-content\/uploads\/2016\/09\/bergereinzel4-300x199.jpg\" alt=\"bergereinzel4\" width=\"300\" height=\"199\" srcset=\"https:\/\/www.mourioche.de\/wpmourio\/wp-content\/uploads\/2016\/09\/bergereinzel4-300x199.jpg 300w, https:\/\/www.mourioche.de\/wpmourio\/wp-content\/uploads\/2016\/09\/bergereinzel4-150x99.jpg 150w, https:\/\/www.mourioche.de\/wpmourio\/wp-content\/uploads\/2016\/09\/bergereinzel4-400x266.jpg 400w, https:\/\/www.mourioche.de\/wpmourio\/wp-content\/uploads\/2016\/09\/bergereinzel4.jpg 800w\" sizes=\"auto, (max-width: 300px) 100vw, 300px\" \/><\/a><\/p>\n<p style=\"text-align: center;\">Kirinki, H\u00fcndin (schwarz)<\/p>\n<p style=\"text-align: center;\"><a href=\"https:\/\/www.mourioche.de\/wpmourio\/wp-content\/uploads\/2016\/09\/bergereinzel5.jpg\"><img loading=\"lazy\" decoding=\"async\" class=\"alignnone size-medium wp-image-9187\" src=\"https:\/\/www.mourioche.de\/wpmourio\/wp-content\/uploads\/2016\/09\/bergereinzel5-300x187.jpg\" alt=\"bergereinzel5\" width=\"300\" height=\"187\" srcset=\"https:\/\/www.mourioche.de\/wpmourio\/wp-content\/uploads\/2016\/09\/bergereinzel5-300x187.jpg 300w, https:\/\/www.mourioche.de\/wpmourio\/wp-content\/uploads\/2016\/09\/bergereinzel5-150x93.jpg 150w, https:\/\/www.mourioche.de\/wpmourio\/wp-content\/uploads\/2016\/09\/bergereinzel5-400x250.jpg 400w, https:\/\/www.mourioche.de\/wpmourio\/wp-content\/uploads\/2016\/09\/bergereinzel5.jpg 800w\" sizes=\"auto, (max-width: 300px) 100vw, 300px\" \/><\/a><\/p>\n<p style=\"text-align: center;\">der R\u00fcde: Kiril (fauve)<\/p>\n","protected":false},"excerpt":{"rendered":"<p>16.09.2016 Trinken, schlafen, trinken, schlafen, trinken, kuscheln, schlafen &#8211; beneidenswert! 14.09.2016 Unsere K\u00b4chen wachsen und gedeihen pr\u00e4chtig, alle haben schon ordentlich zugenommen. Lulu bietet Rundum-Betreuung und k\u00fcmmert sich hingebungsvoll um ihren Nachwuchs. Es ist immer wieder faszinierend, wie die H\u00fcndinnen vom ersten Moment an genau wissen, was zu tun ist! eins, zwei, drei, vier, f\u00fcnf &hellip; <a href=\"https:\/\/www.mourioche.de\/?page_id=9201\" class=\"more-link\"><span class=\"screen-reader-text\">Lulu K-Wurf 1. Woche<\/span> weiterlesen <span class=\"meta-nav\">&rarr;<\/span><\/a><\/p>\n","protected":false},"author":2,"featured_media":0,"parent":9199,"menu_order":2411,"comment_status":"open","ping_status":"open","template":"","meta":{"footnotes":""},"class_list":["post-9201","page","type-page","status-publish","hentry"],"_links":{"self":[{"href":"https:\/\/www.mourioche.de\/index.php?rest_route=\/wp\/v2\/pages\/9201","targetHints":{"allow":["GET"]}}],"collection":[{"href":"https:\/\/www.mourioche.de\/index.php?rest_route=\/wp\/v2\/pages"}],"about":[{"href":"https:\/\/www.mourioche.de\/index.php?rest_route=\/wp\/v2\/types\/page"}],"author":[{"embeddable":true,"href":"https:\/\/www.mourioche.de\/index.php?rest_route=\/wp\/v2\/users\/2"}],"replies":[{"embeddable":true,"href":"https:\/\/www.mourioche.de\/index.php?rest_route=%2Fwp%2Fv2%2Fcomments&post=9201"}],"version-history":[{"count":4,"href":"https:\/\/www.mourioche.de\/index.php?rest_route=\/wp\/v2\/pages\/9201\/revisions"}],"predecessor-version":[{"id":9244,"href":"https:\/\/www.mourioche.de\/index.php?rest_route=\/wp\/v2\/pages\/9201\/revisions\/9244"}],"up":[{"embeddable":true,"href":"https:\/\/www.mourioche.de\/index.php?rest_route=\/wp\/v2\/pages\/9199"}],"wp:attachment":[{"href":"https:\/\/www.mourioche.de\/index.php?rest_route=%2Fwp%2Fv2%2Fmedia&parent=9201"}],"curies":[{"name":"wp","href":"https:\/\/api.w.org\/{rel}","templated":true}]}}