{"id":9245,"date":"2016-09-16T20:37:10","date_gmt":"2016-09-16T18:37:10","guid":{"rendered":"http:\/\/www.mourioche.de\/?page_id=9245"},"modified":"2016-09-20T10:09:05","modified_gmt":"2016-09-20T08:09:05","slug":"mimi-a-wurf-3-woche","status":"publish","type":"page","link":"https:\/\/www.mourioche.de\/?page_id=9245","title":{"rendered":"Mimi A-Wurf 3. Woche"},"content":{"rendered":"<p style=\"text-align: center;\"><strong>20.09.2016<\/strong><\/p>\n<p style=\"text-align: center;\">Die Erfahrung hat uns gelehrt, dass die Zeit in Riesenschritten voran schreitet, wenn Welpen da sind. Man setzt sich zu ihnen, schaut und staunt, kuschelt und genie\u00dft. Und schwupps &#8211; ist wieder eine Stunde um. Oder zwei. Bei zwei W\u00fcrfen gleichzeitig bekommen diese Zeitspr\u00fcnge eine ganz andere Dimension. Man setzt sich zu den Welpen, schaut und staunt, kuschelt und genie\u00dft und schwupps &#8211; ist eine Woche um.<\/p>\n<p style=\"text-align: center;\">Unglaublich!<\/p>\n<p style=\"text-align: center;\"><a href=\"https:\/\/www.mourioche.de\/wpmourio\/wp-content\/uploads\/2016\/09\/maegon12.jpg\"><img loading=\"lazy\" decoding=\"async\" class=\"alignnone size-medium wp-image-9277\" src=\"https:\/\/www.mourioche.de\/wpmourio\/wp-content\/uploads\/2016\/09\/maegon12-300x199.jpg\" alt=\"maegon1\" width=\"300\" height=\"199\" srcset=\"https:\/\/www.mourioche.de\/wpmourio\/wp-content\/uploads\/2016\/09\/maegon12-300x199.jpg 300w, https:\/\/www.mourioche.de\/wpmourio\/wp-content\/uploads\/2016\/09\/maegon12-150x99.jpg 150w, https:\/\/www.mourioche.de\/wpmourio\/wp-content\/uploads\/2016\/09\/maegon12-400x266.jpg 400w, https:\/\/www.mourioche.de\/wpmourio\/wp-content\/uploads\/2016\/09\/maegon12.jpg 800w\" sizes=\"auto, (max-width: 300px) 100vw, 300px\" \/><\/a><\/p>\n<p style=\"text-align: center;\"><a href=\"https:\/\/www.mourioche.de\/wpmourio\/wp-content\/uploads\/2016\/09\/malle1.jpg\"><img loading=\"lazy\" decoding=\"async\" class=\"alignnone size-medium wp-image-9278\" src=\"https:\/\/www.mourioche.de\/wpmourio\/wp-content\/uploads\/2016\/09\/malle1-300x199.jpg\" alt=\"malle1\" width=\"300\" height=\"199\" srcset=\"https:\/\/www.mourioche.de\/wpmourio\/wp-content\/uploads\/2016\/09\/malle1-300x199.jpg 300w, https:\/\/www.mourioche.de\/wpmourio\/wp-content\/uploads\/2016\/09\/malle1-150x99.jpg 150w, https:\/\/www.mourioche.de\/wpmourio\/wp-content\/uploads\/2016\/09\/malle1-400x266.jpg 400w, https:\/\/www.mourioche.de\/wpmourio\/wp-content\/uploads\/2016\/09\/malle1.jpg 800w\" sizes=\"auto, (max-width: 300px) 100vw, 300px\" \/><\/a><\/p>\n<p style=\"text-align: center;\"><a href=\"https:\/\/www.mourioche.de\/wpmourio\/wp-content\/uploads\/2016\/09\/marya12.jpg\"><img loading=\"lazy\" decoding=\"async\" class=\"alignnone size-medium wp-image-9279\" src=\"https:\/\/www.mourioche.de\/wpmourio\/wp-content\/uploads\/2016\/09\/marya12-300x199.jpg\" alt=\"marya1\" width=\"300\" height=\"199\" srcset=\"https:\/\/www.mourioche.de\/wpmourio\/wp-content\/uploads\/2016\/09\/marya12-300x199.jpg 300w, https:\/\/www.mourioche.de\/wpmourio\/wp-content\/uploads\/2016\/09\/marya12-150x99.jpg 150w, https:\/\/www.mourioche.de\/wpmourio\/wp-content\/uploads\/2016\/09\/marya12-400x266.jpg 400w, https:\/\/www.mourioche.de\/wpmourio\/wp-content\/uploads\/2016\/09\/marya12.jpg 800w\" sizes=\"auto, (max-width: 300px) 100vw, 300px\" \/><\/a><\/p>\n<p style=\"text-align: center;\"><a href=\"https:\/\/www.mourioche.de\/wpmourio\/wp-content\/uploads\/2016\/09\/marya2.jpg\"><img loading=\"lazy\" decoding=\"async\" class=\"alignnone size-medium wp-image-9280\" src=\"https:\/\/www.mourioche.de\/wpmourio\/wp-content\/uploads\/2016\/09\/marya2-300x199.jpg\" alt=\"marya2\" width=\"300\" height=\"199\" srcset=\"https:\/\/www.mourioche.de\/wpmourio\/wp-content\/uploads\/2016\/09\/marya2-300x199.jpg 300w, https:\/\/www.mourioche.de\/wpmourio\/wp-content\/uploads\/2016\/09\/marya2-150x99.jpg 150w, https:\/\/www.mourioche.de\/wpmourio\/wp-content\/uploads\/2016\/09\/marya2-400x266.jpg 400w, https:\/\/www.mourioche.de\/wpmourio\/wp-content\/uploads\/2016\/09\/marya2.jpg 800w\" sizes=\"auto, (max-width: 300px) 100vw, 300px\" \/><\/a><\/p>\n<p style=\"text-align: center;\"><a href=\"https:\/\/www.mourioche.de\/wpmourio\/wp-content\/uploads\/2016\/09\/masha12.jpg\"><img loading=\"lazy\" decoding=\"async\" class=\"alignnone size-medium wp-image-9281\" src=\"https:\/\/www.mourioche.de\/wpmourio\/wp-content\/uploads\/2016\/09\/masha12-300x199.jpg\" alt=\"masha1\" width=\"300\" height=\"199\" srcset=\"https:\/\/www.mourioche.de\/wpmourio\/wp-content\/uploads\/2016\/09\/masha12-300x199.jpg 300w, https:\/\/www.mourioche.de\/wpmourio\/wp-content\/uploads\/2016\/09\/masha12-150x99.jpg 150w, https:\/\/www.mourioche.de\/wpmourio\/wp-content\/uploads\/2016\/09\/masha12-400x266.jpg 400w, https:\/\/www.mourioche.de\/wpmourio\/wp-content\/uploads\/2016\/09\/masha12.jpg 800w\" sizes=\"auto, (max-width: 300px) 100vw, 300px\" \/><\/a><\/p>\n<p style=\"text-align: center;\"><a href=\"https:\/\/www.mourioche.de\/wpmourio\/wp-content\/uploads\/2016\/09\/mhaufen1.jpg\"><img loading=\"lazy\" decoding=\"async\" class=\"alignnone size-medium wp-image-9282\" src=\"https:\/\/www.mourioche.de\/wpmourio\/wp-content\/uploads\/2016\/09\/mhaufen1-300x199.jpg\" alt=\"mhaufen1\" width=\"300\" height=\"199\" srcset=\"https:\/\/www.mourioche.de\/wpmourio\/wp-content\/uploads\/2016\/09\/mhaufen1-300x199.jpg 300w, https:\/\/www.mourioche.de\/wpmourio\/wp-content\/uploads\/2016\/09\/mhaufen1-150x99.jpg 150w, https:\/\/www.mourioche.de\/wpmourio\/wp-content\/uploads\/2016\/09\/mhaufen1-400x266.jpg 400w, https:\/\/www.mourioche.de\/wpmourio\/wp-content\/uploads\/2016\/09\/mhaufen1.jpg 800w\" sizes=\"auto, (max-width: 300px) 100vw, 300px\" \/><\/a><\/p>\n<p style=\"text-align: center;\"><a href=\"https:\/\/www.mourioche.de\/wpmourio\/wp-content\/uploads\/2016\/09\/mschlapp1.jpg\"><img loading=\"lazy\" decoding=\"async\" class=\"alignnone size-medium wp-image-9283\" src=\"https:\/\/www.mourioche.de\/wpmourio\/wp-content\/uploads\/2016\/09\/mschlapp1-300x199.jpg\" alt=\"mschlapp1\" width=\"300\" height=\"199\" srcset=\"https:\/\/www.mourioche.de\/wpmourio\/wp-content\/uploads\/2016\/09\/mschlapp1-300x199.jpg 300w, https:\/\/www.mourioche.de\/wpmourio\/wp-content\/uploads\/2016\/09\/mschlapp1-150x99.jpg 150w, https:\/\/www.mourioche.de\/wpmourio\/wp-content\/uploads\/2016\/09\/mschlapp1-400x266.jpg 400w, https:\/\/www.mourioche.de\/wpmourio\/wp-content\/uploads\/2016\/09\/mschlapp1.jpg 800w\" sizes=\"auto, (max-width: 300px) 100vw, 300px\" \/><\/a><\/p>\n<p style=\"text-align: center;\"><a href=\"https:\/\/www.mourioche.de\/wpmourio\/wp-content\/uploads\/2016\/09\/mschwarz1.jpg\"><img loading=\"lazy\" decoding=\"async\" class=\"alignnone size-medium wp-image-9284\" src=\"https:\/\/www.mourioche.de\/wpmourio\/wp-content\/uploads\/2016\/09\/mschwarz1-300x257.jpg\" alt=\"mschwarz1\" width=\"300\" height=\"257\" srcset=\"https:\/\/www.mourioche.de\/wpmourio\/wp-content\/uploads\/2016\/09\/mschwarz1-300x257.jpg 300w, https:\/\/www.mourioche.de\/wpmourio\/wp-content\/uploads\/2016\/09\/mschwarz1-150x128.jpg 150w, https:\/\/www.mourioche.de\/wpmourio\/wp-content\/uploads\/2016\/09\/mschwarz1-400x343.jpg 400w, https:\/\/www.mourioche.de\/wpmourio\/wp-content\/uploads\/2016\/09\/mschwarz1.jpg 800w\" sizes=\"auto, (max-width: 300px) 100vw, 300px\" \/><\/a><\/p>\n<p style=\"text-align: center;\"><a href=\"https:\/\/www.mourioche.de\/wpmourio\/wp-content\/uploads\/2016\/09\/mschwarz2.jpg\"><img loading=\"lazy\" decoding=\"async\" class=\"alignnone size-medium wp-image-9285\" src=\"https:\/\/www.mourioche.de\/wpmourio\/wp-content\/uploads\/2016\/09\/mschwarz2-300x199.jpg\" alt=\"mschwarz2\" width=\"300\" height=\"199\" srcset=\"https:\/\/www.mourioche.de\/wpmourio\/wp-content\/uploads\/2016\/09\/mschwarz2-300x199.jpg 300w, https:\/\/www.mourioche.de\/wpmourio\/wp-content\/uploads\/2016\/09\/mschwarz2-150x99.jpg 150w, https:\/\/www.mourioche.de\/wpmourio\/wp-content\/uploads\/2016\/09\/mschwarz2-400x266.jpg 400w, https:\/\/www.mourioche.de\/wpmourio\/wp-content\/uploads\/2016\/09\/mschwarz2.jpg 800w\" sizes=\"auto, (max-width: 300px) 100vw, 300px\" \/><\/a><\/p>\n<p style=\"text-align: center;\">vielen Dank an Susanne f\u00fcr die tollen Fotos!<\/p>\n<p style=\"text-align: center;\"><strong>16.09.2016<\/strong><\/p>\n<p style=\"text-align: center;\">Besuchszeit!<\/p>\n<p style=\"text-align: center;\"><a href=\"https:\/\/www.mourioche.de\/wpmourio\/wp-content\/uploads\/2016\/09\/mzwei1.jpg\"><img loading=\"lazy\" decoding=\"async\" class=\"alignnone size-medium wp-image-9243\" src=\"https:\/\/www.mourioche.de\/wpmourio\/wp-content\/uploads\/2016\/09\/mzwei1-239x300.jpg\" alt=\"mzwei1\" width=\"239\" height=\"300\" srcset=\"https:\/\/www.mourioche.de\/wpmourio\/wp-content\/uploads\/2016\/09\/mzwei1-239x300.jpg 239w, https:\/\/www.mourioche.de\/wpmourio\/wp-content\/uploads\/2016\/09\/mzwei1-119x150.jpg 119w, https:\/\/www.mourioche.de\/wpmourio\/wp-content\/uploads\/2016\/09\/mzwei1-400x500.jpg 400w, https:\/\/www.mourioche.de\/wpmourio\/wp-content\/uploads\/2016\/09\/mzwei1.jpg 800w\" sizes=\"auto, (max-width: 239px) 100vw, 239px\" \/><\/a><\/p>\n<p style=\"text-align: center;\"><a href=\"https:\/\/www.mourioche.de\/wpmourio\/wp-content\/uploads\/2016\/09\/mvier1.jpg\"><img loading=\"lazy\" decoding=\"async\" class=\"alignnone size-medium wp-image-9242\" src=\"https:\/\/www.mourioche.de\/wpmourio\/wp-content\/uploads\/2016\/09\/mvier1-300x199.jpg\" alt=\"mvier1\" width=\"300\" height=\"199\" srcset=\"https:\/\/www.mourioche.de\/wpmourio\/wp-content\/uploads\/2016\/09\/mvier1-300x199.jpg 300w, https:\/\/www.mourioche.de\/wpmourio\/wp-content\/uploads\/2016\/09\/mvier1-150x99.jpg 150w, https:\/\/www.mourioche.de\/wpmourio\/wp-content\/uploads\/2016\/09\/mvier1-400x266.jpg 400w, https:\/\/www.mourioche.de\/wpmourio\/wp-content\/uploads\/2016\/09\/mvier1.jpg 800w\" sizes=\"auto, (max-width: 300px) 100vw, 300px\" \/><\/a><\/p>\n<p style=\"text-align: center;\"><a href=\"https:\/\/www.mourioche.de\/wpmourio\/wp-content\/uploads\/2016\/09\/mverpasse1.jpg\"><img loading=\"lazy\" decoding=\"async\" class=\"alignnone size-medium wp-image-9241\" src=\"https:\/\/www.mourioche.de\/wpmourio\/wp-content\/uploads\/2016\/09\/mverpasse1-300x199.jpg\" alt=\"mverpasse1\" width=\"300\" height=\"199\" srcset=\"https:\/\/www.mourioche.de\/wpmourio\/wp-content\/uploads\/2016\/09\/mverpasse1-300x199.jpg 300w, https:\/\/www.mourioche.de\/wpmourio\/wp-content\/uploads\/2016\/09\/mverpasse1-150x99.jpg 150w, https:\/\/www.mourioche.de\/wpmourio\/wp-content\/uploads\/2016\/09\/mverpasse1-400x266.jpg 400w, https:\/\/www.mourioche.de\/wpmourio\/wp-content\/uploads\/2016\/09\/mverpasse1.jpg 800w\" sizes=\"auto, (max-width: 300px) 100vw, 300px\" \/><\/a><\/p>\n<p style=\"text-align: center;\">da kann man vor lauter kuscheln schon mal den Anschluss an die Theke verpassen \ud83d\ude09<\/p>\n<p style=\"text-align: center;\"><a href=\"https:\/\/www.mourioche.de\/wpmourio\/wp-content\/uploads\/2016\/09\/mreihe1.jpg\"><img loading=\"lazy\" decoding=\"async\" class=\"alignnone size-medium wp-image-9240\" src=\"https:\/\/www.mourioche.de\/wpmourio\/wp-content\/uploads\/2016\/09\/mreihe1-300x199.jpg\" alt=\"mreihe1\" width=\"300\" height=\"199\" srcset=\"https:\/\/www.mourioche.de\/wpmourio\/wp-content\/uploads\/2016\/09\/mreihe1-300x199.jpg 300w, https:\/\/www.mourioche.de\/wpmourio\/wp-content\/uploads\/2016\/09\/mreihe1-150x99.jpg 150w, https:\/\/www.mourioche.de\/wpmourio\/wp-content\/uploads\/2016\/09\/mreihe1-400x266.jpg 400w, https:\/\/www.mourioche.de\/wpmourio\/wp-content\/uploads\/2016\/09\/mreihe1.jpg 800w\" sizes=\"auto, (max-width: 300px) 100vw, 300px\" \/><\/a><\/p>\n<p style=\"text-align: center;\">men and woman in black \ud83d\ude09<\/p>\n<p style=\"text-align: center;\"><a href=\"https:\/\/www.mourioche.de\/wpmourio\/wp-content\/uploads\/2016\/09\/mkind2.jpg\"><img loading=\"lazy\" decoding=\"async\" class=\"alignnone size-medium wp-image-9239\" src=\"https:\/\/www.mourioche.de\/wpmourio\/wp-content\/uploads\/2016\/09\/mkind2-289x300.jpg\" alt=\"mkind2\" width=\"289\" height=\"300\" srcset=\"https:\/\/www.mourioche.de\/wpmourio\/wp-content\/uploads\/2016\/09\/mkind2-289x300.jpg 289w, https:\/\/www.mourioche.de\/wpmourio\/wp-content\/uploads\/2016\/09\/mkind2-144x150.jpg 144w, https:\/\/www.mourioche.de\/wpmourio\/wp-content\/uploads\/2016\/09\/mkind2-400x414.jpg 400w, https:\/\/www.mourioche.de\/wpmourio\/wp-content\/uploads\/2016\/09\/mkind2.jpg 800w\" sizes=\"auto, (max-width: 289px) 100vw, 289px\" \/><\/a><\/p>\n<p style=\"text-align: center;\">ui, spannend!<\/p>\n<p style=\"text-align: center;\"><a href=\"https:\/\/www.mourioche.de\/wpmourio\/wp-content\/uploads\/2016\/09\/mkind1.jpg\"><img loading=\"lazy\" decoding=\"async\" class=\"alignnone size-medium wp-image-9238\" src=\"https:\/\/www.mourioche.de\/wpmourio\/wp-content\/uploads\/2016\/09\/mkind1-300x199.jpg\" alt=\"mkind1\" width=\"300\" height=\"199\" srcset=\"https:\/\/www.mourioche.de\/wpmourio\/wp-content\/uploads\/2016\/09\/mkind1-300x199.jpg 300w, https:\/\/www.mourioche.de\/wpmourio\/wp-content\/uploads\/2016\/09\/mkind1-150x99.jpg 150w, https:\/\/www.mourioche.de\/wpmourio\/wp-content\/uploads\/2016\/09\/mkind1-400x266.jpg 400w, https:\/\/www.mourioche.de\/wpmourio\/wp-content\/uploads\/2016\/09\/mkind1.jpg 800w\" sizes=\"auto, (max-width: 300px) 100vw, 300px\" \/><\/a><\/p>\n<p style=\"text-align: center;\"><a href=\"https:\/\/www.mourioche.de\/wpmourio\/wp-content\/uploads\/2016\/09\/mharlekin1.jpg\"><img loading=\"lazy\" decoding=\"async\" class=\"alignnone size-medium wp-image-9237\" src=\"https:\/\/www.mourioche.de\/wpmourio\/wp-content\/uploads\/2016\/09\/mharlekin1-300x281.jpg\" alt=\"mharlekin1\" width=\"300\" height=\"281\" srcset=\"https:\/\/www.mourioche.de\/wpmourio\/wp-content\/uploads\/2016\/09\/mharlekin1-300x281.jpg 300w, https:\/\/www.mourioche.de\/wpmourio\/wp-content\/uploads\/2016\/09\/mharlekin1-150x140.jpg 150w, https:\/\/www.mourioche.de\/wpmourio\/wp-content\/uploads\/2016\/09\/mharlekin1-400x375.jpg 400w, https:\/\/www.mourioche.de\/wpmourio\/wp-content\/uploads\/2016\/09\/mharlekin1.jpg 800w\" sizes=\"auto, (max-width: 300px) 100vw, 300px\" \/><\/a><\/p>\n<p style=\"text-align: center;\">Arya (links) und Asha<\/p>\n<p style=\"text-align: center;\"><a href=\"https:\/\/www.mourioche.de\/wpmourio\/wp-content\/uploads\/2016\/09\/mguck1.jpg\"><img loading=\"lazy\" decoding=\"async\" class=\"alignnone size-medium wp-image-9236\" src=\"https:\/\/www.mourioche.de\/wpmourio\/wp-content\/uploads\/2016\/09\/mguck1-300x199.jpg\" alt=\"mguck1\" width=\"300\" height=\"199\" srcset=\"https:\/\/www.mourioche.de\/wpmourio\/wp-content\/uploads\/2016\/09\/mguck1-300x199.jpg 300w, https:\/\/www.mourioche.de\/wpmourio\/wp-content\/uploads\/2016\/09\/mguck1-150x99.jpg 150w, https:\/\/www.mourioche.de\/wpmourio\/wp-content\/uploads\/2016\/09\/mguck1-400x266.jpg 400w, https:\/\/www.mourioche.de\/wpmourio\/wp-content\/uploads\/2016\/09\/mguck1.jpg 800w\" sizes=\"auto, (max-width: 300px) 100vw, 300px\" \/><\/a><\/p>\n<p style=\"text-align: center;\"><a href=\"https:\/\/www.mourioche.de\/wpmourio\/wp-content\/uploads\/2016\/09\/masha1.jpg\"><img loading=\"lazy\" decoding=\"async\" class=\"alignnone size-medium wp-image-9235\" src=\"https:\/\/www.mourioche.de\/wpmourio\/wp-content\/uploads\/2016\/09\/masha1-251x300.jpg\" alt=\"masha1\" width=\"251\" height=\"300\" srcset=\"https:\/\/www.mourioche.de\/wpmourio\/wp-content\/uploads\/2016\/09\/masha1-251x300.jpg 251w, https:\/\/www.mourioche.de\/wpmourio\/wp-content\/uploads\/2016\/09\/masha1-125x150.jpg 125w, https:\/\/www.mourioche.de\/wpmourio\/wp-content\/uploads\/2016\/09\/masha1-400x477.jpg 400w, https:\/\/www.mourioche.de\/wpmourio\/wp-content\/uploads\/2016\/09\/masha1.jpg 800w\" sizes=\"auto, (max-width: 251px) 100vw, 251px\" \/><\/a><\/p>\n<p style=\"text-align: center;\"><a href=\"https:\/\/www.mourioche.de\/wpmourio\/wp-content\/uploads\/2016\/09\/marya1.jpg\"><img loading=\"lazy\" decoding=\"async\" class=\"alignnone size-medium wp-image-9234\" src=\"https:\/\/www.mourioche.de\/wpmourio\/wp-content\/uploads\/2016\/09\/marya1-139x300.jpg\" alt=\"marya1\" width=\"139\" height=\"300\" srcset=\"https:\/\/www.mourioche.de\/wpmourio\/wp-content\/uploads\/2016\/09\/marya1-139x300.jpg 139w, https:\/\/www.mourioche.de\/wpmourio\/wp-content\/uploads\/2016\/09\/marya1-69x150.jpg 69w\" sizes=\"auto, (max-width: 139px) 100vw, 139px\" \/><\/a><\/p>\n<p style=\"text-align: center;\">Alayaya<\/p>\n<p style=\"text-align: center;\"><a href=\"https:\/\/www.mourioche.de\/wpmourio\/wp-content\/uploads\/2016\/09\/malayaya1.jpg\"><img loading=\"lazy\" decoding=\"async\" class=\"alignnone size-medium wp-image-9233\" src=\"https:\/\/www.mourioche.de\/wpmourio\/wp-content\/uploads\/2016\/09\/malayaya1-300x199.jpg\" alt=\"malayaya1\" width=\"300\" height=\"199\" srcset=\"https:\/\/www.mourioche.de\/wpmourio\/wp-content\/uploads\/2016\/09\/malayaya1-300x199.jpg 300w, https:\/\/www.mourioche.de\/wpmourio\/wp-content\/uploads\/2016\/09\/malayaya1-150x99.jpg 150w, https:\/\/www.mourioche.de\/wpmourio\/wp-content\/uploads\/2016\/09\/malayaya1-400x266.jpg 400w, https:\/\/www.mourioche.de\/wpmourio\/wp-content\/uploads\/2016\/09\/malayaya1.jpg 800w\" sizes=\"auto, (max-width: 300px) 100vw, 300px\" \/><\/a><\/p>\n<p style=\"text-align: center;\"><a href=\"https:\/\/www.mourioche.de\/wpmourio\/wp-content\/uploads\/2016\/09\/maggo1.jpg\"><img loading=\"lazy\" decoding=\"async\" class=\"alignnone size-medium wp-image-9232\" src=\"https:\/\/www.mourioche.de\/wpmourio\/wp-content\/uploads\/2016\/09\/maggo1-300x199.jpg\" alt=\"maggo1\" width=\"300\" height=\"199\" srcset=\"https:\/\/www.mourioche.de\/wpmourio\/wp-content\/uploads\/2016\/09\/maggo1-300x199.jpg 300w, https:\/\/www.mourioche.de\/wpmourio\/wp-content\/uploads\/2016\/09\/maggo1-150x99.jpg 150w, https:\/\/www.mourioche.de\/wpmourio\/wp-content\/uploads\/2016\/09\/maggo1-400x266.jpg 400w, https:\/\/www.mourioche.de\/wpmourio\/wp-content\/uploads\/2016\/09\/maggo1.jpg 800w\" sizes=\"auto, (max-width: 300px) 100vw, 300px\" \/><\/a><\/p>\n<p style=\"text-align: center;\">Aggo<\/p>\n<p style=\"text-align: center;\"><a href=\"https:\/\/www.mourioche.de\/wpmourio\/wp-content\/uploads\/2016\/09\/maegon1.jpg\"><img loading=\"lazy\" decoding=\"async\" class=\"alignnone size-medium wp-image-9231\" src=\"https:\/\/www.mourioche.de\/wpmourio\/wp-content\/uploads\/2016\/09\/maegon1-300x199.jpg\" alt=\"maegon1\" width=\"300\" height=\"199\" srcset=\"https:\/\/www.mourioche.de\/wpmourio\/wp-content\/uploads\/2016\/09\/maegon1-300x199.jpg 300w, https:\/\/www.mourioche.de\/wpmourio\/wp-content\/uploads\/2016\/09\/maegon1-150x99.jpg 150w, https:\/\/www.mourioche.de\/wpmourio\/wp-content\/uploads\/2016\/09\/maegon1-400x266.jpg 400w, https:\/\/www.mourioche.de\/wpmourio\/wp-content\/uploads\/2016\/09\/maegon1.jpg 800w\" sizes=\"auto, (max-width: 300px) 100vw, 300px\" \/><\/a><\/p>\n<p style=\"text-align: center;\">Aegon (links)<\/p>\n<p style=\"text-align: center;\">gestern hatten wir noch das sch\u00f6ne Wetter f\u00fcr einen kleinen Ausflug in den Garten genutzt:<\/p>\n<p><iframe loading=\"lazy\" src=\"https:\/\/www.youtube.com\/embed\/JNve3MpZlGo\" width=\"854\" height=\"480\" frameborder=\"0\" allowfullscreen=\"allowfullscreen\"><\/iframe><\/p>\n","protected":false},"excerpt":{"rendered":"<p>20.09.2016 Die Erfahrung hat uns gelehrt, dass die Zeit in Riesenschritten voran schreitet, wenn Welpen da sind. Man setzt sich zu ihnen, schaut und staunt, kuschelt und genie\u00dft. Und schwupps &#8211; ist wieder eine Stunde um. Oder zwei. Bei zwei W\u00fcrfen gleichzeitig bekommen diese Zeitspr\u00fcnge eine ganz andere Dimension. Man setzt sich zu den Welpen, &hellip; <a href=\"https:\/\/www.mourioche.de\/?page_id=9245\" class=\"more-link\"><span class=\"screen-reader-text\">Mimi A-Wurf 3. Woche<\/span> weiterlesen <span class=\"meta-nav\">&rarr;<\/span><\/a><\/p>\n","protected":false},"author":2,"featured_media":0,"parent":9112,"menu_order":3113,"comment_status":"open","ping_status":"open","template":"","meta":{"footnotes":""},"class_list":["post-9245","page","type-page","status-publish","hentry"],"_links":{"self":[{"href":"https:\/\/www.mourioche.de\/index.php?rest_route=\/wp\/v2\/pages\/9245","targetHints":{"allow":["GET"]}}],"collection":[{"href":"https:\/\/www.mourioche.de\/index.php?rest_route=\/wp\/v2\/pages"}],"about":[{"href":"https:\/\/www.mourioche.de\/index.php?rest_route=\/wp\/v2\/types\/page"}],"author":[{"embeddable":true,"href":"https:\/\/www.mourioche.de\/index.php?rest_route=\/wp\/v2\/users\/2"}],"replies":[{"embeddable":true,"href":"https:\/\/www.mourioche.de\/index.php?rest_route=%2Fwp%2Fv2%2Fcomments&post=9245"}],"version-history":[{"count":5,"href":"https:\/\/www.mourioche.de\/index.php?rest_route=\/wp\/v2\/pages\/9245\/revisions"}],"predecessor-version":[{"id":9287,"href":"https:\/\/www.mourioche.de\/index.php?rest_route=\/wp\/v2\/pages\/9245\/revisions\/9287"}],"up":[{"embeddable":true,"href":"https:\/\/www.mourioche.de\/index.php?rest_route=\/wp\/v2\/pages\/9112"}],"wp:attachment":[{"href":"https:\/\/www.mourioche.de\/index.php?rest_route=%2Fwp%2Fv2%2Fmedia&parent=9245"}],"curies":[{"name":"wp","href":"https:\/\/api.w.org\/{rel}","templated":true}]}}