{"id":9590,"date":"2016-10-04T21:28:32","date_gmt":"2016-10-04T19:28:32","guid":{"rendered":"http:\/\/www.mourioche.de\/?page_id=9590"},"modified":"2016-10-07T20:12:13","modified_gmt":"2016-10-07T18:12:13","slug":"lulu-k-wurf-4-woche","status":"publish","type":"page","link":"https:\/\/www.mourioche.de\/?page_id=9590","title":{"rendered":"Lulu K-Wurf 4. Woche"},"content":{"rendered":"<p style=\"text-align: center;\"><strong>07.10.2016<\/strong><\/p>\n<p style=\"text-align: center;\">Nachdem wir Anfang der Woche einem Seniorenheim einen Besuch abgestattet haben, ging es heute zu einer Krabbelgruppe. Zus\u00e4tzlich wohnen dort zwei welpenerprobte Golden Retriever, so dass unsere Kleinen auch mal gro\u00dfe Hunde kennen lernen konnten. Alle Welpen erkundeten den fremden Garten v\u00f6llig unbek\u00fcmmert, nahmen unbefangen Kontakt zu den Retrievern und zu den Menschen auf.<\/p>\n<p style=\"text-align: center;\"><a href=\"https:\/\/www.mourioche.de\/wpmourio\/wp-content\/uploads\/2016\/10\/a.jpg\"><img loading=\"lazy\" decoding=\"async\" class=\"alignnone size-medium wp-image-9602\" src=\"https:\/\/www.mourioche.de\/wpmourio\/wp-content\/uploads\/2016\/10\/a-200x300.jpg\" alt=\"a\" width=\"200\" height=\"300\" srcset=\"https:\/\/www.mourioche.de\/wpmourio\/wp-content\/uploads\/2016\/10\/a-200x300.jpg 200w, https:\/\/www.mourioche.de\/wpmourio\/wp-content\/uploads\/2016\/10\/a-682x1024.jpg 682w, https:\/\/www.mourioche.de\/wpmourio\/wp-content\/uploads\/2016\/10\/a-100x150.jpg 100w, https:\/\/www.mourioche.de\/wpmourio\/wp-content\/uploads\/2016\/10\/a-400x600.jpg 400w, https:\/\/www.mourioche.de\/wpmourio\/wp-content\/uploads\/2016\/10\/a.jpg 800w\" sizes=\"auto, (max-width: 200px) 100vw, 200px\" \/><\/a><\/p>\n<p style=\"text-align: center;\"><a href=\"https:\/\/www.mourioche.de\/wpmourio\/wp-content\/uploads\/2016\/10\/falsch1.jpg\"><img loading=\"lazy\" decoding=\"async\" class=\"alignnone size-medium wp-image-9603\" src=\"https:\/\/www.mourioche.de\/wpmourio\/wp-content\/uploads\/2016\/10\/falsch1-300x166.jpg\" alt=\"falsch1\" width=\"300\" height=\"166\" srcset=\"https:\/\/www.mourioche.de\/wpmourio\/wp-content\/uploads\/2016\/10\/falsch1-300x166.jpg 300w, https:\/\/www.mourioche.de\/wpmourio\/wp-content\/uploads\/2016\/10\/falsch1-450x250.jpg 450w, https:\/\/www.mourioche.de\/wpmourio\/wp-content\/uploads\/2016\/10\/falsch1-150x83.jpg 150w, https:\/\/www.mourioche.de\/wpmourio\/wp-content\/uploads\/2016\/10\/falsch1-400x221.jpg 400w, https:\/\/www.mourioche.de\/wpmourio\/wp-content\/uploads\/2016\/10\/falsch1.jpg 800w\" sizes=\"auto, (max-width: 300px) 100vw, 300px\" \/><\/a><\/p>\n<p style=\"text-align: center;\"><a href=\"https:\/\/www.mourioche.de\/wpmourio\/wp-content\/uploads\/2016\/10\/guck1.jpg\"><img loading=\"lazy\" decoding=\"async\" class=\"alignnone size-medium wp-image-9604\" src=\"https:\/\/www.mourioche.de\/wpmourio\/wp-content\/uploads\/2016\/10\/guck1-300x170.jpg\" alt=\"guck1\" width=\"300\" height=\"170\" srcset=\"https:\/\/www.mourioche.de\/wpmourio\/wp-content\/uploads\/2016\/10\/guck1-300x170.jpg 300w, https:\/\/www.mourioche.de\/wpmourio\/wp-content\/uploads\/2016\/10\/guck1-150x85.jpg 150w, https:\/\/www.mourioche.de\/wpmourio\/wp-content\/uploads\/2016\/10\/guck1-400x227.jpg 400w, https:\/\/www.mourioche.de\/wpmourio\/wp-content\/uploads\/2016\/10\/guck1.jpg 800w\" sizes=\"auto, (max-width: 300px) 100vw, 300px\" \/><\/a><\/p>\n<p style=\"text-align: center;\"><a href=\"https:\/\/www.mourioche.de\/wpmourio\/wp-content\/uploads\/2016\/10\/guck2.jpg\"><img loading=\"lazy\" decoding=\"async\" class=\"alignnone size-medium wp-image-9605\" src=\"https:\/\/www.mourioche.de\/wpmourio\/wp-content\/uploads\/2016\/10\/guck2-300x199.jpg\" alt=\"guck2\" width=\"300\" height=\"199\" srcset=\"https:\/\/www.mourioche.de\/wpmourio\/wp-content\/uploads\/2016\/10\/guck2-300x199.jpg 300w, https:\/\/www.mourioche.de\/wpmourio\/wp-content\/uploads\/2016\/10\/guck2-150x99.jpg 150w, https:\/\/www.mourioche.de\/wpmourio\/wp-content\/uploads\/2016\/10\/guck2-400x266.jpg 400w, https:\/\/www.mourioche.de\/wpmourio\/wp-content\/uploads\/2016\/10\/guck2.jpg 800w\" sizes=\"auto, (max-width: 300px) 100vw, 300px\" \/><\/a><\/p>\n<p style=\"text-align: center;\"><strong>04.10.2016<\/strong><\/p>\n<p style=\"text-align: center;\">Die vierte Lebenswoche von Lulus Quintett begann gemeinsam mit Mimis Welpen mit einem gro\u00dfen Ausflug. Wir erhielten gestern die M\u00f6glichkeit, mit den Welpen ein Seniorenheim zu besuchen!<\/p>\n<p style=\"text-align: center;\">Dieser Ausflug war nicht nur f\u00fcr die Welpen ein echtes Erlebnis. Es war so beeindruckend und ber\u00fchrend zu sehen, wie die Bewohner des Heims aufbl\u00fchten, als sie die M\u00f6glichkeit erhielten. direkten Kontakt zu den Welpen aufzunehmen. Unter unserer Aufsicht durften sie einzelne Welpen auf den Scho\u00df nehmen und streicheln, w\u00e4hrend gleichzeitig im her gerichteten Auslauf die Geschwister durch ihre Spiele und Aktivit\u00e4ten f\u00fcr Unterhaltung sorgten. Unglaublich, was f\u00fcr einen Effekt die kleinen Hundekinder auf die Senioren hatten! So unterhielt ich mich zum Beispiel eine ganze Weile angeregt mit einer Dame, w\u00e4hrend sie einen Welpen auf dem Scho\u00df streichelte. Sie erz\u00e4hlte mir, dass sie fr\u00fcher schon immer Hunde gehabt hatte und berichtete mir von ihrem Leben. Sp\u00e4ter erfuhr ich, dass diese Dame normalerweise kaum mal ein Wort sagt! Auch das Strahlen der blinden Bewohnerin, als sie den Welpen auf ihrem Scho\u00df sp\u00fcrte, war einfach unbeschreiblich. Liebevoll und z\u00e4rtlich gingen sie mit den Welpen um, stets besorgt, dass ihnen kein Leid geschieht. Eine Bewohnerin feierte gerade ihren Geburtstag im Kreis ihrer Familie, auch sie besuchte ich mit einem Welpen &#8211; dieser Besuch war wohl das sch\u00f6nste Geschenk des Tages, gro\u00df war die Trauer, als sie h\u00f6rte, dass sie die Kleine nicht behalten darf. Das Argument, dass das Baby aber zur\u00fcck zur Mama muss, \u00fcberzeugte sie aber und so konnten wir uns verabschieden. Bewohner, die nur sehr selten ihr Zimmer verlassen, kamen, um an dem Ereignis teil nehmen zu k\u00f6nnen und erz\u00e4hlten Geschichten aus ihrem Leben.<\/p>\n<p style=\"text-align: center;\">Und die Welpen? Die fanden das nat\u00fcrlich alles spannend! So viele Leute, so viele Ger\u00fcche, so viele H\u00e4nde&#8230; Da sie aber alle vom ersten Tag an daran gew\u00f6hnt sind, von fremden Menschen angefasst zu werden (immerhin haben wir so gut wie t\u00e4glich Besuch hier), kuschelten sie friedlich auf dem Scho\u00df, spielten in dem provisorischen Auslauf &#8211; und fielen in den Schlaf.\u00a0Lulus Welpen, die ja 10 Tage j\u00fcnger sind als Mimis Welpen, haben wir dann in ihrer Box zur Ruhe gelegt, dort konnten sie ungest\u00f6rt schlafen, w\u00e4hrend Mimis Welpen noch wach und aktiv waren und eine zweite Wohngruppe im Haus besuchten. Als auch diese f\u00fcnf m\u00fcde wurden, ging es wieder Richtung Heimat. Dort schliefen alle ausgiebig, tobten anschlie\u00dfend aber schon wieder durch die Gegend, als w\u00e4re nichts gewesen. Heute haben wir allerdings nichts mit ihnen unternommen, sie waren alle Zuhause und ohne Besuch &#8211; immerhin sollen sie nicht \u00fcberfordert werden und sie brauchen ihren Schlaf und ihre Ruhe.<\/p>\n<p style=\"text-align: center;\">Vielen Dank an das <a href=\"http:\/\/www.mallinckrodthof.de\">Seniorencentrum\u00a0Mallinckrodthof<\/a>, das uns diesen Besuch erm\u00f6glicht hat!<\/p>\n<p style=\"text-align: center;\"><a href=\"https:\/\/www.mourioche.de\/wpmourio\/wp-content\/uploads\/2016\/10\/alt1.jpg\"><img loading=\"lazy\" decoding=\"async\" class=\"alignnone size-medium wp-image-9591\" src=\"https:\/\/www.mourioche.de\/wpmourio\/wp-content\/uploads\/2016\/10\/alt1-300x282.jpg\" alt=\"alt1\" width=\"300\" height=\"282\" srcset=\"https:\/\/www.mourioche.de\/wpmourio\/wp-content\/uploads\/2016\/10\/alt1-300x282.jpg 300w, https:\/\/www.mourioche.de\/wpmourio\/wp-content\/uploads\/2016\/10\/alt1-150x141.jpg 150w, https:\/\/www.mourioche.de\/wpmourio\/wp-content\/uploads\/2016\/10\/alt1-400x377.jpg 400w, https:\/\/www.mourioche.de\/wpmourio\/wp-content\/uploads\/2016\/10\/alt1.jpg 800w\" sizes=\"auto, (max-width: 300px) 100vw, 300px\" \/><\/a> <a href=\"https:\/\/www.mourioche.de\/wpmourio\/wp-content\/uploads\/2016\/10\/alt2.jpg\"><img loading=\"lazy\" decoding=\"async\" class=\"alignnone size-medium wp-image-9592\" src=\"https:\/\/www.mourioche.de\/wpmourio\/wp-content\/uploads\/2016\/10\/alt2-300x199.jpg\" alt=\"alt2\" width=\"300\" height=\"199\" srcset=\"https:\/\/www.mourioche.de\/wpmourio\/wp-content\/uploads\/2016\/10\/alt2-300x199.jpg 300w, https:\/\/www.mourioche.de\/wpmourio\/wp-content\/uploads\/2016\/10\/alt2-150x99.jpg 150w, https:\/\/www.mourioche.de\/wpmourio\/wp-content\/uploads\/2016\/10\/alt2-400x266.jpg 400w, https:\/\/www.mourioche.de\/wpmourio\/wp-content\/uploads\/2016\/10\/alt2.jpg 800w\" sizes=\"auto, (max-width: 300px) 100vw, 300px\" \/><\/a> <a href=\"https:\/\/www.mourioche.de\/wpmourio\/wp-content\/uploads\/2016\/10\/alt3.jpg\"><img loading=\"lazy\" decoding=\"async\" class=\"alignnone size-medium wp-image-9593\" src=\"https:\/\/www.mourioche.de\/wpmourio\/wp-content\/uploads\/2016\/10\/alt3-300x175.jpg\" alt=\"alt3\" width=\"300\" height=\"175\" srcset=\"https:\/\/www.mourioche.de\/wpmourio\/wp-content\/uploads\/2016\/10\/alt3-300x175.jpg 300w, https:\/\/www.mourioche.de\/wpmourio\/wp-content\/uploads\/2016\/10\/alt3-150x87.jpg 150w, https:\/\/www.mourioche.de\/wpmourio\/wp-content\/uploads\/2016\/10\/alt3-400x234.jpg 400w, https:\/\/www.mourioche.de\/wpmourio\/wp-content\/uploads\/2016\/10\/alt3.jpg 800w\" sizes=\"auto, (max-width: 300px) 100vw, 300px\" \/><\/a> <a href=\"https:\/\/www.mourioche.de\/wpmourio\/wp-content\/uploads\/2016\/10\/alt4.jpg\"><img loading=\"lazy\" decoding=\"async\" class=\"alignnone size-medium wp-image-9594\" src=\"https:\/\/www.mourioche.de\/wpmourio\/wp-content\/uploads\/2016\/10\/alt4-300x199.jpg\" alt=\"alt4\" width=\"300\" height=\"199\" srcset=\"https:\/\/www.mourioche.de\/wpmourio\/wp-content\/uploads\/2016\/10\/alt4-300x199.jpg 300w, https:\/\/www.mourioche.de\/wpmourio\/wp-content\/uploads\/2016\/10\/alt4-150x99.jpg 150w, https:\/\/www.mourioche.de\/wpmourio\/wp-content\/uploads\/2016\/10\/alt4-400x266.jpg 400w, https:\/\/www.mourioche.de\/wpmourio\/wp-content\/uploads\/2016\/10\/alt4.jpg 800w\" sizes=\"auto, (max-width: 300px) 100vw, 300px\" \/><\/a><\/p>\n","protected":false},"excerpt":{"rendered":"<p>07.10.2016 Nachdem wir Anfang der Woche einem Seniorenheim einen Besuch abgestattet haben, ging es heute zu einer Krabbelgruppe. Zus\u00e4tzlich wohnen dort zwei welpenerprobte Golden Retriever, so dass unsere Kleinen auch mal gro\u00dfe Hunde kennen lernen konnten. Alle Welpen erkundeten den fremden Garten v\u00f6llig unbek\u00fcmmert, nahmen unbefangen Kontakt zu den Retrievern und zu den Menschen auf. &hellip; <a href=\"https:\/\/www.mourioche.de\/?page_id=9590\" class=\"more-link\"><span class=\"screen-reader-text\">Lulu K-Wurf 4. Woche<\/span> weiterlesen <span class=\"meta-nav\">&rarr;<\/span><\/a><\/p>\n","protected":false},"author":2,"featured_media":0,"parent":9199,"menu_order":2414,"comment_status":"open","ping_status":"open","template":"","meta":{"footnotes":""},"class_list":["post-9590","page","type-page","status-publish","hentry"],"_links":{"self":[{"href":"https:\/\/www.mourioche.de\/index.php?rest_route=\/wp\/v2\/pages\/9590","targetHints":{"allow":["GET"]}}],"collection":[{"href":"https:\/\/www.mourioche.de\/index.php?rest_route=\/wp\/v2\/pages"}],"about":[{"href":"https:\/\/www.mourioche.de\/index.php?rest_route=\/wp\/v2\/types\/page"}],"author":[{"embeddable":true,"href":"https:\/\/www.mourioche.de\/index.php?rest_route=\/wp\/v2\/users\/2"}],"replies":[{"embeddable":true,"href":"https:\/\/www.mourioche.de\/index.php?rest_route=%2Fwp%2Fv2%2Fcomments&post=9590"}],"version-history":[{"count":3,"href":"https:\/\/www.mourioche.de\/index.php?rest_route=\/wp\/v2\/pages\/9590\/revisions"}],"predecessor-version":[{"id":9622,"href":"https:\/\/www.mourioche.de\/index.php?rest_route=\/wp\/v2\/pages\/9590\/revisions\/9622"}],"up":[{"embeddable":true,"href":"https:\/\/www.mourioche.de\/index.php?rest_route=\/wp\/v2\/pages\/9199"}],"wp:attachment":[{"href":"https:\/\/www.mourioche.de\/index.php?rest_route=%2Fwp%2Fv2%2Fmedia&parent=9590"}],"curies":[{"name":"wp","href":"https:\/\/api.w.org\/{rel}","templated":true}]}}