{"id":9642,"date":"2016-10-13T14:48:39","date_gmt":"2016-10-13T12:48:39","guid":{"rendered":"http:\/\/www.mourioche.de\/?page_id=9642"},"modified":"2016-10-13T14:48:39","modified_gmt":"2016-10-13T12:48:39","slug":"lulu-k-wurf-5-woche","status":"publish","type":"page","link":"https:\/\/www.mourioche.de\/?page_id=9642","title":{"rendered":"Lulu K-Wurf 5. Woche"},"content":{"rendered":"<p style=\"text-align: center;\"><strong>13.10.2016<\/strong><\/p>\n<p style=\"text-align: center;\">Hatte ich schon erw\u00e4hnt, dass die Zeit wie im Fluge vergeht, wenn Welpen im Haus sind? T\u00e4glich geschieht etwas neues, die Kleinen werden immer flotter und frecher. Wir nutzen jede Gelegenheit, um mit ihnen etwas zu unternehmen, sei es hier zu Hause oder im Wald. Besucher geben sich oft die Klinke in die Hand und sind immer herzlich willkommen. Schn\u00fcrsenkel k\u00f6nnen schon professionell von den Welpen ge\u00f6ffnet werden &#8211; am Schlie\u00dfen arbeiten wir noch \ud83d\ude09 Mittlerweile k\u00f6nnen die Berger und die Mudis schon prima miteinander spielen, der Altersunterschied von 10 Tagen ist zwar noch sp\u00fcrbar, aber nicht mehr so gravierend. Auch beide M\u00fctter dulden den jeweils anderen Wurf, so dass alle zusammen eine tolle Zeit verbringen.<\/p>\n<p style=\"text-align: center;\"><a href=\"https:\/\/www.mourioche.de\/wpmourio\/wp-content\/uploads\/2016\/10\/baby1.jpg\"><img loading=\"lazy\" decoding=\"async\" class=\"alignnone size-medium wp-image-9626\" src=\"https:\/\/www.mourioche.de\/wpmourio\/wp-content\/uploads\/2016\/10\/baby1-224x300.jpg\" alt=\"baby1\" width=\"224\" height=\"300\" srcset=\"https:\/\/www.mourioche.de\/wpmourio\/wp-content\/uploads\/2016\/10\/baby1-224x300.jpg 224w, https:\/\/www.mourioche.de\/wpmourio\/wp-content\/uploads\/2016\/10\/baby1-767x1024.jpg 767w, https:\/\/www.mourioche.de\/wpmourio\/wp-content\/uploads\/2016\/10\/baby1-112x150.jpg 112w, https:\/\/www.mourioche.de\/wpmourio\/wp-content\/uploads\/2016\/10\/baby1.jpg 800w\" sizes=\"auto, (max-width: 224px) 100vw, 224px\" \/><\/a><\/p>\n<p style=\"text-align: center;\"><a href=\"https:\/\/www.mourioche.de\/wpmourio\/wp-content\/uploads\/2016\/10\/besuch1.jpg\"><img loading=\"lazy\" decoding=\"async\" class=\"alignnone size-medium wp-image-9627\" src=\"https:\/\/www.mourioche.de\/wpmourio\/wp-content\/uploads\/2016\/10\/besuch1-300x225.jpg\" alt=\"besuch1\" width=\"300\" height=\"225\" srcset=\"https:\/\/www.mourioche.de\/wpmourio\/wp-content\/uploads\/2016\/10\/besuch1-300x225.jpg 300w, https:\/\/www.mourioche.de\/wpmourio\/wp-content\/uploads\/2016\/10\/besuch1-150x112.jpg 150w, https:\/\/www.mourioche.de\/wpmourio\/wp-content\/uploads\/2016\/10\/besuch1-400x300.jpg 400w, https:\/\/www.mourioche.de\/wpmourio\/wp-content\/uploads\/2016\/10\/besuch1.jpg 800w\" sizes=\"auto, (max-width: 300px) 100vw, 300px\" \/><\/a><\/p>\n<p style=\"text-align: center;\"><a href=\"https:\/\/www.mourioche.de\/wpmourio\/wp-content\/uploads\/2016\/10\/familie1.jpg\"><img loading=\"lazy\" decoding=\"async\" class=\"alignnone size-medium wp-image-9628\" src=\"https:\/\/www.mourioche.de\/wpmourio\/wp-content\/uploads\/2016\/10\/familie1-300x225.jpg\" alt=\"familie1\" width=\"300\" height=\"225\" srcset=\"https:\/\/www.mourioche.de\/wpmourio\/wp-content\/uploads\/2016\/10\/familie1-300x225.jpg 300w, https:\/\/www.mourioche.de\/wpmourio\/wp-content\/uploads\/2016\/10\/familie1-150x112.jpg 150w, https:\/\/www.mourioche.de\/wpmourio\/wp-content\/uploads\/2016\/10\/familie1-400x300.jpg 400w, https:\/\/www.mourioche.de\/wpmourio\/wp-content\/uploads\/2016\/10\/familie1.jpg 800w\" sizes=\"auto, (max-width: 300px) 100vw, 300px\" \/><\/a><\/p>\n<p style=\"text-align: center;\"><a href=\"https:\/\/www.mourioche.de\/wpmourio\/wp-content\/uploads\/2016\/10\/gemsicht1.jpg\"><img loading=\"lazy\" decoding=\"async\" class=\"alignnone size-medium wp-image-9629\" src=\"https:\/\/www.mourioche.de\/wpmourio\/wp-content\/uploads\/2016\/10\/gemsicht1-300x241.jpg\" alt=\"gemsicht1\" width=\"300\" height=\"241\" srcset=\"https:\/\/www.mourioche.de\/wpmourio\/wp-content\/uploads\/2016\/10\/gemsicht1-300x241.jpg 300w, https:\/\/www.mourioche.de\/wpmourio\/wp-content\/uploads\/2016\/10\/gemsicht1-150x120.jpg 150w, https:\/\/www.mourioche.de\/wpmourio\/wp-content\/uploads\/2016\/10\/gemsicht1-400x322.jpg 400w, https:\/\/www.mourioche.de\/wpmourio\/wp-content\/uploads\/2016\/10\/gemsicht1.jpg 800w\" sizes=\"auto, (max-width: 300px) 100vw, 300px\" \/><\/a><\/p>\n<p style=\"text-align: center;\">beim S\u00e4ugen wird nicht so genau darauf geachtet, wer alles andockt<\/p>\n<p style=\"text-align: center;\"><a href=\"https:\/\/www.mourioche.de\/wpmourio\/wp-content\/uploads\/2016\/10\/kuschel1.jpg\"><img loading=\"lazy\" decoding=\"async\" class=\"alignnone size-medium wp-image-9630\" src=\"https:\/\/www.mourioche.de\/wpmourio\/wp-content\/uploads\/2016\/10\/kuschel1-300x225.jpg\" alt=\"kuschel1\" width=\"300\" height=\"225\" srcset=\"https:\/\/www.mourioche.de\/wpmourio\/wp-content\/uploads\/2016\/10\/kuschel1-300x225.jpg 300w, https:\/\/www.mourioche.de\/wpmourio\/wp-content\/uploads\/2016\/10\/kuschel1-150x112.jpg 150w, https:\/\/www.mourioche.de\/wpmourio\/wp-content\/uploads\/2016\/10\/kuschel1-400x300.jpg 400w, https:\/\/www.mourioche.de\/wpmourio\/wp-content\/uploads\/2016\/10\/kuschel1.jpg 800w\" sizes=\"auto, (max-width: 300px) 100vw, 300px\" \/><\/a><\/p>\n<p style=\"text-align: center;\"><a href=\"https:\/\/www.mourioche.de\/wpmourio\/wp-content\/uploads\/2016\/10\/kuschel2.jpg\"><img loading=\"lazy\" decoding=\"async\" class=\"alignnone size-medium wp-image-9631\" src=\"https:\/\/www.mourioche.de\/wpmourio\/wp-content\/uploads\/2016\/10\/kuschel2-300x225.jpg\" alt=\"kuschel2\" width=\"300\" height=\"225\" srcset=\"https:\/\/www.mourioche.de\/wpmourio\/wp-content\/uploads\/2016\/10\/kuschel2-300x225.jpg 300w, https:\/\/www.mourioche.de\/wpmourio\/wp-content\/uploads\/2016\/10\/kuschel2-150x112.jpg 150w, https:\/\/www.mourioche.de\/wpmourio\/wp-content\/uploads\/2016\/10\/kuschel2-400x300.jpg 400w, https:\/\/www.mourioche.de\/wpmourio\/wp-content\/uploads\/2016\/10\/kuschel2.jpg 800w\" sizes=\"auto, (max-width: 300px) 100vw, 300px\" \/><\/a><\/p>\n<p style=\"text-align: center;\">auch kuscheln kann man prima rasse\u00fcbergreifend<\/p>\n<p style=\"text-align: center;\"><a href=\"https:\/\/www.mourioche.de\/wpmourio\/wp-content\/uploads\/2016\/10\/lucy11.jpg\"><img loading=\"lazy\" decoding=\"async\" class=\"alignnone size-medium wp-image-9632\" src=\"https:\/\/www.mourioche.de\/wpmourio\/wp-content\/uploads\/2016\/10\/lucy11-300x225.jpg\" alt=\"lucy1\" width=\"300\" height=\"225\" srcset=\"https:\/\/www.mourioche.de\/wpmourio\/wp-content\/uploads\/2016\/10\/lucy11-300x225.jpg 300w, https:\/\/www.mourioche.de\/wpmourio\/wp-content\/uploads\/2016\/10\/lucy11-150x112.jpg 150w, https:\/\/www.mourioche.de\/wpmourio\/wp-content\/uploads\/2016\/10\/lucy11-400x300.jpg 400w, https:\/\/www.mourioche.de\/wpmourio\/wp-content\/uploads\/2016\/10\/lucy11.jpg 800w\" sizes=\"auto, (max-width: 300px) 100vw, 300px\" \/><\/a><\/p>\n<p style=\"text-align: center;\">zu Besuch: Lucy, die welpenerfahrene franz\u00f6sische Bulldogge. So lernen die Kleinen auch mal anders aussehende Hunde kennen!<\/p>\n<p style=\"text-align: center;\"><a href=\"https:\/\/www.mourioche.de\/wpmourio\/wp-content\/uploads\/2016\/10\/lucy2.jpg\"><img loading=\"lazy\" decoding=\"async\" class=\"alignnone size-medium wp-image-9633\" src=\"https:\/\/www.mourioche.de\/wpmourio\/wp-content\/uploads\/2016\/10\/lucy2-153x300.jpg\" alt=\"lucy2\" width=\"153\" height=\"300\" srcset=\"https:\/\/www.mourioche.de\/wpmourio\/wp-content\/uploads\/2016\/10\/lucy2-153x300.jpg 153w, https:\/\/www.mourioche.de\/wpmourio\/wp-content\/uploads\/2016\/10\/lucy2-524x1024.jpg 524w, https:\/\/www.mourioche.de\/wpmourio\/wp-content\/uploads\/2016\/10\/lucy2-76x150.jpg 76w, https:\/\/www.mourioche.de\/wpmourio\/wp-content\/uploads\/2016\/10\/lucy2-400x781.jpg 400w, https:\/\/www.mourioche.de\/wpmourio\/wp-content\/uploads\/2016\/10\/lucy2.jpg 800w\" sizes=\"auto, (max-width: 153px) 100vw, 153px\" \/><\/a><\/p>\n<p style=\"text-align: center;\"><a href=\"https:\/\/www.mourioche.de\/wpmourio\/wp-content\/uploads\/2016\/10\/lucy3.jpg\"><img loading=\"lazy\" decoding=\"async\" class=\"alignnone size-medium wp-image-9634\" src=\"https:\/\/www.mourioche.de\/wpmourio\/wp-content\/uploads\/2016\/10\/lucy3-300x225.jpg\" alt=\"lucy3\" width=\"300\" height=\"225\" srcset=\"https:\/\/www.mourioche.de\/wpmourio\/wp-content\/uploads\/2016\/10\/lucy3-300x225.jpg 300w, https:\/\/www.mourioche.de\/wpmourio\/wp-content\/uploads\/2016\/10\/lucy3-150x112.jpg 150w, https:\/\/www.mourioche.de\/wpmourio\/wp-content\/uploads\/2016\/10\/lucy3-400x300.jpg 400w, https:\/\/www.mourioche.de\/wpmourio\/wp-content\/uploads\/2016\/10\/lucy3.jpg 800w\" sizes=\"auto, (max-width: 300px) 100vw, 300px\" \/><\/a><\/p>\n<p style=\"text-align: center;\"><a href=\"https:\/\/www.mourioche.de\/wpmourio\/wp-content\/uploads\/2016\/10\/merle1.jpg\"><img loading=\"lazy\" decoding=\"async\" class=\"alignnone size-medium wp-image-9635\" src=\"https:\/\/www.mourioche.de\/wpmourio\/wp-content\/uploads\/2016\/10\/merle1-300x225.jpg\" alt=\"merle1\" width=\"300\" height=\"225\" srcset=\"https:\/\/www.mourioche.de\/wpmourio\/wp-content\/uploads\/2016\/10\/merle1-300x225.jpg 300w, https:\/\/www.mourioche.de\/wpmourio\/wp-content\/uploads\/2016\/10\/merle1-150x112.jpg 150w, https:\/\/www.mourioche.de\/wpmourio\/wp-content\/uploads\/2016\/10\/merle1-400x300.jpg 400w, https:\/\/www.mourioche.de\/wpmourio\/wp-content\/uploads\/2016\/10\/merle1.jpg 800w\" sizes=\"auto, (max-width: 300px) 100vw, 300px\" \/><\/a><\/p>\n<p style=\"text-align: center;\"><a href=\"https:\/\/www.mourioche.de\/wpmourio\/wp-content\/uploads\/2016\/10\/schluss1.jpg\"><img loading=\"lazy\" decoding=\"async\" class=\"alignnone size-medium wp-image-9637\" src=\"https:\/\/www.mourioche.de\/wpmourio\/wp-content\/uploads\/2016\/10\/schluss1-300x225.jpg\" alt=\"schluss1\" width=\"300\" height=\"225\" srcset=\"https:\/\/www.mourioche.de\/wpmourio\/wp-content\/uploads\/2016\/10\/schluss1-300x225.jpg 300w, https:\/\/www.mourioche.de\/wpmourio\/wp-content\/uploads\/2016\/10\/schluss1-150x112.jpg 150w, https:\/\/www.mourioche.de\/wpmourio\/wp-content\/uploads\/2016\/10\/schluss1-400x300.jpg 400w, https:\/\/www.mourioche.de\/wpmourio\/wp-content\/uploads\/2016\/10\/schluss1.jpg 800w\" sizes=\"auto, (max-width: 300px) 100vw, 300px\" \/><\/a><\/p>\n<p style=\"text-align: center;\">so, jetzt reichts aber! Kinder, ab ins Bett!<\/p>\n<p style=\"text-align: center;\"><img loading=\"lazy\" decoding=\"async\" class=\"alignnone size-medium wp-image-9636\" src=\"https:\/\/www.mourioche.de\/wpmourio\/wp-content\/uploads\/2016\/10\/schlaf1-224x300.jpg\" alt=\"schlaf1\" width=\"224\" height=\"300\" srcset=\"https:\/\/www.mourioche.de\/wpmourio\/wp-content\/uploads\/2016\/10\/schlaf1-224x300.jpg 224w, https:\/\/www.mourioche.de\/wpmourio\/wp-content\/uploads\/2016\/10\/schlaf1-767x1024.jpg 767w, https:\/\/www.mourioche.de\/wpmourio\/wp-content\/uploads\/2016\/10\/schlaf1-112x150.jpg 112w, https:\/\/www.mourioche.de\/wpmourio\/wp-content\/uploads\/2016\/10\/schlaf1.jpg 800w\" sizes=\"auto, (max-width: 224px) 100vw, 224px\" \/><\/p>\n<p style=\"text-align: center;\">ok, machen wir!<\/p>\n","protected":false},"excerpt":{"rendered":"<p>13.10.2016 Hatte ich schon erw\u00e4hnt, dass die Zeit wie im Fluge vergeht, wenn Welpen im Haus sind? T\u00e4glich geschieht etwas neues, die Kleinen werden immer flotter und frecher. Wir nutzen jede Gelegenheit, um mit ihnen etwas zu unternehmen, sei es hier zu Hause oder im Wald. Besucher geben sich oft die Klinke in die Hand &hellip; <a href=\"https:\/\/www.mourioche.de\/?page_id=9642\" class=\"more-link\"><span class=\"screen-reader-text\">Lulu K-Wurf 5. Woche<\/span> weiterlesen <span class=\"meta-nav\">&rarr;<\/span><\/a><\/p>\n","protected":false},"author":2,"featured_media":0,"parent":9199,"menu_order":2415,"comment_status":"open","ping_status":"open","template":"","meta":{"footnotes":""},"class_list":["post-9642","page","type-page","status-publish","hentry"],"_links":{"self":[{"href":"https:\/\/www.mourioche.de\/index.php?rest_route=\/wp\/v2\/pages\/9642","targetHints":{"allow":["GET"]}}],"collection":[{"href":"https:\/\/www.mourioche.de\/index.php?rest_route=\/wp\/v2\/pages"}],"about":[{"href":"https:\/\/www.mourioche.de\/index.php?rest_route=\/wp\/v2\/types\/page"}],"author":[{"embeddable":true,"href":"https:\/\/www.mourioche.de\/index.php?rest_route=\/wp\/v2\/users\/2"}],"replies":[{"embeddable":true,"href":"https:\/\/www.mourioche.de\/index.php?rest_route=%2Fwp%2Fv2%2Fcomments&post=9642"}],"version-history":[{"count":1,"href":"https:\/\/www.mourioche.de\/index.php?rest_route=\/wp\/v2\/pages\/9642\/revisions"}],"predecessor-version":[{"id":9643,"href":"https:\/\/www.mourioche.de\/index.php?rest_route=\/wp\/v2\/pages\/9642\/revisions\/9643"}],"up":[{"embeddable":true,"href":"https:\/\/www.mourioche.de\/index.php?rest_route=\/wp\/v2\/pages\/9199"}],"wp:attachment":[{"href":"https:\/\/www.mourioche.de\/index.php?rest_route=%2Fwp%2Fv2%2Fmedia&parent=9642"}],"curies":[{"name":"wp","href":"https:\/\/api.w.org\/{rel}","templated":true}]}}