{"id":9671,"date":"2016-10-27T18:01:45","date_gmt":"2016-10-27T16:01:45","guid":{"rendered":"http:\/\/www.mourioche.de\/?page_id=9671"},"modified":"2016-11-02T11:36:15","modified_gmt":"2016-11-02T09:36:15","slug":"lulu-k-wurf-8-woche","status":"publish","type":"page","link":"https:\/\/www.mourioche.de\/?page_id=9671","title":{"rendered":"Lulu K-Wurf 7. Woche"},"content":{"rendered":"<p style=\"text-align: center;\"><strong>30.10.2016<\/strong><\/p>\n<p style=\"text-align: center;\">Die ersten Mudi-Welpen sind bereits ausgezogen, langweilig wird es trotzdem nicht &#8211; es gibt so viel zu erkunden und entdecken!<\/p>\n<p style=\"text-align: center;\"><a href=\"https:\/\/www.mourioche.de\/wpmourio\/wp-content\/uploads\/2016\/10\/korb1.jpg\"><img loading=\"lazy\" decoding=\"async\" class=\"alignnone size-medium wp-image-9688\" src=\"https:\/\/www.mourioche.de\/wpmourio\/wp-content\/uploads\/2016\/10\/korb1-300x199.jpg\" alt=\"korb1\" width=\"300\" height=\"199\" srcset=\"https:\/\/www.mourioche.de\/wpmourio\/wp-content\/uploads\/2016\/10\/korb1-300x199.jpg 300w, https:\/\/www.mourioche.de\/wpmourio\/wp-content\/uploads\/2016\/10\/korb1-150x99.jpg 150w, https:\/\/www.mourioche.de\/wpmourio\/wp-content\/uploads\/2016\/10\/korb1-400x266.jpg 400w, https:\/\/www.mourioche.de\/wpmourio\/wp-content\/uploads\/2016\/10\/korb1.jpg 800w\" sizes=\"auto, (max-width: 300px) 100vw, 300px\" \/><\/a><\/p>\n<p style=\"text-align: center;\">Aufgabe: Sch\u00f6nes Foto von allen Welpen<\/p>\n<p style=\"text-align: center;\"><a href=\"https:\/\/www.mourioche.de\/wpmourio\/wp-content\/uploads\/2016\/10\/korb2.jpg\"><img loading=\"lazy\" decoding=\"async\" class=\"alignnone size-medium wp-image-9689\" src=\"https:\/\/www.mourioche.de\/wpmourio\/wp-content\/uploads\/2016\/10\/korb2-300x199.jpg\" alt=\"korb2\" width=\"300\" height=\"199\" srcset=\"https:\/\/www.mourioche.de\/wpmourio\/wp-content\/uploads\/2016\/10\/korb2-300x199.jpg 300w, https:\/\/www.mourioche.de\/wpmourio\/wp-content\/uploads\/2016\/10\/korb2-150x99.jpg 150w, https:\/\/www.mourioche.de\/wpmourio\/wp-content\/uploads\/2016\/10\/korb2-400x266.jpg 400w, https:\/\/www.mourioche.de\/wpmourio\/wp-content\/uploads\/2016\/10\/korb2.jpg 800w\" sizes=\"auto, (max-width: 300px) 100vw, 300px\" \/><\/a><\/p>\n<p style=\"text-align: center;\">na ja&#8230;<\/p>\n<p style=\"text-align: center;\"><a href=\"https:\/\/www.mourioche.de\/wpmourio\/wp-content\/uploads\/2016\/10\/korb3.jpg\"><img loading=\"lazy\" decoding=\"async\" class=\"alignnone size-medium wp-image-9690\" src=\"https:\/\/www.mourioche.de\/wpmourio\/wp-content\/uploads\/2016\/10\/korb3-300x199.jpg\" alt=\"korb3\" width=\"300\" height=\"199\" srcset=\"https:\/\/www.mourioche.de\/wpmourio\/wp-content\/uploads\/2016\/10\/korb3-300x199.jpg 300w, https:\/\/www.mourioche.de\/wpmourio\/wp-content\/uploads\/2016\/10\/korb3-150x99.jpg 150w, https:\/\/www.mourioche.de\/wpmourio\/wp-content\/uploads\/2016\/10\/korb3-400x266.jpg 400w, https:\/\/www.mourioche.de\/wpmourio\/wp-content\/uploads\/2016\/10\/korb3.jpg 800w\" sizes=\"auto, (max-width: 300px) 100vw, 300px\" \/><\/a><\/p>\n<p style=\"text-align: center;\">gewonnen!<\/p>\n<p style=\"text-align: center;\"><a href=\"https:\/\/www.mourioche.de\/wpmourio\/wp-content\/uploads\/2016\/10\/sitz11.jpg\"><img loading=\"lazy\" decoding=\"async\" class=\"alignnone size-medium wp-image-9691\" src=\"https:\/\/www.mourioche.de\/wpmourio\/wp-content\/uploads\/2016\/10\/sitz11-300x199.jpg\" alt=\"sitz1\" width=\"300\" height=\"199\" srcset=\"https:\/\/www.mourioche.de\/wpmourio\/wp-content\/uploads\/2016\/10\/sitz11-300x199.jpg 300w, https:\/\/www.mourioche.de\/wpmourio\/wp-content\/uploads\/2016\/10\/sitz11-150x99.jpg 150w, https:\/\/www.mourioche.de\/wpmourio\/wp-content\/uploads\/2016\/10\/sitz11-400x266.jpg 400w, https:\/\/www.mourioche.de\/wpmourio\/wp-content\/uploads\/2016\/10\/sitz11.jpg 800w\" sizes=\"auto, (max-width: 300px) 100vw, 300px\" \/><\/a><\/p>\n<p style=\"text-align: center;\">Sitz!<\/p>\n<p style=\"text-align: center;\"><a href=\"https:\/\/www.mourioche.de\/wpmourio\/wp-content\/uploads\/2016\/10\/sitz2.jpg\"><img loading=\"lazy\" decoding=\"async\" class=\"alignnone size-medium wp-image-9692\" src=\"https:\/\/www.mourioche.de\/wpmourio\/wp-content\/uploads\/2016\/10\/sitz2-300x199.jpg\" alt=\"sitz2\" width=\"300\" height=\"199\" srcset=\"https:\/\/www.mourioche.de\/wpmourio\/wp-content\/uploads\/2016\/10\/sitz2-300x199.jpg 300w, https:\/\/www.mourioche.de\/wpmourio\/wp-content\/uploads\/2016\/10\/sitz2-150x99.jpg 150w, https:\/\/www.mourioche.de\/wpmourio\/wp-content\/uploads\/2016\/10\/sitz2-400x266.jpg 400w, https:\/\/www.mourioche.de\/wpmourio\/wp-content\/uploads\/2016\/10\/sitz2.jpg 800w\" sizes=\"auto, (max-width: 300px) 100vw, 300px\" \/><\/a><\/p>\n<p style=\"text-align: center;\">geht doch!<\/p>\n<p style=\"text-align: center;\"><a href=\"https:\/\/www.mourioche.de\/wpmourio\/wp-content\/uploads\/2016\/10\/20161030_162845.jpg\"><img loading=\"lazy\" decoding=\"async\" class=\"alignnone size-medium wp-image-9693\" src=\"https:\/\/www.mourioche.de\/wpmourio\/wp-content\/uploads\/2016\/10\/20161030_162845-300x225.jpg\" alt=\"20161030_162845\" width=\"300\" height=\"225\" srcset=\"https:\/\/www.mourioche.de\/wpmourio\/wp-content\/uploads\/2016\/10\/20161030_162845-300x225.jpg 300w, https:\/\/www.mourioche.de\/wpmourio\/wp-content\/uploads\/2016\/10\/20161030_162845-1024x768.jpg 1024w, https:\/\/www.mourioche.de\/wpmourio\/wp-content\/uploads\/2016\/10\/20161030_162845-150x112.jpg 150w, https:\/\/www.mourioche.de\/wpmourio\/wp-content\/uploads\/2016\/10\/20161030_162845-400x300.jpg 400w\" sizes=\"auto, (max-width: 300px) 100vw, 300px\" \/><\/a><\/p>\n<p style=\"text-align: center;\">Ausflug zum Stall &#8211; ui, bist Du gro\u00df!<\/p>\n<p style=\"text-align: center;\"><img loading=\"lazy\" decoding=\"async\" class=\"alignnone size-medium wp-image-9696\" src=\"https:\/\/www.mourioche.de\/wpmourio\/wp-content\/uploads\/2016\/10\/IMG-20161030-WA0026-300x180.jpg\" alt=\"img-20161030-wa0026\" width=\"300\" height=\"180\" srcset=\"https:\/\/www.mourioche.de\/wpmourio\/wp-content\/uploads\/2016\/10\/IMG-20161030-WA0026-300x180.jpg 300w, https:\/\/www.mourioche.de\/wpmourio\/wp-content\/uploads\/2016\/10\/IMG-20161030-WA0026-1024x614.jpg 1024w, https:\/\/www.mourioche.de\/wpmourio\/wp-content\/uploads\/2016\/10\/IMG-20161030-WA0026-150x90.jpg 150w, https:\/\/www.mourioche.de\/wpmourio\/wp-content\/uploads\/2016\/10\/IMG-20161030-WA0026-400x240.jpg 400w, https:\/\/www.mourioche.de\/wpmourio\/wp-content\/uploads\/2016\/10\/IMG-20161030-WA0026.jpg 1600w\" sizes=\"auto, (max-width: 300px) 100vw, 300px\" \/><\/p>\n<p style=\"text-align: center;\">Leider etwas unscharf, aber wer kann schon vern\u00fcnftig fotografieren, wenn es so viel zu gucken gibt?!<\/p>\n<p style=\"text-align: center;\"><a href=\"https:\/\/www.mourioche.de\/wpmourio\/wp-content\/uploads\/2016\/10\/aussicht1.jpg\"><img loading=\"lazy\" decoding=\"async\" class=\"alignnone size-medium wp-image-9694\" src=\"https:\/\/www.mourioche.de\/wpmourio\/wp-content\/uploads\/2016\/10\/aussicht1-297x300.jpg\" alt=\"aussicht1\" width=\"297\" height=\"300\" srcset=\"https:\/\/www.mourioche.de\/wpmourio\/wp-content\/uploads\/2016\/10\/aussicht1-297x300.jpg 297w, https:\/\/www.mourioche.de\/wpmourio\/wp-content\/uploads\/2016\/10\/aussicht1-148x150.jpg 148w, https:\/\/www.mourioche.de\/wpmourio\/wp-content\/uploads\/2016\/10\/aussicht1-400x403.jpg 400w, https:\/\/www.mourioche.de\/wpmourio\/wp-content\/uploads\/2016\/10\/aussicht1.jpg 800w\" sizes=\"auto, (max-width: 297px) 100vw, 297px\" \/><\/a><\/p>\n<p style=\"text-align: center;\">Spiel und Spa\u00df im Garten<\/p>\n<p style=\"text-align: center;\"><a href=\"https:\/\/www.mourioche.de\/wpmourio\/wp-content\/uploads\/2016\/10\/sally1.jpg\"><img loading=\"lazy\" decoding=\"async\" class=\"alignnone size-medium wp-image-9697\" src=\"https:\/\/www.mourioche.de\/wpmourio\/wp-content\/uploads\/2016\/10\/sally1-300x213.jpg\" alt=\"sally1\" width=\"300\" height=\"213\" srcset=\"https:\/\/www.mourioche.de\/wpmourio\/wp-content\/uploads\/2016\/10\/sally1-300x213.jpg 300w, https:\/\/www.mourioche.de\/wpmourio\/wp-content\/uploads\/2016\/10\/sally1-150x106.jpg 150w, https:\/\/www.mourioche.de\/wpmourio\/wp-content\/uploads\/2016\/10\/sally1-400x285.jpg 400w, https:\/\/www.mourioche.de\/wpmourio\/wp-content\/uploads\/2016\/10\/sally1.jpg 800w\" sizes=\"auto, (max-width: 300px) 100vw, 300px\" \/><\/a><\/p>\n<p style=\"text-align: center;\">Da f\u00e4llt der Sally, der Besucherdackel kaum auf<\/p>\n<p style=\"text-align: center;\"><strong>27.10.2016<\/strong><\/p>\n<p style=\"text-align: center;\">Unsere Tage sind ausgef\u00fcllt mit Welpenausfl\u00fcgen und Welpenbesuch. Alle Welpen durften uns noch mal ins Seniorencentrum begleiten &#8211; wieder eine gro\u00dfe Freude f\u00fcr die Bewohner!<\/p>\n<p style=\"text-align: center;\"><a href=\"https:\/\/www.mourioche.de\/wpmourio\/wp-content\/uploads\/2016\/10\/welpe1.jpg\"><img loading=\"lazy\" decoding=\"async\" class=\"alignnone size-medium wp-image-9672\" src=\"https:\/\/www.mourioche.de\/wpmourio\/wp-content\/uploads\/2016\/10\/welpe1-300x150.jpg\" alt=\"welpe1\" width=\"300\" height=\"150\" srcset=\"https:\/\/www.mourioche.de\/wpmourio\/wp-content\/uploads\/2016\/10\/welpe1-300x150.jpg 300w, https:\/\/www.mourioche.de\/wpmourio\/wp-content\/uploads\/2016\/10\/welpe1-150x75.jpg 150w, https:\/\/www.mourioche.de\/wpmourio\/wp-content\/uploads\/2016\/10\/welpe1-400x200.jpg 400w, https:\/\/www.mourioche.de\/wpmourio\/wp-content\/uploads\/2016\/10\/welpe1.jpg 800w\" sizes=\"auto, (max-width: 300px) 100vw, 300px\" \/><\/a><\/p>\n<p style=\"text-align: center;\"><a href=\"https:\/\/www.mourioche.de\/wpmourio\/wp-content\/uploads\/2016\/10\/welpe2.jpg\"><img loading=\"lazy\" decoding=\"async\" class=\"alignnone size-medium wp-image-9673\" src=\"https:\/\/www.mourioche.de\/wpmourio\/wp-content\/uploads\/2016\/10\/welpe2-282x300.jpg\" alt=\"welpe2\" width=\"282\" height=\"300\" srcset=\"https:\/\/www.mourioche.de\/wpmourio\/wp-content\/uploads\/2016\/10\/welpe2-282x300.jpg 282w, https:\/\/www.mourioche.de\/wpmourio\/wp-content\/uploads\/2016\/10\/welpe2-141x150.jpg 141w, https:\/\/www.mourioche.de\/wpmourio\/wp-content\/uploads\/2016\/10\/welpe2-400x425.jpg 400w, https:\/\/www.mourioche.de\/wpmourio\/wp-content\/uploads\/2016\/10\/welpe2.jpg 800w\" sizes=\"auto, (max-width: 282px) 100vw, 282px\" \/><\/a><\/p>\n<p style=\"text-align: center;\"><a href=\"https:\/\/www.mourioche.de\/wpmourio\/wp-content\/uploads\/2016\/10\/welpe3.jpg\"><img loading=\"lazy\" decoding=\"async\" class=\"alignnone size-medium wp-image-9674\" src=\"https:\/\/www.mourioche.de\/wpmourio\/wp-content\/uploads\/2016\/10\/welpe3-300x224.jpg\" alt=\"welpe3\" width=\"300\" height=\"224\" srcset=\"https:\/\/www.mourioche.de\/wpmourio\/wp-content\/uploads\/2016\/10\/welpe3-300x224.jpg 300w, https:\/\/www.mourioche.de\/wpmourio\/wp-content\/uploads\/2016\/10\/welpe3-150x112.jpg 150w, https:\/\/www.mourioche.de\/wpmourio\/wp-content\/uploads\/2016\/10\/welpe3-400x299.jpg 400w, https:\/\/www.mourioche.de\/wpmourio\/wp-content\/uploads\/2016\/10\/welpe3.jpg 800w\" sizes=\"auto, (max-width: 300px) 100vw, 300px\" \/><\/a><\/p>\n<p style=\"text-align: center;\"><a href=\"https:\/\/www.mourioche.de\/wpmourio\/wp-content\/uploads\/2016\/10\/welpe4.jpg\"><img loading=\"lazy\" decoding=\"async\" class=\"alignnone size-medium wp-image-9675\" src=\"https:\/\/www.mourioche.de\/wpmourio\/wp-content\/uploads\/2016\/10\/welpe4-300x285.jpg\" alt=\"welpe4\" width=\"300\" height=\"285\" srcset=\"https:\/\/www.mourioche.de\/wpmourio\/wp-content\/uploads\/2016\/10\/welpe4-300x285.jpg 300w, https:\/\/www.mourioche.de\/wpmourio\/wp-content\/uploads\/2016\/10\/welpe4-150x142.jpg 150w, https:\/\/www.mourioche.de\/wpmourio\/wp-content\/uploads\/2016\/10\/welpe4-400x380.jpg 400w, https:\/\/www.mourioche.de\/wpmourio\/wp-content\/uploads\/2016\/10\/welpe4.jpg 800w\" sizes=\"auto, (max-width: 300px) 100vw, 300px\" \/><\/a><\/p>\n<p style=\"text-align: center;\"><a href=\"https:\/\/www.mourioche.de\/wpmourio\/wp-content\/uploads\/2016\/10\/welpe5.jpg\"><img loading=\"lazy\" decoding=\"async\" class=\"alignnone size-medium wp-image-9676\" src=\"https:\/\/www.mourioche.de\/wpmourio\/wp-content\/uploads\/2016\/10\/welpe5-300x178.jpg\" alt=\"welpe5\" width=\"300\" height=\"178\" srcset=\"https:\/\/www.mourioche.de\/wpmourio\/wp-content\/uploads\/2016\/10\/welpe5-300x178.jpg 300w, https:\/\/www.mourioche.de\/wpmourio\/wp-content\/uploads\/2016\/10\/welpe5-150x89.jpg 150w, https:\/\/www.mourioche.de\/wpmourio\/wp-content\/uploads\/2016\/10\/welpe5-400x237.jpg 400w, https:\/\/www.mourioche.de\/wpmourio\/wp-content\/uploads\/2016\/10\/welpe5.jpg 800w\" sizes=\"auto, (max-width: 300px) 100vw, 300px\" \/><\/a><\/p>\n<p style=\"text-align: center;\">Au\u00dferdem waren wir mit ihnen an der Stra\u00dfe &#8222;spazieren&#8220;, um sie schon mal mit dem Verkehr vertraut zu machen.<\/p>\n","protected":false},"excerpt":{"rendered":"<p>30.10.2016 Die ersten Mudi-Welpen sind bereits ausgezogen, langweilig wird es trotzdem nicht &#8211; es gibt so viel zu erkunden und entdecken! Aufgabe: Sch\u00f6nes Foto von allen Welpen na ja&#8230; gewonnen! Sitz! geht doch! Ausflug zum Stall &#8211; ui, bist Du gro\u00df! Leider etwas unscharf, aber wer kann schon vern\u00fcnftig fotografieren, wenn es so viel zu &hellip; <a href=\"https:\/\/www.mourioche.de\/?page_id=9671\" class=\"more-link\"><span class=\"screen-reader-text\">Lulu K-Wurf 7. Woche<\/span> weiterlesen <span class=\"meta-nav\">&rarr;<\/span><\/a><\/p>\n","protected":false},"author":2,"featured_media":0,"parent":9199,"menu_order":2417,"comment_status":"open","ping_status":"open","template":"","meta":{"footnotes":""},"class_list":["post-9671","page","type-page","status-publish","hentry"],"_links":{"self":[{"href":"https:\/\/www.mourioche.de\/index.php?rest_route=\/wp\/v2\/pages\/9671","targetHints":{"allow":["GET"]}}],"collection":[{"href":"https:\/\/www.mourioche.de\/index.php?rest_route=\/wp\/v2\/pages"}],"about":[{"href":"https:\/\/www.mourioche.de\/index.php?rest_route=\/wp\/v2\/types\/page"}],"author":[{"embeddable":true,"href":"https:\/\/www.mourioche.de\/index.php?rest_route=\/wp\/v2\/users\/2"}],"replies":[{"embeddable":true,"href":"https:\/\/www.mourioche.de\/index.php?rest_route=%2Fwp%2Fv2%2Fcomments&post=9671"}],"version-history":[{"count":5,"href":"https:\/\/www.mourioche.de\/index.php?rest_route=\/wp\/v2\/pages\/9671\/revisions"}],"predecessor-version":[{"id":9704,"href":"https:\/\/www.mourioche.de\/index.php?rest_route=\/wp\/v2\/pages\/9671\/revisions\/9704"}],"up":[{"embeddable":true,"href":"https:\/\/www.mourioche.de\/index.php?rest_route=\/wp\/v2\/pages\/9199"}],"wp:attachment":[{"href":"https:\/\/www.mourioche.de\/index.php?rest_route=%2Fwp%2Fv2%2Fmedia&parent=9671"}],"curies":[{"name":"wp","href":"https:\/\/api.w.org\/{rel}","templated":true}]}}