{"id":9681,"date":"2016-10-27T18:11:20","date_gmt":"2016-10-27T16:11:20","guid":{"rendered":"http:\/\/www.mourioche.de\/?page_id=9681"},"modified":"2016-10-30T19:53:31","modified_gmt":"2016-10-30T17:53:31","slug":"mimi-a-wurf-8-woche","status":"publish","type":"page","link":"https:\/\/www.mourioche.de\/?page_id=9681","title":{"rendered":"Mimi A-Wurf 8. Woche"},"content":{"rendered":"<p style=\"text-align: center;\"><strong>27.10.2016<\/strong><\/p>\n<p style=\"text-align: center;\">Nachdem unsere Woche mit Aktivit\u00e4ten ausgef\u00fcllt war, ist es nun soweit: Alle Mudis wurden geimpft, gechipped und vom Zuchtwart begutachtet und f\u00fcr tadellos befunden. Somit k\u00f6nnen sie nun in ihre neuen Familien umziehen&#8230;<\/p>\n<p style=\"text-align: center;\">Vorher waren wir noch einmal gemeinsam im Seniorencentrum:<\/p>\n<p style=\"text-align: center;\"><a href=\"https:\/\/www.mourioche.de\/wpmourio\/wp-content\/uploads\/2016\/10\/welpe5.jpg\"><img loading=\"lazy\" decoding=\"async\" class=\"alignnone size-medium wp-image-9676\" src=\"https:\/\/www.mourioche.de\/wpmourio\/wp-content\/uploads\/2016\/10\/welpe5-300x178.jpg\" alt=\"welpe5\" width=\"300\" height=\"178\" srcset=\"https:\/\/www.mourioche.de\/wpmourio\/wp-content\/uploads\/2016\/10\/welpe5-300x178.jpg 300w, https:\/\/www.mourioche.de\/wpmourio\/wp-content\/uploads\/2016\/10\/welpe5-150x89.jpg 150w, https:\/\/www.mourioche.de\/wpmourio\/wp-content\/uploads\/2016\/10\/welpe5-400x237.jpg 400w, https:\/\/www.mourioche.de\/wpmourio\/wp-content\/uploads\/2016\/10\/welpe5.jpg 800w\" sizes=\"auto, (max-width: 300px) 100vw, 300px\" \/><\/a><\/p>\n<p style=\"text-align: center;\"><a href=\"https:\/\/www.mourioche.de\/wpmourio\/wp-content\/uploads\/2016\/10\/welpe4.jpg\"><img loading=\"lazy\" decoding=\"async\" class=\"alignnone size-medium wp-image-9675\" src=\"https:\/\/www.mourioche.de\/wpmourio\/wp-content\/uploads\/2016\/10\/welpe4-300x285.jpg\" alt=\"welpe4\" width=\"300\" height=\"285\" srcset=\"https:\/\/www.mourioche.de\/wpmourio\/wp-content\/uploads\/2016\/10\/welpe4-300x285.jpg 300w, https:\/\/www.mourioche.de\/wpmourio\/wp-content\/uploads\/2016\/10\/welpe4-150x142.jpg 150w, https:\/\/www.mourioche.de\/wpmourio\/wp-content\/uploads\/2016\/10\/welpe4-400x380.jpg 400w, https:\/\/www.mourioche.de\/wpmourio\/wp-content\/uploads\/2016\/10\/welpe4.jpg 800w\" sizes=\"auto, (max-width: 300px) 100vw, 300px\" \/><\/a><\/p>\n<p style=\"text-align: center;\"><a href=\"https:\/\/www.mourioche.de\/wpmourio\/wp-content\/uploads\/2016\/10\/welpe3.jpg\"><img loading=\"lazy\" decoding=\"async\" class=\"alignnone size-medium wp-image-9674\" src=\"https:\/\/www.mourioche.de\/wpmourio\/wp-content\/uploads\/2016\/10\/welpe3-300x224.jpg\" alt=\"welpe3\" width=\"300\" height=\"224\" srcset=\"https:\/\/www.mourioche.de\/wpmourio\/wp-content\/uploads\/2016\/10\/welpe3-300x224.jpg 300w, https:\/\/www.mourioche.de\/wpmourio\/wp-content\/uploads\/2016\/10\/welpe3-150x112.jpg 150w, https:\/\/www.mourioche.de\/wpmourio\/wp-content\/uploads\/2016\/10\/welpe3-400x299.jpg 400w, https:\/\/www.mourioche.de\/wpmourio\/wp-content\/uploads\/2016\/10\/welpe3.jpg 800w\" sizes=\"auto, (max-width: 300px) 100vw, 300px\" \/><\/a><\/p>\n<p style=\"text-align: center;\"><a href=\"https:\/\/www.mourioche.de\/wpmourio\/wp-content\/uploads\/2016\/10\/welpe2.jpg\"><img loading=\"lazy\" decoding=\"async\" class=\"alignnone size-medium wp-image-9673\" src=\"https:\/\/www.mourioche.de\/wpmourio\/wp-content\/uploads\/2016\/10\/welpe2-282x300.jpg\" alt=\"welpe2\" width=\"282\" height=\"300\" srcset=\"https:\/\/www.mourioche.de\/wpmourio\/wp-content\/uploads\/2016\/10\/welpe2-282x300.jpg 282w, https:\/\/www.mourioche.de\/wpmourio\/wp-content\/uploads\/2016\/10\/welpe2-141x150.jpg 141w, https:\/\/www.mourioche.de\/wpmourio\/wp-content\/uploads\/2016\/10\/welpe2-400x425.jpg 400w, https:\/\/www.mourioche.de\/wpmourio\/wp-content\/uploads\/2016\/10\/welpe2.jpg 800w\" sizes=\"auto, (max-width: 282px) 100vw, 282px\" \/><\/a><\/p>\n<p style=\"text-align: center;\"><a href=\"https:\/\/www.mourioche.de\/wpmourio\/wp-content\/uploads\/2016\/10\/welpe1.jpg\"><img loading=\"lazy\" decoding=\"async\" class=\"alignnone size-medium wp-image-9672\" src=\"https:\/\/www.mourioche.de\/wpmourio\/wp-content\/uploads\/2016\/10\/welpe1-300x150.jpg\" alt=\"welpe1\" width=\"300\" height=\"150\" srcset=\"https:\/\/www.mourioche.de\/wpmourio\/wp-content\/uploads\/2016\/10\/welpe1-300x150.jpg 300w, https:\/\/www.mourioche.de\/wpmourio\/wp-content\/uploads\/2016\/10\/welpe1-150x75.jpg 150w, https:\/\/www.mourioche.de\/wpmourio\/wp-content\/uploads\/2016\/10\/welpe1-400x200.jpg 400w, https:\/\/www.mourioche.de\/wpmourio\/wp-content\/uploads\/2016\/10\/welpe1.jpg 800w\" sizes=\"auto, (max-width: 300px) 100vw, 300px\" \/><\/a><\/p>\n<p style=\"text-align: center;\">Au\u00dferdem stand ein &#8222;Spaziergang&#8220; an der Stra\u00dfe auf dem Programm, damit sie sich schon mal an den Verkehr gew\u00f6hnen:<\/p>\n<p style=\"text-align: center;\"><a href=\"https:\/\/www.mourioche.de\/wpmourio\/wp-content\/uploads\/2016\/10\/strasseklein.jpg\"><img loading=\"lazy\" decoding=\"async\" class=\"alignnone size-medium wp-image-9678\" src=\"https:\/\/www.mourioche.de\/wpmourio\/wp-content\/uploads\/2016\/10\/strasseklein-224x300.jpg\" alt=\"strasseklein\" width=\"224\" height=\"300\" srcset=\"https:\/\/www.mourioche.de\/wpmourio\/wp-content\/uploads\/2016\/10\/strasseklein-224x300.jpg 224w, https:\/\/www.mourioche.de\/wpmourio\/wp-content\/uploads\/2016\/10\/strasseklein-767x1024.jpg 767w, https:\/\/www.mourioche.de\/wpmourio\/wp-content\/uploads\/2016\/10\/strasseklein-112x150.jpg 112w, https:\/\/www.mourioche.de\/wpmourio\/wp-content\/uploads\/2016\/10\/strasseklein.jpg 800w\" sizes=\"auto, (max-width: 224px) 100vw, 224px\" \/><\/a><\/p>\n<p style=\"text-align: center;\">gut vorbereitet, kann Arya nun in ihre neue Familie umziehen:<\/p>\n<p style=\"text-align: center;\"><a href=\"https:\/\/www.mourioche.de\/wpmourio\/wp-content\/uploads\/2016\/10\/moni.jpg\"><img loading=\"lazy\" decoding=\"async\" class=\"alignnone size-medium wp-image-9677\" src=\"https:\/\/www.mourioche.de\/wpmourio\/wp-content\/uploads\/2016\/10\/moni-200x300.jpg\" alt=\"moni\" width=\"200\" height=\"300\" srcset=\"https:\/\/www.mourioche.de\/wpmourio\/wp-content\/uploads\/2016\/10\/moni-200x300.jpg 200w, https:\/\/www.mourioche.de\/wpmourio\/wp-content\/uploads\/2016\/10\/moni-682x1024.jpg 682w, https:\/\/www.mourioche.de\/wpmourio\/wp-content\/uploads\/2016\/10\/moni-100x150.jpg 100w, https:\/\/www.mourioche.de\/wpmourio\/wp-content\/uploads\/2016\/10\/moni-400x600.jpg 400w, https:\/\/www.mourioche.de\/wpmourio\/wp-content\/uploads\/2016\/10\/moni.jpg 800w\" sizes=\"auto, (max-width: 200px) 100vw, 200px\" \/><\/a><\/p>\n<p style=\"text-align: center;\">Arya hei\u00dft jetzt Amudi und bleibt zum Gl\u00fcck ganz in der N\u00e4he &#8211; so kann ich sie hoffentlich noch das ein oder andere Mal besuchen&#8230;<\/p>\n<p style=\"text-align: center;\">Der Abschied f\u00e4llt nicht leicht, ist doch dieser Wurf etwas ganz besonderes f\u00fcr uns. Die ersten Mudis &#8222;du Mourioche&#8220; haben uns alle verzaubert und begeistert!<\/p>\n<p style=\"text-align: center;\">Kleine Amudi, mach\u00b4s gut! Du fehlst uns jetzt schon. Aber zu wissen, wie sehr Du in Deinem neuen Zuhause geliebt wirst, erleichtert uns den Abschied ein wenig.<\/p>\n<p style=\"text-align: center;\">Danke!<\/p>\n","protected":false},"excerpt":{"rendered":"<p>27.10.2016 Nachdem unsere Woche mit Aktivit\u00e4ten ausgef\u00fcllt war, ist es nun soweit: Alle Mudis wurden geimpft, gechipped und vom Zuchtwart begutachtet und f\u00fcr tadellos befunden. Somit k\u00f6nnen sie nun in ihre neuen Familien umziehen&#8230; Vorher waren wir noch einmal gemeinsam im Seniorencentrum: Au\u00dferdem stand ein &#8222;Spaziergang&#8220; an der Stra\u00dfe auf dem Programm, damit sie sich &hellip; <a href=\"https:\/\/www.mourioche.de\/?page_id=9681\" class=\"more-link\"><span class=\"screen-reader-text\">Mimi A-Wurf 8. Woche<\/span> weiterlesen <span class=\"meta-nav\">&rarr;<\/span><\/a><\/p>\n","protected":false},"author":2,"featured_media":0,"parent":9112,"menu_order":3118,"comment_status":"open","ping_status":"open","template":"","meta":{"footnotes":""},"class_list":["post-9681","page","type-page","status-publish","hentry"],"_links":{"self":[{"href":"https:\/\/www.mourioche.de\/index.php?rest_route=\/wp\/v2\/pages\/9681","targetHints":{"allow":["GET"]}}],"collection":[{"href":"https:\/\/www.mourioche.de\/index.php?rest_route=\/wp\/v2\/pages"}],"about":[{"href":"https:\/\/www.mourioche.de\/index.php?rest_route=\/wp\/v2\/types\/page"}],"author":[{"embeddable":true,"href":"https:\/\/www.mourioche.de\/index.php?rest_route=\/wp\/v2\/users\/2"}],"replies":[{"embeddable":true,"href":"https:\/\/www.mourioche.de\/index.php?rest_route=%2Fwp%2Fv2%2Fcomments&post=9681"}],"version-history":[{"count":2,"href":"https:\/\/www.mourioche.de\/index.php?rest_route=\/wp\/v2\/pages\/9681\/revisions"}],"predecessor-version":[{"id":9703,"href":"https:\/\/www.mourioche.de\/index.php?rest_route=\/wp\/v2\/pages\/9681\/revisions\/9703"}],"up":[{"embeddable":true,"href":"https:\/\/www.mourioche.de\/index.php?rest_route=\/wp\/v2\/pages\/9112"}],"wp:attachment":[{"href":"https:\/\/www.mourioche.de\/index.php?rest_route=%2Fwp%2Fv2%2Fmedia&parent=9681"}],"curies":[{"name":"wp","href":"https:\/\/api.w.org\/{rel}","templated":true}]}}