{"id":9808,"date":"2017-06-05T11:02:18","date_gmt":"2017-06-05T09:02:18","guid":{"rendered":"http:\/\/www.mourioche.de\/?page_id=9808"},"modified":"2017-06-05T11:02:18","modified_gmt":"2017-06-05T09:02:18","slug":"jules-l-wurf-1-woche","status":"publish","type":"page","link":"https:\/\/www.mourioche.de\/?page_id=9808","title":{"rendered":"Jules L-Wurf 1. Woche"},"content":{"rendered":"<p style=\"text-align: center;\"><strong>05.06.2017<\/strong><\/p>\n<p style=\"text-align: center;\">Unser Quintett w\u00e4chst und gedeiht in einem Wahnsinnstempo, alle haben ihr Gewicht schon mehr als verdoppelt. Kein Wunder bei der tollen Versorgung, Jule l\u00e4sst ihre Kleinen kaum mal eine Sekunde aus den Augen, die Milchbar ist rund um die Uhr ge\u00f6ffnet und bietet full-service.<\/p>\n<p style=\"text-align: center;\"><a href=\"https:\/\/www.mourioche.de\/wpmourio\/wp-content\/uploads\/2017\/06\/alle1.jpg\"><img loading=\"lazy\" decoding=\"async\" class=\"alignnone size-medium wp-image-9809\" src=\"https:\/\/www.mourioche.de\/wpmourio\/wp-content\/uploads\/2017\/06\/alle1-300x200.jpg\" alt=\"\" width=\"300\" height=\"200\" srcset=\"https:\/\/www.mourioche.de\/wpmourio\/wp-content\/uploads\/2017\/06\/alle1-300x200.jpg 300w, https:\/\/www.mourioche.de\/wpmourio\/wp-content\/uploads\/2017\/06\/alle1-768x512.jpg 768w, https:\/\/www.mourioche.de\/wpmourio\/wp-content\/uploads\/2017\/06\/alle1-150x100.jpg 150w, https:\/\/www.mourioche.de\/wpmourio\/wp-content\/uploads\/2017\/06\/alle1-400x267.jpg 400w, https:\/\/www.mourioche.de\/wpmourio\/wp-content\/uploads\/2017\/06\/alle1.jpg 800w\" sizes=\"auto, (max-width: 300px) 100vw, 300px\" \/><\/a><\/p>\n<p style=\"text-align: center;\">fifty shades of &#8211; brindle \ud83d\ude09<\/p>\n<p style=\"text-align: center;\"><a href=\"https:\/\/www.mourioche.de\/wpmourio\/wp-content\/uploads\/2017\/06\/bauch1.jpg\"><img loading=\"lazy\" decoding=\"async\" class=\"alignnone size-medium wp-image-9810\" src=\"https:\/\/www.mourioche.de\/wpmourio\/wp-content\/uploads\/2017\/06\/bauch1-300x197.jpg\" alt=\"\" width=\"300\" height=\"197\" srcset=\"https:\/\/www.mourioche.de\/wpmourio\/wp-content\/uploads\/2017\/06\/bauch1-300x197.jpg 300w, https:\/\/www.mourioche.de\/wpmourio\/wp-content\/uploads\/2017\/06\/bauch1-768x505.jpg 768w, https:\/\/www.mourioche.de\/wpmourio\/wp-content\/uploads\/2017\/06\/bauch1-150x99.jpg 150w, https:\/\/www.mourioche.de\/wpmourio\/wp-content\/uploads\/2017\/06\/bauch1-400x263.jpg 400w, https:\/\/www.mourioche.de\/wpmourio\/wp-content\/uploads\/2017\/06\/bauch1.jpg 800w\" sizes=\"auto, (max-width: 300px) 100vw, 300px\" \/><\/a><\/p>\n<p style=\"text-align: center;\">dick und rund, zufrieden und entspannt &#8211; so soll es sein!<\/p>\n<p style=\"text-align: center;\"><a href=\"https:\/\/www.mourioche.de\/wpmourio\/wp-content\/uploads\/2017\/06\/bauch2.jpg\"><img loading=\"lazy\" decoding=\"async\" class=\"alignnone size-medium wp-image-9811\" src=\"https:\/\/www.mourioche.de\/wpmourio\/wp-content\/uploads\/2017\/06\/bauch2-300x200.jpg\" alt=\"\" width=\"300\" height=\"200\" srcset=\"https:\/\/www.mourioche.de\/wpmourio\/wp-content\/uploads\/2017\/06\/bauch2-300x200.jpg 300w, https:\/\/www.mourioche.de\/wpmourio\/wp-content\/uploads\/2017\/06\/bauch2-768x512.jpg 768w, https:\/\/www.mourioche.de\/wpmourio\/wp-content\/uploads\/2017\/06\/bauch2-150x100.jpg 150w, https:\/\/www.mourioche.de\/wpmourio\/wp-content\/uploads\/2017\/06\/bauch2-400x267.jpg 400w, https:\/\/www.mourioche.de\/wpmourio\/wp-content\/uploads\/2017\/06\/bauch2.jpg 800w\" sizes=\"auto, (max-width: 300px) 100vw, 300px\" \/><\/a><\/p>\n<p style=\"text-align: center;\">\u00e4hm, ja&#8230; wie ich gerade sagte&#8230;<\/p>\n<p style=\"text-align: center;\"><a href=\"https:\/\/www.mourioche.de\/wpmourio\/wp-content\/uploads\/2017\/06\/girls1.jpg\"><img loading=\"lazy\" decoding=\"async\" class=\"alignnone size-medium wp-image-9812\" src=\"https:\/\/www.mourioche.de\/wpmourio\/wp-content\/uploads\/2017\/06\/girls1-300x200.jpg\" alt=\"\" width=\"300\" height=\"200\" srcset=\"https:\/\/www.mourioche.de\/wpmourio\/wp-content\/uploads\/2017\/06\/girls1-300x200.jpg 300w, https:\/\/www.mourioche.de\/wpmourio\/wp-content\/uploads\/2017\/06\/girls1-768x512.jpg 768w, https:\/\/www.mourioche.de\/wpmourio\/wp-content\/uploads\/2017\/06\/girls1-150x100.jpg 150w, https:\/\/www.mourioche.de\/wpmourio\/wp-content\/uploads\/2017\/06\/girls1-400x267.jpg 400w, https:\/\/www.mourioche.de\/wpmourio\/wp-content\/uploads\/2017\/06\/girls1.jpg 800w\" sizes=\"auto, (max-width: 300px) 100vw, 300px\" \/><\/a><\/p>\n<p style=\"text-align: center;\">die M\u00e4del: links Lindorie, rechts Lothiriel<\/p>\n<p style=\"text-align: center;\"><a href=\"https:\/\/www.mourioche.de\/wpmourio\/wp-content\/uploads\/2017\/06\/laureiln1.jpg\"><img loading=\"lazy\" decoding=\"async\" class=\"alignnone size-medium wp-image-9813\" src=\"https:\/\/www.mourioche.de\/wpmourio\/wp-content\/uploads\/2017\/06\/laureiln1-300x200.jpg\" alt=\"\" width=\"300\" height=\"200\" srcset=\"https:\/\/www.mourioche.de\/wpmourio\/wp-content\/uploads\/2017\/06\/laureiln1-300x200.jpg 300w, https:\/\/www.mourioche.de\/wpmourio\/wp-content\/uploads\/2017\/06\/laureiln1-768x512.jpg 768w, https:\/\/www.mourioche.de\/wpmourio\/wp-content\/uploads\/2017\/06\/laureiln1-150x100.jpg 150w, https:\/\/www.mourioche.de\/wpmourio\/wp-content\/uploads\/2017\/06\/laureiln1-400x267.jpg 400w, https:\/\/www.mourioche.de\/wpmourio\/wp-content\/uploads\/2017\/06\/laureiln1.jpg 800w\" sizes=\"auto, (max-width: 300px) 100vw, 300px\" \/><\/a><\/p>\n<p style=\"text-align: center;\">Laurelin<\/p>\n<p style=\"text-align: center;\"><a href=\"https:\/\/www.mourioche.de\/wpmourio\/wp-content\/uploads\/2017\/06\/legolas1.jpg\"><img loading=\"lazy\" decoding=\"async\" class=\"alignnone size-medium wp-image-9814\" src=\"https:\/\/www.mourioche.de\/wpmourio\/wp-content\/uploads\/2017\/06\/legolas1-300x200.jpg\" alt=\"\" width=\"300\" height=\"200\" srcset=\"https:\/\/www.mourioche.de\/wpmourio\/wp-content\/uploads\/2017\/06\/legolas1-300x200.jpg 300w, https:\/\/www.mourioche.de\/wpmourio\/wp-content\/uploads\/2017\/06\/legolas1-768x512.jpg 768w, https:\/\/www.mourioche.de\/wpmourio\/wp-content\/uploads\/2017\/06\/legolas1-150x100.jpg 150w, https:\/\/www.mourioche.de\/wpmourio\/wp-content\/uploads\/2017\/06\/legolas1-400x267.jpg 400w, https:\/\/www.mourioche.de\/wpmourio\/wp-content\/uploads\/2017\/06\/legolas1.jpg 800w\" sizes=\"auto, (max-width: 300px) 100vw, 300px\" \/><\/a><\/p>\n<p style=\"text-align: center;\">Legolas<\/p>\n<p style=\"text-align: center;\"><a href=\"https:\/\/www.mourioche.de\/wpmourio\/wp-content\/uploads\/2017\/06\/lindorie1.jpg\"><img loading=\"lazy\" decoding=\"async\" class=\"alignnone size-medium wp-image-9815\" src=\"https:\/\/www.mourioche.de\/wpmourio\/wp-content\/uploads\/2017\/06\/lindorie1-300x200.jpg\" alt=\"\" width=\"300\" height=\"200\" srcset=\"https:\/\/www.mourioche.de\/wpmourio\/wp-content\/uploads\/2017\/06\/lindorie1-300x200.jpg 300w, https:\/\/www.mourioche.de\/wpmourio\/wp-content\/uploads\/2017\/06\/lindorie1-768x512.jpg 768w, https:\/\/www.mourioche.de\/wpmourio\/wp-content\/uploads\/2017\/06\/lindorie1-150x100.jpg 150w, https:\/\/www.mourioche.de\/wpmourio\/wp-content\/uploads\/2017\/06\/lindorie1-400x267.jpg 400w, https:\/\/www.mourioche.de\/wpmourio\/wp-content\/uploads\/2017\/06\/lindorie1.jpg 800w\" sizes=\"auto, (max-width: 300px) 100vw, 300px\" \/><\/a><\/p>\n<p style=\"text-align: center;\">Lindorie<\/p>\n<p style=\"text-align: center;\"><a href=\"https:\/\/www.mourioche.de\/wpmourio\/wp-content\/uploads\/2017\/06\/lothiriel1.jpg\"><img loading=\"lazy\" decoding=\"async\" class=\"alignnone size-medium wp-image-9816\" src=\"https:\/\/www.mourioche.de\/wpmourio\/wp-content\/uploads\/2017\/06\/lothiriel1-300x200.jpg\" alt=\"\" width=\"300\" height=\"200\" srcset=\"https:\/\/www.mourioche.de\/wpmourio\/wp-content\/uploads\/2017\/06\/lothiriel1-300x200.jpg 300w, https:\/\/www.mourioche.de\/wpmourio\/wp-content\/uploads\/2017\/06\/lothiriel1-768x512.jpg 768w, https:\/\/www.mourioche.de\/wpmourio\/wp-content\/uploads\/2017\/06\/lothiriel1-150x100.jpg 150w, https:\/\/www.mourioche.de\/wpmourio\/wp-content\/uploads\/2017\/06\/lothiriel1-400x267.jpg 400w, https:\/\/www.mourioche.de\/wpmourio\/wp-content\/uploads\/2017\/06\/lothiriel1.jpg 800w\" sizes=\"auto, (max-width: 300px) 100vw, 300px\" \/><\/a><\/p>\n<p style=\"text-align: center;\">Im Tr\u00e4umchenkuckucksland<\/p>\n<p style=\"text-align: center;\"><a href=\"https:\/\/www.mourioche.de\/wpmourio\/wp-content\/uploads\/2017\/06\/lothiriel2.jpg\"><img loading=\"lazy\" decoding=\"async\" class=\"alignnone size-medium wp-image-9817\" src=\"https:\/\/www.mourioche.de\/wpmourio\/wp-content\/uploads\/2017\/06\/lothiriel2-300x200.jpg\" alt=\"\" width=\"300\" height=\"200\" srcset=\"https:\/\/www.mourioche.de\/wpmourio\/wp-content\/uploads\/2017\/06\/lothiriel2-300x200.jpg 300w, https:\/\/www.mourioche.de\/wpmourio\/wp-content\/uploads\/2017\/06\/lothiriel2-768x512.jpg 768w, https:\/\/www.mourioche.de\/wpmourio\/wp-content\/uploads\/2017\/06\/lothiriel2-150x100.jpg 150w, https:\/\/www.mourioche.de\/wpmourio\/wp-content\/uploads\/2017\/06\/lothiriel2-400x267.jpg 400w, https:\/\/www.mourioche.de\/wpmourio\/wp-content\/uploads\/2017\/06\/lothiriel2.jpg 800w\" sizes=\"auto, (max-width: 300px) 100vw, 300px\" \/><\/a><\/p>\n<p style=\"text-align: center;\"><a href=\"https:\/\/www.mourioche.de\/wpmourio\/wp-content\/uploads\/2017\/06\/po1.jpg\"><img loading=\"lazy\" decoding=\"async\" class=\"alignnone size-medium wp-image-9818\" src=\"https:\/\/www.mourioche.de\/wpmourio\/wp-content\/uploads\/2017\/06\/po1-293x300.jpg\" alt=\"\" width=\"293\" height=\"300\" srcset=\"https:\/\/www.mourioche.de\/wpmourio\/wp-content\/uploads\/2017\/06\/po1-293x300.jpg 293w, https:\/\/www.mourioche.de\/wpmourio\/wp-content\/uploads\/2017\/06\/po1-768x786.jpg 768w, https:\/\/www.mourioche.de\/wpmourio\/wp-content\/uploads\/2017\/06\/po1-147x150.jpg 147w, https:\/\/www.mourioche.de\/wpmourio\/wp-content\/uploads\/2017\/06\/po1-400x410.jpg 400w, https:\/\/www.mourioche.de\/wpmourio\/wp-content\/uploads\/2017\/06\/po1.jpg 800w\" sizes=\"auto, (max-width: 293px) 100vw, 293px\" \/><\/a><\/p>\n<p style=\"text-align: center;\">auf zur n\u00e4chsten Mahlzeit!<\/p>\n<p style=\"text-align: center;\"><a href=\"https:\/\/www.mourioche.de\/wpmourio\/wp-content\/uploads\/2017\/06\/phi1.jpg\"><img loading=\"lazy\" decoding=\"async\" class=\"alignnone size-medium wp-image-9819\" src=\"https:\/\/www.mourioche.de\/wpmourio\/wp-content\/uploads\/2017\/06\/phi1-300x225.jpg\" alt=\"\" width=\"300\" height=\"225\" srcset=\"https:\/\/www.mourioche.de\/wpmourio\/wp-content\/uploads\/2017\/06\/phi1-300x225.jpg 300w, https:\/\/www.mourioche.de\/wpmourio\/wp-content\/uploads\/2017\/06\/phi1-768x576.jpg 768w, https:\/\/www.mourioche.de\/wpmourio\/wp-content\/uploads\/2017\/06\/phi1-150x113.jpg 150w, https:\/\/www.mourioche.de\/wpmourio\/wp-content\/uploads\/2017\/06\/phi1-400x300.jpg 400w, https:\/\/www.mourioche.de\/wpmourio\/wp-content\/uploads\/2017\/06\/phi1.jpg 800w\" sizes=\"auto, (max-width: 300px) 100vw, 300px\" \/><\/a><\/p>\n<p style=\"text-align: center;\">unsere Tochter ist wie immer v\u00f6llig fasziniert von den Kleinen und w\u00fcrde am Liebsten den ganzen Tag in der Wurfkiste verbringen.<\/p>\n<p style=\"text-align: center;\"><a href=\"https:\/\/www.mourioche.de\/wpmourio\/wp-content\/uploads\/2017\/06\/phi2.jpg\"><img loading=\"lazy\" decoding=\"async\" class=\"alignnone size-medium wp-image-9820\" src=\"https:\/\/www.mourioche.de\/wpmourio\/wp-content\/uploads\/2017\/06\/phi2-300x225.jpg\" alt=\"\" width=\"300\" height=\"225\" srcset=\"https:\/\/www.mourioche.de\/wpmourio\/wp-content\/uploads\/2017\/06\/phi2-300x225.jpg 300w, https:\/\/www.mourioche.de\/wpmourio\/wp-content\/uploads\/2017\/06\/phi2-768x576.jpg 768w, https:\/\/www.mourioche.de\/wpmourio\/wp-content\/uploads\/2017\/06\/phi2-150x113.jpg 150w, https:\/\/www.mourioche.de\/wpmourio\/wp-content\/uploads\/2017\/06\/phi2-400x300.jpg 400w, https:\/\/www.mourioche.de\/wpmourio\/wp-content\/uploads\/2017\/06\/phi2.jpg 800w\" sizes=\"auto, (max-width: 300px) 100vw, 300px\" \/><\/a><\/p>\n<p style=\"text-align: center;\"><a href=\"https:\/\/www.mourioche.de\/wpmourio\/wp-content\/uploads\/2017\/06\/phi3.jpg\"><img loading=\"lazy\" decoding=\"async\" class=\"alignnone size-medium wp-image-9821\" src=\"https:\/\/www.mourioche.de\/wpmourio\/wp-content\/uploads\/2017\/06\/phi3-300x225.jpg\" alt=\"\" width=\"300\" height=\"225\" srcset=\"https:\/\/www.mourioche.de\/wpmourio\/wp-content\/uploads\/2017\/06\/phi3-300x225.jpg 300w, https:\/\/www.mourioche.de\/wpmourio\/wp-content\/uploads\/2017\/06\/phi3-768x576.jpg 768w, https:\/\/www.mourioche.de\/wpmourio\/wp-content\/uploads\/2017\/06\/phi3-150x113.jpg 150w, https:\/\/www.mourioche.de\/wpmourio\/wp-content\/uploads\/2017\/06\/phi3-400x300.jpg 400w, https:\/\/www.mourioche.de\/wpmourio\/wp-content\/uploads\/2017\/06\/phi3.jpg 800w\" sizes=\"auto, (max-width: 300px) 100vw, 300px\" \/><\/a><\/p>\n<p style=\"text-align: center;\"><a href=\"https:\/\/www.mourioche.de\/wpmourio\/wp-content\/uploads\/2017\/06\/phi4.jpg\"><img loading=\"lazy\" decoding=\"async\" class=\"alignnone size-medium wp-image-9822\" src=\"https:\/\/www.mourioche.de\/wpmourio\/wp-content\/uploads\/2017\/06\/phi4-225x300.jpg\" alt=\"\" width=\"225\" height=\"300\" srcset=\"https:\/\/www.mourioche.de\/wpmourio\/wp-content\/uploads\/2017\/06\/phi4-225x300.jpg 225w, https:\/\/www.mourioche.de\/wpmourio\/wp-content\/uploads\/2017\/06\/phi4-768x1024.jpg 768w, https:\/\/www.mourioche.de\/wpmourio\/wp-content\/uploads\/2017\/06\/phi4-112x150.jpg 112w, https:\/\/www.mourioche.de\/wpmourio\/wp-content\/uploads\/2017\/06\/phi4-400x534.jpg 400w, https:\/\/www.mourioche.de\/wpmourio\/wp-content\/uploads\/2017\/06\/phi4.jpg 800w\" sizes=\"auto, (max-width: 225px) 100vw, 225px\" \/><\/a><\/p>\n<p style=\"text-align: center;\"><strong>30.05.2017<\/strong><\/p>\n<p style=\"text-align: center;\">Wir freuen uns sehr \u00fcber unseren L-Wurf! Heute Nacht kamen v\u00f6llig unkompliziert 2 M\u00e4del und 3 Jungs zur Welt \u2013 alle gestromt.<\/p>\n<p style=\"text-align: center;\"><a href=\"https:\/\/www.mourioche.de\/wpmourio\/wp-content\/uploads\/2017\/05\/alle1.jpg\"><img loading=\"lazy\" decoding=\"async\" class=\"alignnone size-medium wp-image-9797\" src=\"https:\/\/www.mourioche.de\/wpmourio\/wp-content\/uploads\/2017\/05\/alle1-300x200.jpg\" sizes=\"auto, (max-width: 300px) 100vw, 300px\" srcset=\"https:\/\/www.mourioche.de\/wpmourio\/wp-content\/uploads\/2017\/05\/alle1-300x200.jpg 300w, https:\/\/www.mourioche.de\/wpmourio\/wp-content\/uploads\/2017\/05\/alle1-768x512.jpg 768w, https:\/\/www.mourioche.de\/wpmourio\/wp-content\/uploads\/2017\/05\/alle1-150x100.jpg 150w, https:\/\/www.mourioche.de\/wpmourio\/wp-content\/uploads\/2017\/05\/alle1-400x267.jpg 400w, https:\/\/www.mourioche.de\/wpmourio\/wp-content\/uploads\/2017\/05\/alle1.jpg 800w\" alt=\"\" width=\"300\" height=\"200\" \/><\/a><\/p>\n<p style=\"text-align: center;\">unser Quintett<\/p>\n<p style=\"text-align: center;\"><a href=\"https:\/\/www.mourioche.de\/wpmourio\/wp-content\/uploads\/2017\/05\/alletrink1.jpg\"><img loading=\"lazy\" decoding=\"async\" class=\"alignnone size-medium wp-image-9798\" src=\"https:\/\/www.mourioche.de\/wpmourio\/wp-content\/uploads\/2017\/05\/alletrink1-300x200.jpg\" sizes=\"auto, (max-width: 300px) 100vw, 300px\" srcset=\"https:\/\/www.mourioche.de\/wpmourio\/wp-content\/uploads\/2017\/05\/alletrink1-300x200.jpg 300w, https:\/\/www.mourioche.de\/wpmourio\/wp-content\/uploads\/2017\/05\/alletrink1-768x512.jpg 768w, https:\/\/www.mourioche.de\/wpmourio\/wp-content\/uploads\/2017\/05\/alletrink1-150x100.jpg 150w, https:\/\/www.mourioche.de\/wpmourio\/wp-content\/uploads\/2017\/05\/alletrink1-400x267.jpg 400w, https:\/\/www.mourioche.de\/wpmourio\/wp-content\/uploads\/2017\/05\/alletrink1.jpg 800w\" alt=\"\" width=\"300\" height=\"200\" \/><\/a><\/p>\n<p style=\"text-align: center;\">Jule macht ihre Sache gro\u00dfartig, alle f\u00fcnf haben schon ordentlich zugenommen<\/p>\n<p style=\"text-align: center;\"><a href=\"https:\/\/www.mourioche.de\/wpmourio\/wp-content\/uploads\/2017\/05\/drei1.jpg\"><img loading=\"lazy\" decoding=\"async\" class=\"alignnone size-medium wp-image-9799\" src=\"https:\/\/www.mourioche.de\/wpmourio\/wp-content\/uploads\/2017\/05\/drei1-300x200.jpg\" sizes=\"auto, (max-width: 300px) 100vw, 300px\" srcset=\"https:\/\/www.mourioche.de\/wpmourio\/wp-content\/uploads\/2017\/05\/drei1-300x200.jpg 300w, https:\/\/www.mourioche.de\/wpmourio\/wp-content\/uploads\/2017\/05\/drei1-768x512.jpg 768w, https:\/\/www.mourioche.de\/wpmourio\/wp-content\/uploads\/2017\/05\/drei1-150x100.jpg 150w, https:\/\/www.mourioche.de\/wpmourio\/wp-content\/uploads\/2017\/05\/drei1-400x267.jpg 400w, https:\/\/www.mourioche.de\/wpmourio\/wp-content\/uploads\/2017\/05\/drei1.jpg 800w\" alt=\"\" width=\"300\" height=\"200\" \/><\/a><\/p>\n<p style=\"text-align: center;\">kein Wunder bei dem tollen 24-Stunden Angebot an der Milchbar!<\/p>\n<p style=\"text-align: center;\"><a href=\"https:\/\/www.mourioche.de\/wpmourio\/wp-content\/uploads\/2017\/05\/laurelin1.jpg\"><img loading=\"lazy\" decoding=\"async\" class=\"alignnone size-medium wp-image-9800\" src=\"https:\/\/www.mourioche.de\/wpmourio\/wp-content\/uploads\/2017\/05\/laurelin1-300x200.jpg\" sizes=\"auto, (max-width: 300px) 100vw, 300px\" srcset=\"https:\/\/www.mourioche.de\/wpmourio\/wp-content\/uploads\/2017\/05\/laurelin1-300x200.jpg 300w, https:\/\/www.mourioche.de\/wpmourio\/wp-content\/uploads\/2017\/05\/laurelin1-768x512.jpg 768w, https:\/\/www.mourioche.de\/wpmourio\/wp-content\/uploads\/2017\/05\/laurelin1-150x100.jpg 150w, https:\/\/www.mourioche.de\/wpmourio\/wp-content\/uploads\/2017\/05\/laurelin1-400x267.jpg 400w, https:\/\/www.mourioche.de\/wpmourio\/wp-content\/uploads\/2017\/05\/laurelin1.jpg 800w\" alt=\"\" width=\"300\" height=\"200\" \/><\/a><\/p>\n<p style=\"text-align: center;\">darf ich vorstellen:<\/p>\n<p style=\"text-align: center;\">Laurelin (gelber Punkt zur besseren Identifizierung)<\/p>\n<p style=\"text-align: center;\"><a href=\"https:\/\/www.mourioche.de\/wpmourio\/wp-content\/uploads\/2017\/05\/legolas1.jpg\"><img loading=\"lazy\" decoding=\"async\" class=\"alignnone size-medium wp-image-9801\" src=\"https:\/\/www.mourioche.de\/wpmourio\/wp-content\/uploads\/2017\/05\/legolas1-300x269.jpg\" sizes=\"auto, (max-width: 300px) 100vw, 300px\" srcset=\"https:\/\/www.mourioche.de\/wpmourio\/wp-content\/uploads\/2017\/05\/legolas1-300x269.jpg 300w, https:\/\/www.mourioche.de\/wpmourio\/wp-content\/uploads\/2017\/05\/legolas1-768x689.jpg 768w, https:\/\/www.mourioche.de\/wpmourio\/wp-content\/uploads\/2017\/05\/legolas1-150x135.jpg 150w, https:\/\/www.mourioche.de\/wpmourio\/wp-content\/uploads\/2017\/05\/legolas1-400x359.jpg 400w, https:\/\/www.mourioche.de\/wpmourio\/wp-content\/uploads\/2017\/05\/legolas1.jpg 800w\" alt=\"\" width=\"300\" height=\"269\" \/><\/a><\/p>\n<p style=\"text-align: center;\">Legolas (wei\u00dfer Punkt)<\/p>\n<p style=\"text-align: center;\"><a href=\"https:\/\/www.mourioche.de\/wpmourio\/wp-content\/uploads\/2017\/05\/limlich1.jpg\"><img loading=\"lazy\" decoding=\"async\" class=\"alignnone size-medium wp-image-9802\" src=\"https:\/\/www.mourioche.de\/wpmourio\/wp-content\/uploads\/2017\/05\/limlich1-300x258.jpg\" sizes=\"auto, (max-width: 300px) 100vw, 300px\" srcset=\"https:\/\/www.mourioche.de\/wpmourio\/wp-content\/uploads\/2017\/05\/limlich1-300x258.jpg 300w, https:\/\/www.mourioche.de\/wpmourio\/wp-content\/uploads\/2017\/05\/limlich1-768x660.jpg 768w, https:\/\/www.mourioche.de\/wpmourio\/wp-content\/uploads\/2017\/05\/limlich1-150x129.jpg 150w, https:\/\/www.mourioche.de\/wpmourio\/wp-content\/uploads\/2017\/05\/limlich1-400x344.jpg 400w, https:\/\/www.mourioche.de\/wpmourio\/wp-content\/uploads\/2017\/05\/limlich1.jpg 800w\" alt=\"\" width=\"300\" height=\"258\" \/><\/a><\/p>\n<p style=\"text-align: center;\">Limlich (oranger Punkt)<\/p>\n<p style=\"text-align: center;\"><a href=\"https:\/\/www.mourioche.de\/wpmourio\/wp-content\/uploads\/2017\/05\/Lindorie1.jpg\"><img loading=\"lazy\" decoding=\"async\" class=\"alignnone size-medium wp-image-9803\" src=\"https:\/\/www.mourioche.de\/wpmourio\/wp-content\/uploads\/2017\/05\/Lindorie1-300x146.jpg\" sizes=\"auto, (max-width: 300px) 100vw, 300px\" srcset=\"https:\/\/www.mourioche.de\/wpmourio\/wp-content\/uploads\/2017\/05\/Lindorie1-300x146.jpg 300w, https:\/\/www.mourioche.de\/wpmourio\/wp-content\/uploads\/2017\/05\/Lindorie1-768x374.jpg 768w, https:\/\/www.mourioche.de\/wpmourio\/wp-content\/uploads\/2017\/05\/Lindorie1-150x73.jpg 150w, https:\/\/www.mourioche.de\/wpmourio\/wp-content\/uploads\/2017\/05\/Lindorie1-400x195.jpg 400w, https:\/\/www.mourioche.de\/wpmourio\/wp-content\/uploads\/2017\/05\/Lindorie1.jpg 800w\" alt=\"\" width=\"300\" height=\"146\" \/><\/a><\/p>\n<p style=\"text-align: center;\">Lindorie (helle H\u00fcndin)<\/p>\n<p style=\"text-align: center;\"><a href=\"https:\/\/www.mourioche.de\/wpmourio\/wp-content\/uploads\/2017\/05\/lothiriel1.jpg\"><img loading=\"lazy\" decoding=\"async\" class=\"alignnone size-medium wp-image-9804\" src=\"https:\/\/www.mourioche.de\/wpmourio\/wp-content\/uploads\/2017\/05\/lothiriel1-300x215.jpg\" sizes=\"auto, (max-width: 300px) 100vw, 300px\" srcset=\"https:\/\/www.mourioche.de\/wpmourio\/wp-content\/uploads\/2017\/05\/lothiriel1-300x215.jpg 300w, https:\/\/www.mourioche.de\/wpmourio\/wp-content\/uploads\/2017\/05\/lothiriel1-768x551.jpg 768w, https:\/\/www.mourioche.de\/wpmourio\/wp-content\/uploads\/2017\/05\/lothiriel1-150x108.jpg 150w, https:\/\/www.mourioche.de\/wpmourio\/wp-content\/uploads\/2017\/05\/lothiriel1-400x287.jpg 400w, https:\/\/www.mourioche.de\/wpmourio\/wp-content\/uploads\/2017\/05\/lothiriel1.jpg 800w\" alt=\"\" width=\"300\" height=\"215\" \/><\/a><\/p>\n<p style=\"text-align: center;\">Lothiriel (dunkle H\u00fcndin)<\/p>\n","protected":false},"excerpt":{"rendered":"<p>05.06.2017 Unser Quintett w\u00e4chst und gedeiht in einem Wahnsinnstempo, alle haben ihr Gewicht schon mehr als verdoppelt. Kein Wunder bei der tollen Versorgung, Jule l\u00e4sst ihre Kleinen kaum mal eine Sekunde aus den Augen, die Milchbar ist rund um die Uhr ge\u00f6ffnet und bietet full-service. fifty shades of &#8211; brindle \ud83d\ude09 dick und rund, zufrieden &hellip; <a href=\"https:\/\/www.mourioche.de\/?page_id=9808\" class=\"more-link\"><span class=\"screen-reader-text\">Jules L-Wurf 1. Woche<\/span> weiterlesen <span class=\"meta-nav\">&rarr;<\/span><\/a><\/p>\n","protected":false},"author":2,"featured_media":0,"parent":9806,"menu_order":2511,"comment_status":"closed","ping_status":"closed","template":"","meta":{"footnotes":""},"class_list":["post-9808","page","type-page","status-publish","hentry"],"_links":{"self":[{"href":"https:\/\/www.mourioche.de\/index.php?rest_route=\/wp\/v2\/pages\/9808","targetHints":{"allow":["GET"]}}],"collection":[{"href":"https:\/\/www.mourioche.de\/index.php?rest_route=\/wp\/v2\/pages"}],"about":[{"href":"https:\/\/www.mourioche.de\/index.php?rest_route=\/wp\/v2\/types\/page"}],"author":[{"embeddable":true,"href":"https:\/\/www.mourioche.de\/index.php?rest_route=\/wp\/v2\/users\/2"}],"replies":[{"embeddable":true,"href":"https:\/\/www.mourioche.de\/index.php?rest_route=%2Fwp%2Fv2%2Fcomments&post=9808"}],"version-history":[{"count":1,"href":"https:\/\/www.mourioche.de\/index.php?rest_route=\/wp\/v2\/pages\/9808\/revisions"}],"predecessor-version":[{"id":9823,"href":"https:\/\/www.mourioche.de\/index.php?rest_route=\/wp\/v2\/pages\/9808\/revisions\/9823"}],"up":[{"embeddable":true,"href":"https:\/\/www.mourioche.de\/index.php?rest_route=\/wp\/v2\/pages\/9806"}],"wp:attachment":[{"href":"https:\/\/www.mourioche.de\/index.php?rest_route=%2Fwp%2Fv2%2Fmedia&parent=9808"}],"curies":[{"name":"wp","href":"https:\/\/api.w.org\/{rel}","templated":true}]}}