{"id":9903,"date":"2017-07-05T20:06:51","date_gmt":"2017-07-05T18:06:51","guid":{"rendered":"http:\/\/www.mourioche.de\/?page_id=9903"},"modified":"2017-07-07T16:33:19","modified_gmt":"2017-07-07T14:33:19","slug":"jules-l-wurf-6-woche","status":"publish","type":"page","link":"https:\/\/www.mourioche.de\/?page_id=9903","title":{"rendered":"Jules L-Wurf 6. Woche"},"content":{"rendered":"<p style=\"text-align: center;\"><strong>07.07.2017<\/strong><\/p>\n<p style=\"text-align: center;\">Wie schon mit Lulus und Mimis Welpen durften wir auch mit Jules Quintett einem Seniorencentrum\u00a0einen Besuch abstatten. Mir fehlen die passenden Worte um zu beschreiben, was f\u00fcr ein Glanz in die Augen der Bewohner einzieht, wenn sie die Kleinen sehen und anfassen d\u00fcrfen. Strahlende Gesichter, angeregte Gespr\u00e4che, liebevolle Streicheleinheiten &#8211; ein unvergessliches, unvergleichliches Erlebnis.<\/p>\n<p style=\"text-align: center;\">Ich lasse die Fotos f\u00fcr sich sprechen, aus R\u00fccksicht auf die pers\u00f6nlichen Rechter der Bewohner sind die Gesichter nicht erkennbar, aber man bekommt trotzdem einen Eindruck vom Gl\u00fcck, das unsere Kleinen bringen durften.<\/p>\n<p style=\"text-align: center;\"><a href=\"https:\/\/www.mourioche.de\/wpmourio\/wp-content\/uploads\/2017\/07\/arm1.jpg\"><img loading=\"lazy\" decoding=\"async\" class=\"alignnone size-medium wp-image-9919\" src=\"https:\/\/www.mourioche.de\/wpmourio\/wp-content\/uploads\/2017\/07\/arm1-180x300.jpg\" alt=\"\" width=\"180\" height=\"300\" srcset=\"https:\/\/www.mourioche.de\/wpmourio\/wp-content\/uploads\/2017\/07\/arm1-180x300.jpg 180w, https:\/\/www.mourioche.de\/wpmourio\/wp-content\/uploads\/2017\/07\/arm1-768x1279.jpg 768w, https:\/\/www.mourioche.de\/wpmourio\/wp-content\/uploads\/2017\/07\/arm1-615x1024.jpg 615w, https:\/\/www.mourioche.de\/wpmourio\/wp-content\/uploads\/2017\/07\/arm1-90x150.jpg 90w, https:\/\/www.mourioche.de\/wpmourio\/wp-content\/uploads\/2017\/07\/arm1-400x666.jpg 400w, https:\/\/www.mourioche.de\/wpmourio\/wp-content\/uploads\/2017\/07\/arm1.jpg 800w\" sizes=\"auto, (max-width: 180px) 100vw, 180px\" \/><\/a><\/p>\n<p style=\"text-align: center;\"><a href=\"https:\/\/www.mourioche.de\/wpmourio\/wp-content\/uploads\/2017\/07\/bett1.jpg\"><img loading=\"lazy\" decoding=\"async\" class=\"alignnone size-medium wp-image-9920\" src=\"https:\/\/www.mourioche.de\/wpmourio\/wp-content\/uploads\/2017\/07\/bett1-300x200.jpg\" alt=\"\" width=\"300\" height=\"200\" srcset=\"https:\/\/www.mourioche.de\/wpmourio\/wp-content\/uploads\/2017\/07\/bett1-300x200.jpg 300w, https:\/\/www.mourioche.de\/wpmourio\/wp-content\/uploads\/2017\/07\/bett1-768x512.jpg 768w, https:\/\/www.mourioche.de\/wpmourio\/wp-content\/uploads\/2017\/07\/bett1-150x100.jpg 150w, https:\/\/www.mourioche.de\/wpmourio\/wp-content\/uploads\/2017\/07\/bett1-400x267.jpg 400w, https:\/\/www.mourioche.de\/wpmourio\/wp-content\/uploads\/2017\/07\/bett1.jpg 800w\" sizes=\"auto, (max-width: 300px) 100vw, 300px\" \/><\/a><\/p>\n<p style=\"text-align: center;\"><a href=\"https:\/\/www.mourioche.de\/wpmourio\/wp-content\/uploads\/2017\/07\/bett2.jpg\"><img loading=\"lazy\" decoding=\"async\" class=\"alignnone size-medium wp-image-9921\" src=\"https:\/\/www.mourioche.de\/wpmourio\/wp-content\/uploads\/2017\/07\/bett2-267x300.jpg\" alt=\"\" width=\"267\" height=\"300\" srcset=\"https:\/\/www.mourioche.de\/wpmourio\/wp-content\/uploads\/2017\/07\/bett2-267x300.jpg 267w, https:\/\/www.mourioche.de\/wpmourio\/wp-content\/uploads\/2017\/07\/bett2-768x862.jpg 768w, https:\/\/www.mourioche.de\/wpmourio\/wp-content\/uploads\/2017\/07\/bett2-134x150.jpg 134w, https:\/\/www.mourioche.de\/wpmourio\/wp-content\/uploads\/2017\/07\/bett2-400x449.jpg 400w, https:\/\/www.mourioche.de\/wpmourio\/wp-content\/uploads\/2017\/07\/bett2.jpg 800w\" sizes=\"auto, (max-width: 267px) 100vw, 267px\" \/><\/a><\/p>\n<p style=\"text-align: center;\"><a href=\"https:\/\/www.mourioche.de\/wpmourio\/wp-content\/uploads\/2017\/07\/indira1.jpg\"><img loading=\"lazy\" decoding=\"async\" class=\"alignnone size-medium wp-image-9922\" src=\"https:\/\/www.mourioche.de\/wpmourio\/wp-content\/uploads\/2017\/07\/indira1-300x200.jpg\" alt=\"\" width=\"300\" height=\"200\" srcset=\"https:\/\/www.mourioche.de\/wpmourio\/wp-content\/uploads\/2017\/07\/indira1-300x200.jpg 300w, https:\/\/www.mourioche.de\/wpmourio\/wp-content\/uploads\/2017\/07\/indira1-768x512.jpg 768w, https:\/\/www.mourioche.de\/wpmourio\/wp-content\/uploads\/2017\/07\/indira1-150x100.jpg 150w, https:\/\/www.mourioche.de\/wpmourio\/wp-content\/uploads\/2017\/07\/indira1-400x267.jpg 400w, https:\/\/www.mourioche.de\/wpmourio\/wp-content\/uploads\/2017\/07\/indira1.jpg 800w\" sizes=\"auto, (max-width: 300px) 100vw, 300px\" \/><\/a><\/p>\n<p style=\"text-align: center;\">auch der &#8222;Heimeigene Hund&#8220; musste mal gucken kommen<\/p>\n<p style=\"text-align: center;\"><a href=\"https:\/\/www.mourioche.de\/wpmourio\/wp-content\/uploads\/2017\/07\/schlaf1.jpg\"><img loading=\"lazy\" decoding=\"async\" class=\"alignnone size-medium wp-image-9923\" src=\"https:\/\/www.mourioche.de\/wpmourio\/wp-content\/uploads\/2017\/07\/schlaf1-221x300.jpg\" alt=\"\" width=\"221\" height=\"300\" srcset=\"https:\/\/www.mourioche.de\/wpmourio\/wp-content\/uploads\/2017\/07\/schlaf1-221x300.jpg 221w, https:\/\/www.mourioche.de\/wpmourio\/wp-content\/uploads\/2017\/07\/schlaf1-768x1044.jpg 768w, https:\/\/www.mourioche.de\/wpmourio\/wp-content\/uploads\/2017\/07\/schlaf1-753x1024.jpg 753w, https:\/\/www.mourioche.de\/wpmourio\/wp-content\/uploads\/2017\/07\/schlaf1-110x150.jpg 110w, https:\/\/www.mourioche.de\/wpmourio\/wp-content\/uploads\/2017\/07\/schlaf1-400x544.jpg 400w, https:\/\/www.mourioche.de\/wpmourio\/wp-content\/uploads\/2017\/07\/schlaf1.jpg 800w\" sizes=\"auto, (max-width: 221px) 100vw, 221px\" \/><\/a><\/p>\n<p style=\"text-align: center;\"><a href=\"https:\/\/www.mourioche.de\/wpmourio\/wp-content\/uploads\/2017\/07\/schoss1.jpg\"><img loading=\"lazy\" decoding=\"async\" class=\"alignnone size-medium wp-image-9924\" src=\"https:\/\/www.mourioche.de\/wpmourio\/wp-content\/uploads\/2017\/07\/schoss1-300x200.jpg\" alt=\"\" width=\"300\" height=\"200\" srcset=\"https:\/\/www.mourioche.de\/wpmourio\/wp-content\/uploads\/2017\/07\/schoss1-300x200.jpg 300w, https:\/\/www.mourioche.de\/wpmourio\/wp-content\/uploads\/2017\/07\/schoss1-768x512.jpg 768w, https:\/\/www.mourioche.de\/wpmourio\/wp-content\/uploads\/2017\/07\/schoss1-150x100.jpg 150w, https:\/\/www.mourioche.de\/wpmourio\/wp-content\/uploads\/2017\/07\/schoss1-400x267.jpg 400w, https:\/\/www.mourioche.de\/wpmourio\/wp-content\/uploads\/2017\/07\/schoss1.jpg 800w\" sizes=\"auto, (max-width: 300px) 100vw, 300px\" \/><\/a><\/p>\n<p style=\"text-align: center;\"><a href=\"https:\/\/www.mourioche.de\/wpmourio\/wp-content\/uploads\/2017\/07\/schoss2.jpg\"><img loading=\"lazy\" decoding=\"async\" class=\"alignnone size-medium wp-image-9925\" src=\"https:\/\/www.mourioche.de\/wpmourio\/wp-content\/uploads\/2017\/07\/schoss2-300x280.jpg\" alt=\"\" width=\"300\" height=\"280\" srcset=\"https:\/\/www.mourioche.de\/wpmourio\/wp-content\/uploads\/2017\/07\/schoss2-300x280.jpg 300w, https:\/\/www.mourioche.de\/wpmourio\/wp-content\/uploads\/2017\/07\/schoss2-768x717.jpg 768w, https:\/\/www.mourioche.de\/wpmourio\/wp-content\/uploads\/2017\/07\/schoss2-150x140.jpg 150w, https:\/\/www.mourioche.de\/wpmourio\/wp-content\/uploads\/2017\/07\/schoss2-400x374.jpg 400w, https:\/\/www.mourioche.de\/wpmourio\/wp-content\/uploads\/2017\/07\/schoss2.jpg 800w\" sizes=\"auto, (max-width: 300px) 100vw, 300px\" \/><\/a><\/p>\n<p style=\"text-align: center;\"><a href=\"https:\/\/www.mourioche.de\/wpmourio\/wp-content\/uploads\/2017\/07\/schoss3.jpg\"><img loading=\"lazy\" decoding=\"async\" class=\"alignnone size-medium wp-image-9926\" src=\"https:\/\/www.mourioche.de\/wpmourio\/wp-content\/uploads\/2017\/07\/schoss3-300x200.jpg\" alt=\"\" width=\"300\" height=\"200\" srcset=\"https:\/\/www.mourioche.de\/wpmourio\/wp-content\/uploads\/2017\/07\/schoss3-300x200.jpg 300w, https:\/\/www.mourioche.de\/wpmourio\/wp-content\/uploads\/2017\/07\/schoss3-768x512.jpg 768w, https:\/\/www.mourioche.de\/wpmourio\/wp-content\/uploads\/2017\/07\/schoss3-150x100.jpg 150w, https:\/\/www.mourioche.de\/wpmourio\/wp-content\/uploads\/2017\/07\/schoss3-400x267.jpg 400w, https:\/\/www.mourioche.de\/wpmourio\/wp-content\/uploads\/2017\/07\/schoss3.jpg 800w\" sizes=\"auto, (max-width: 300px) 100vw, 300px\" \/><\/a><\/p>\n<p style=\"text-align: center;\"><a href=\"https:\/\/www.mourioche.de\/wpmourio\/wp-content\/uploads\/2017\/07\/schoss4.jpg\"><img loading=\"lazy\" decoding=\"async\" class=\"alignnone size-medium wp-image-9927\" src=\"https:\/\/www.mourioche.de\/wpmourio\/wp-content\/uploads\/2017\/07\/schoss4-200x300.jpg\" alt=\"\" width=\"200\" height=\"300\" srcset=\"https:\/\/www.mourioche.de\/wpmourio\/wp-content\/uploads\/2017\/07\/schoss4-200x300.jpg 200w, https:\/\/www.mourioche.de\/wpmourio\/wp-content\/uploads\/2017\/07\/schoss4-768x1152.jpg 768w, https:\/\/www.mourioche.de\/wpmourio\/wp-content\/uploads\/2017\/07\/schoss4-683x1024.jpg 683w, https:\/\/www.mourioche.de\/wpmourio\/wp-content\/uploads\/2017\/07\/schoss4-100x150.jpg 100w, https:\/\/www.mourioche.de\/wpmourio\/wp-content\/uploads\/2017\/07\/schoss4-400x600.jpg 400w, https:\/\/www.mourioche.de\/wpmourio\/wp-content\/uploads\/2017\/07\/schoss4.jpg 800w\" sizes=\"auto, (max-width: 200px) 100vw, 200px\" \/><\/a><\/p>\n<p style=\"text-align: center;\"><a href=\"https:\/\/www.mourioche.de\/wpmourio\/wp-content\/uploads\/2017\/07\/schoss5.jpg\"><img loading=\"lazy\" decoding=\"async\" class=\"alignnone size-medium wp-image-9928\" src=\"https:\/\/www.mourioche.de\/wpmourio\/wp-content\/uploads\/2017\/07\/schoss5-276x300.jpg\" alt=\"\" width=\"276\" height=\"300\" srcset=\"https:\/\/www.mourioche.de\/wpmourio\/wp-content\/uploads\/2017\/07\/schoss5-276x300.jpg 276w, https:\/\/www.mourioche.de\/wpmourio\/wp-content\/uploads\/2017\/07\/schoss5-768x835.jpg 768w, https:\/\/www.mourioche.de\/wpmourio\/wp-content\/uploads\/2017\/07\/schoss5-138x150.jpg 138w, https:\/\/www.mourioche.de\/wpmourio\/wp-content\/uploads\/2017\/07\/schoss5-400x435.jpg 400w, https:\/\/www.mourioche.de\/wpmourio\/wp-content\/uploads\/2017\/07\/schoss5.jpg 800w\" sizes=\"auto, (max-width: 276px) 100vw, 276px\" \/><\/a><\/p>\n<p style=\"text-align: center;\"><a href=\"https:\/\/www.mourioche.de\/wpmourio\/wp-content\/uploads\/2017\/07\/schoss6.jpg\"><img loading=\"lazy\" decoding=\"async\" class=\"alignnone size-medium wp-image-9929\" src=\"https:\/\/www.mourioche.de\/wpmourio\/wp-content\/uploads\/2017\/07\/schoss6-274x300.jpg\" alt=\"\" width=\"274\" height=\"300\" srcset=\"https:\/\/www.mourioche.de\/wpmourio\/wp-content\/uploads\/2017\/07\/schoss6-274x300.jpg 274w, https:\/\/www.mourioche.de\/wpmourio\/wp-content\/uploads\/2017\/07\/schoss6-768x842.jpg 768w, https:\/\/www.mourioche.de\/wpmourio\/wp-content\/uploads\/2017\/07\/schoss6-137x150.jpg 137w, https:\/\/www.mourioche.de\/wpmourio\/wp-content\/uploads\/2017\/07\/schoss6-400x439.jpg 400w, https:\/\/www.mourioche.de\/wpmourio\/wp-content\/uploads\/2017\/07\/schoss6.jpg 800w\" sizes=\"auto, (max-width: 274px) 100vw, 274px\" \/><\/a><\/p>\n<p style=\"text-align: center;\"><a href=\"https:\/\/www.mourioche.de\/wpmourio\/wp-content\/uploads\/2017\/07\/spiel1.jpg\"><img loading=\"lazy\" decoding=\"async\" class=\"alignnone size-medium wp-image-9930\" src=\"https:\/\/www.mourioche.de\/wpmourio\/wp-content\/uploads\/2017\/07\/spiel1-300x200.jpg\" alt=\"\" width=\"300\" height=\"200\" srcset=\"https:\/\/www.mourioche.de\/wpmourio\/wp-content\/uploads\/2017\/07\/spiel1-300x200.jpg 300w, https:\/\/www.mourioche.de\/wpmourio\/wp-content\/uploads\/2017\/07\/spiel1-768x512.jpg 768w, https:\/\/www.mourioche.de\/wpmourio\/wp-content\/uploads\/2017\/07\/spiel1-150x100.jpg 150w, https:\/\/www.mourioche.de\/wpmourio\/wp-content\/uploads\/2017\/07\/spiel1-400x267.jpg 400w, https:\/\/www.mourioche.de\/wpmourio\/wp-content\/uploads\/2017\/07\/spiel1.jpg 800w\" sizes=\"auto, (max-width: 300px) 100vw, 300px\" \/><\/a><\/p>\n<p style=\"text-align: center;\">Die Welpen zeigten sich fr\u00f6hlich und unbek\u00fcmmert, spielten in der fremden Umgebung ausgiebig&#8230;<\/p>\n<p style=\"text-align: center;\"><a href=\"https:\/\/www.mourioche.de\/wpmourio\/wp-content\/uploads\/2017\/07\/zende1.jpg\"><img loading=\"lazy\" decoding=\"async\" class=\"alignnone size-medium wp-image-9931\" src=\"https:\/\/www.mourioche.de\/wpmourio\/wp-content\/uploads\/2017\/07\/zende1-300x200.jpg\" alt=\"\" width=\"300\" height=\"200\" srcset=\"https:\/\/www.mourioche.de\/wpmourio\/wp-content\/uploads\/2017\/07\/zende1-300x200.jpg 300w, https:\/\/www.mourioche.de\/wpmourio\/wp-content\/uploads\/2017\/07\/zende1-768x512.jpg 768w, https:\/\/www.mourioche.de\/wpmourio\/wp-content\/uploads\/2017\/07\/zende1-150x100.jpg 150w, https:\/\/www.mourioche.de\/wpmourio\/wp-content\/uploads\/2017\/07\/zende1-400x267.jpg 400w, https:\/\/www.mourioche.de\/wpmourio\/wp-content\/uploads\/2017\/07\/zende1.jpg 800w\" sizes=\"auto, (max-width: 300px) 100vw, 300px\" \/><\/a><\/p>\n<p style=\"text-align: center;\">&#8230;und durften nat\u00fcrlich auch ausgiebig Pause machen<\/p>\n<p style=\"text-align: center;\"><a href=\"https:\/\/www.mourioche.de\/wpmourio\/wp-content\/uploads\/2017\/07\/zende2.jpg\"><img loading=\"lazy\" decoding=\"async\" class=\"alignnone size-medium wp-image-9932\" src=\"https:\/\/www.mourioche.de\/wpmourio\/wp-content\/uploads\/2017\/07\/zende2-300x200.jpg\" alt=\"\" width=\"300\" height=\"200\" srcset=\"https:\/\/www.mourioche.de\/wpmourio\/wp-content\/uploads\/2017\/07\/zende2-300x200.jpg 300w, https:\/\/www.mourioche.de\/wpmourio\/wp-content\/uploads\/2017\/07\/zende2-768x512.jpg 768w, https:\/\/www.mourioche.de\/wpmourio\/wp-content\/uploads\/2017\/07\/zende2-150x100.jpg 150w, https:\/\/www.mourioche.de\/wpmourio\/wp-content\/uploads\/2017\/07\/zende2-400x267.jpg 400w, https:\/\/www.mourioche.de\/wpmourio\/wp-content\/uploads\/2017\/07\/zende2.jpg 800w\" sizes=\"auto, (max-width: 300px) 100vw, 300px\" \/><\/a><\/p>\n<p style=\"text-align: center;\">und jetzt ab nach Hause!<\/p>\n<p style=\"text-align: center;\"><strong>05.07.2017<\/strong><\/p>\n<p style=\"text-align: center;\">Nachdem es in den letzten Tagen recht viel geregnet hat, war es heute sch\u00f6n warm und trocken &#8211; optimales Wetter f\u00fcr den ersten Ausflug unseres Quintetts in den Wald.<\/p>\n<p style=\"text-align: center;\"><a href=\"https:\/\/www.mourioche.de\/wpmourio\/wp-content\/uploads\/2017\/07\/raus1.jpg\"><img loading=\"lazy\" decoding=\"async\" class=\"alignnone size-medium wp-image-9911\" src=\"https:\/\/www.mourioche.de\/wpmourio\/wp-content\/uploads\/2017\/07\/raus1-300x200.jpg\" alt=\"\" width=\"300\" height=\"200\" srcset=\"https:\/\/www.mourioche.de\/wpmourio\/wp-content\/uploads\/2017\/07\/raus1-300x200.jpg 300w, https:\/\/www.mourioche.de\/wpmourio\/wp-content\/uploads\/2017\/07\/raus1-768x512.jpg 768w, https:\/\/www.mourioche.de\/wpmourio\/wp-content\/uploads\/2017\/07\/raus1-150x100.jpg 150w, https:\/\/www.mourioche.de\/wpmourio\/wp-content\/uploads\/2017\/07\/raus1-400x267.jpg 400w, https:\/\/www.mourioche.de\/wpmourio\/wp-content\/uploads\/2017\/07\/raus1.jpg 800w\" sizes=\"auto, (max-width: 300px) 100vw, 300px\" \/><\/a><\/p>\n<p style=\"text-align: center;\">hmmm, hier riecht alles ganz anders als zu Hause!<\/p>\n<p style=\"text-align: center;\"><a href=\"https:\/\/www.mourioche.de\/wpmourio\/wp-content\/uploads\/2017\/07\/alle1.jpg\"><img loading=\"lazy\" decoding=\"async\" class=\"alignnone size-medium wp-image-9904\" src=\"https:\/\/www.mourioche.de\/wpmourio\/wp-content\/uploads\/2017\/07\/alle1-300x200.jpg\" alt=\"\" width=\"300\" height=\"200\" srcset=\"https:\/\/www.mourioche.de\/wpmourio\/wp-content\/uploads\/2017\/07\/alle1-300x200.jpg 300w, https:\/\/www.mourioche.de\/wpmourio\/wp-content\/uploads\/2017\/07\/alle1-768x512.jpg 768w, https:\/\/www.mourioche.de\/wpmourio\/wp-content\/uploads\/2017\/07\/alle1-150x100.jpg 150w, https:\/\/www.mourioche.de\/wpmourio\/wp-content\/uploads\/2017\/07\/alle1-400x267.jpg 400w, https:\/\/www.mourioche.de\/wpmourio\/wp-content\/uploads\/2017\/07\/alle1.jpg 800w\" sizes=\"auto, (max-width: 300px) 100vw, 300px\" \/><\/a><\/p>\n<p style=\"text-align: center;\">Hallo? Nicht einfach falsch abbiegen bitte, immer sch\u00f6n in der Reihe bleiben!<\/p>\n<p style=\"text-align: center;\"><a href=\"https:\/\/www.mourioche.de\/wpmourio\/wp-content\/uploads\/2017\/07\/guck1.jpg\"><img loading=\"lazy\" decoding=\"async\" class=\"alignnone size-medium wp-image-9905\" src=\"https:\/\/www.mourioche.de\/wpmourio\/wp-content\/uploads\/2017\/07\/guck1-300x200.jpg\" alt=\"\" width=\"300\" height=\"200\" srcset=\"https:\/\/www.mourioche.de\/wpmourio\/wp-content\/uploads\/2017\/07\/guck1-300x200.jpg 300w, https:\/\/www.mourioche.de\/wpmourio\/wp-content\/uploads\/2017\/07\/guck1-768x512.jpg 768w, https:\/\/www.mourioche.de\/wpmourio\/wp-content\/uploads\/2017\/07\/guck1-150x100.jpg 150w, https:\/\/www.mourioche.de\/wpmourio\/wp-content\/uploads\/2017\/07\/guck1-400x267.jpg 400w, https:\/\/www.mourioche.de\/wpmourio\/wp-content\/uploads\/2017\/07\/guck1.jpg 800w\" sizes=\"auto, (max-width: 300px) 100vw, 300px\" \/><\/a><\/p>\n<p style=\"text-align: center;\">Ja, ja, ist ja gut, ich wollte doch nur mal gucken, was hier so los ist!<\/p>\n<p style=\"text-align: center;\"><a href=\"https:\/\/www.mourioche.de\/wpmourio\/wp-content\/uploads\/2017\/07\/guck2.jpg\"><img loading=\"lazy\" decoding=\"async\" class=\"alignnone size-medium wp-image-9906\" src=\"https:\/\/www.mourioche.de\/wpmourio\/wp-content\/uploads\/2017\/07\/guck2-300x252.jpg\" alt=\"\" width=\"300\" height=\"252\" srcset=\"https:\/\/www.mourioche.de\/wpmourio\/wp-content\/uploads\/2017\/07\/guck2-300x252.jpg 300w, https:\/\/www.mourioche.de\/wpmourio\/wp-content\/uploads\/2017\/07\/guck2-768x644.jpg 768w, https:\/\/www.mourioche.de\/wpmourio\/wp-content\/uploads\/2017\/07\/guck2-150x126.jpg 150w, https:\/\/www.mourioche.de\/wpmourio\/wp-content\/uploads\/2017\/07\/guck2-400x336.jpg 400w, https:\/\/www.mourioche.de\/wpmourio\/wp-content\/uploads\/2017\/07\/guck2.jpg 800w\" sizes=\"auto, (max-width: 300px) 100vw, 300px\" \/><\/a><\/p>\n<p style=\"text-align: center;\">Hier ist es einfach \u00fcberall interessant! So viel zu entdecken.<\/p>\n<p style=\"text-align: center;\"><a href=\"https:\/\/www.mourioche.de\/wpmourio\/wp-content\/uploads\/2017\/07\/irre1.jpg\"><img loading=\"lazy\" decoding=\"async\" class=\"alignnone size-medium wp-image-9907\" src=\"https:\/\/www.mourioche.de\/wpmourio\/wp-content\/uploads\/2017\/07\/irre1-300x273.jpg\" alt=\"\" width=\"300\" height=\"273\" srcset=\"https:\/\/www.mourioche.de\/wpmourio\/wp-content\/uploads\/2017\/07\/irre1-300x273.jpg 300w, https:\/\/www.mourioche.de\/wpmourio\/wp-content\/uploads\/2017\/07\/irre1-768x700.jpg 768w, https:\/\/www.mourioche.de\/wpmourio\/wp-content\/uploads\/2017\/07\/irre1-150x137.jpg 150w, https:\/\/www.mourioche.de\/wpmourio\/wp-content\/uploads\/2017\/07\/irre1-400x365.jpg 400w, https:\/\/www.mourioche.de\/wpmourio\/wp-content\/uploads\/2017\/07\/irre1.jpg 800w\" sizes=\"auto, (max-width: 300px) 100vw, 300px\" \/><\/a><\/p>\n<p style=\"text-align: center;\">Sind wir nicht alle ein bisschen irre? \ud83d\ude09<\/p>\n<p style=\"text-align: center;\"><a href=\"https:\/\/www.mourioche.de\/wpmourio\/wp-content\/uploads\/2017\/07\/klein1.jpg\"><img loading=\"lazy\" decoding=\"async\" class=\"alignnone size-medium wp-image-9908\" src=\"https:\/\/www.mourioche.de\/wpmourio\/wp-content\/uploads\/2017\/07\/klein1-300x200.jpg\" alt=\"\" width=\"300\" height=\"200\" srcset=\"https:\/\/www.mourioche.de\/wpmourio\/wp-content\/uploads\/2017\/07\/klein1-300x200.jpg 300w, https:\/\/www.mourioche.de\/wpmourio\/wp-content\/uploads\/2017\/07\/klein1-768x512.jpg 768w, https:\/\/www.mourioche.de\/wpmourio\/wp-content\/uploads\/2017\/07\/klein1-150x100.jpg 150w, https:\/\/www.mourioche.de\/wpmourio\/wp-content\/uploads\/2017\/07\/klein1-400x267.jpg 400w, https:\/\/www.mourioche.de\/wpmourio\/wp-content\/uploads\/2017\/07\/klein1.jpg 800w\" sizes=\"auto, (max-width: 300px) 100vw, 300px\" \/><\/a><\/p>\n<p style=\"text-align: center;\">Irre? Ich? Niemals! Ich bin immer ganz artig. Ehrlich! Also meistens jedenfalls. Manchmal. Gelegentlich. O.k., ab und zu. Oder so \u00e4hnlich&#8230;<\/p>\n<p style=\"text-align: center;\"><a href=\"https:\/\/www.mourioche.de\/wpmourio\/wp-content\/uploads\/2017\/07\/phi1.jpg\"><img loading=\"lazy\" decoding=\"async\" class=\"alignnone size-medium wp-image-9909\" src=\"https:\/\/www.mourioche.de\/wpmourio\/wp-content\/uploads\/2017\/07\/phi1-200x300.jpg\" alt=\"\" width=\"200\" height=\"300\" srcset=\"https:\/\/www.mourioche.de\/wpmourio\/wp-content\/uploads\/2017\/07\/phi1-200x300.jpg 200w, https:\/\/www.mourioche.de\/wpmourio\/wp-content\/uploads\/2017\/07\/phi1-768x1152.jpg 768w, https:\/\/www.mourioche.de\/wpmourio\/wp-content\/uploads\/2017\/07\/phi1-683x1024.jpg 683w, https:\/\/www.mourioche.de\/wpmourio\/wp-content\/uploads\/2017\/07\/phi1-100x150.jpg 100w, https:\/\/www.mourioche.de\/wpmourio\/wp-content\/uploads\/2017\/07\/phi1-400x600.jpg 400w, https:\/\/www.mourioche.de\/wpmourio\/wp-content\/uploads\/2017\/07\/phi1.jpg 800w\" sizes=\"auto, (max-width: 200px) 100vw, 200px\" \/><\/a><\/p>\n<p style=\"text-align: center;\">Prinzessin mit Hund<\/p>\n<p style=\"text-align: center;\"><a href=\"https:\/\/www.mourioche.de\/wpmourio\/wp-content\/uploads\/2017\/07\/phi2.jpg\"><img loading=\"lazy\" decoding=\"async\" class=\"alignnone size-medium wp-image-9910\" src=\"https:\/\/www.mourioche.de\/wpmourio\/wp-content\/uploads\/2017\/07\/phi2-253x300.jpg\" alt=\"\" width=\"253\" height=\"300\" srcset=\"https:\/\/www.mourioche.de\/wpmourio\/wp-content\/uploads\/2017\/07\/phi2-253x300.jpg 253w, https:\/\/www.mourioche.de\/wpmourio\/wp-content\/uploads\/2017\/07\/phi2-768x911.jpg 768w, https:\/\/www.mourioche.de\/wpmourio\/wp-content\/uploads\/2017\/07\/phi2-126x150.jpg 126w, https:\/\/www.mourioche.de\/wpmourio\/wp-content\/uploads\/2017\/07\/phi2-400x475.jpg 400w, https:\/\/www.mourioche.de\/wpmourio\/wp-content\/uploads\/2017\/07\/phi2.jpg 800w\" sizes=\"auto, (max-width: 253px) 100vw, 253px\" \/><\/a><\/p>\n<p style=\"text-align: center;\">Mittendrin statt nur dabei<\/p>\n<p style=\"text-align: center;\"><a href=\"https:\/\/www.mourioche.de\/wpmourio\/wp-content\/uploads\/2017\/07\/welt1.jpg\"><img loading=\"lazy\" decoding=\"async\" class=\"alignnone size-medium wp-image-9912\" src=\"https:\/\/www.mourioche.de\/wpmourio\/wp-content\/uploads\/2017\/07\/welt1-190x300.jpg\" alt=\"\" width=\"190\" height=\"300\" srcset=\"https:\/\/www.mourioche.de\/wpmourio\/wp-content\/uploads\/2017\/07\/welt1-190x300.jpg 190w, https:\/\/www.mourioche.de\/wpmourio\/wp-content\/uploads\/2017\/07\/welt1-768x1212.jpg 768w, https:\/\/www.mourioche.de\/wpmourio\/wp-content\/uploads\/2017\/07\/welt1-649x1024.jpg 649w, https:\/\/www.mourioche.de\/wpmourio\/wp-content\/uploads\/2017\/07\/welt1-95x150.jpg 95w, https:\/\/www.mourioche.de\/wpmourio\/wp-content\/uploads\/2017\/07\/welt1-400x631.jpg 400w, https:\/\/www.mourioche.de\/wpmourio\/wp-content\/uploads\/2017\/07\/welt1.jpg 800w\" sizes=\"auto, (max-width: 190px) 100vw, 190px\" \/><\/a><\/p>\n<p style=\"text-align: center;\">Los Kinder, kommt mit, nicht bummeln!<\/p>\n<p style=\"text-align: center;\"><a href=\"https:\/\/www.mourioche.de\/wpmourio\/wp-content\/uploads\/2017\/07\/welt2.jpg\"><img loading=\"lazy\" decoding=\"async\" class=\"alignnone size-medium wp-image-9913\" src=\"https:\/\/www.mourioche.de\/wpmourio\/wp-content\/uploads\/2017\/07\/welt2-127x300.jpg\" alt=\"\" width=\"127\" height=\"300\" srcset=\"https:\/\/www.mourioche.de\/wpmourio\/wp-content\/uploads\/2017\/07\/welt2-127x300.jpg 127w, https:\/\/www.mourioche.de\/wpmourio\/wp-content\/uploads\/2017\/07\/welt2-768x1819.jpg 768w, https:\/\/www.mourioche.de\/wpmourio\/wp-content\/uploads\/2017\/07\/welt2-432x1024.jpg 432w, https:\/\/www.mourioche.de\/wpmourio\/wp-content\/uploads\/2017\/07\/welt2-63x150.jpg 63w, https:\/\/www.mourioche.de\/wpmourio\/wp-content\/uploads\/2017\/07\/welt2-400x948.jpg 400w, https:\/\/www.mourioche.de\/wpmourio\/wp-content\/uploads\/2017\/07\/welt2.jpg 800w\" sizes=\"auto, (max-width: 127px) 100vw, 127px\" \/><\/a><\/p>\n<p style=\"text-align: center;\">Es muss ja nicht jeder auf das h\u00f6ren, was Mutti sagt&#8230;<\/p>\n<p style=\"text-align: center;\"><a href=\"https:\/\/www.mourioche.de\/wpmourio\/wp-content\/uploads\/2017\/07\/zurueck1.jpg\"><img loading=\"lazy\" decoding=\"async\" class=\"alignnone size-medium wp-image-9914\" src=\"https:\/\/www.mourioche.de\/wpmourio\/wp-content\/uploads\/2017\/07\/zurueck1-300x237.jpg\" alt=\"\" width=\"300\" height=\"237\" srcset=\"https:\/\/www.mourioche.de\/wpmourio\/wp-content\/uploads\/2017\/07\/zurueck1-300x237.jpg 300w, https:\/\/www.mourioche.de\/wpmourio\/wp-content\/uploads\/2017\/07\/zurueck1-768x606.jpg 768w, https:\/\/www.mourioche.de\/wpmourio\/wp-content\/uploads\/2017\/07\/zurueck1-150x118.jpg 150w, https:\/\/www.mourioche.de\/wpmourio\/wp-content\/uploads\/2017\/07\/zurueck1-400x316.jpg 400w, https:\/\/www.mourioche.de\/wpmourio\/wp-content\/uploads\/2017\/07\/zurueck1.jpg 800w\" sizes=\"auto, (max-width: 300px) 100vw, 300px\" \/><\/a><\/p>\n<p style=\"text-align: center;\">Ab nach Hause, die vielen Eindr\u00fccke m\u00fcssen in Ruhe verarbeitet werden. Auch wenn der Ausflug nur ein paar Minuten gedauert hat, ist es f\u00fcr die Kleinen anstrengend und jetzt wird erst mal ausgiebig geschlafen.<\/p>\n","protected":false},"excerpt":{"rendered":"<p>07.07.2017 Wie schon mit Lulus und Mimis Welpen durften wir auch mit Jules Quintett einem Seniorencentrum\u00a0einen Besuch abstatten. Mir fehlen die passenden Worte um zu beschreiben, was f\u00fcr ein Glanz in die Augen der Bewohner einzieht, wenn sie die Kleinen sehen und anfassen d\u00fcrfen. Strahlende Gesichter, angeregte Gespr\u00e4che, liebevolle Streicheleinheiten &#8211; ein unvergessliches, unvergleichliches Erlebnis. &hellip; <a href=\"https:\/\/www.mourioche.de\/?page_id=9903\" class=\"more-link\"><span class=\"screen-reader-text\">Jules L-Wurf 6. Woche<\/span> weiterlesen <span class=\"meta-nav\">&rarr;<\/span><\/a><\/p>\n","protected":false},"author":2,"featured_media":0,"parent":9806,"menu_order":2516,"comment_status":"closed","ping_status":"closed","template":"","meta":{"footnotes":""},"class_list":["post-9903","page","type-page","status-publish","hentry"],"_links":{"self":[{"href":"https:\/\/www.mourioche.de\/index.php?rest_route=\/wp\/v2\/pages\/9903","targetHints":{"allow":["GET"]}}],"collection":[{"href":"https:\/\/www.mourioche.de\/index.php?rest_route=\/wp\/v2\/pages"}],"about":[{"href":"https:\/\/www.mourioche.de\/index.php?rest_route=\/wp\/v2\/types\/page"}],"author":[{"embeddable":true,"href":"https:\/\/www.mourioche.de\/index.php?rest_route=\/wp\/v2\/users\/2"}],"replies":[{"embeddable":true,"href":"https:\/\/www.mourioche.de\/index.php?rest_route=%2Fwp%2Fv2%2Fcomments&post=9903"}],"version-history":[{"count":3,"href":"https:\/\/www.mourioche.de\/index.php?rest_route=\/wp\/v2\/pages\/9903\/revisions"}],"predecessor-version":[{"id":9933,"href":"https:\/\/www.mourioche.de\/index.php?rest_route=\/wp\/v2\/pages\/9903\/revisions\/9933"}],"up":[{"embeddable":true,"href":"https:\/\/www.mourioche.de\/index.php?rest_route=\/wp\/v2\/pages\/9806"}],"wp:attachment":[{"href":"https:\/\/www.mourioche.de\/index.php?rest_route=%2Fwp%2Fv2%2Fmedia&parent=9903"}],"curies":[{"name":"wp","href":"https:\/\/api.w.org\/{rel}","templated":true}]}}