{"id":9999,"date":"2017-07-19T19:21:56","date_gmt":"2017-07-19T17:21:56","guid":{"rendered":"http:\/\/www.mourioche.de\/?page_id=9999"},"modified":"2017-07-19T19:21:56","modified_gmt":"2017-07-19T17:21:56","slug":"jule-l-wurf-8-woche","status":"publish","type":"page","link":"https:\/\/www.mourioche.de\/?page_id=9999","title":{"rendered":"Jule L-Wurf 8. Woche"},"content":{"rendered":"<p style=\"text-align: center;\"><strong>19.07.2017<\/strong><\/p>\n<p style=\"text-align: center;\">Nette Besucher, sch\u00f6ne Ausfl\u00fcge mit den Welpen &#8211; das Leben k\u00f6nnte schlechter sein \ud83d\ude09<\/p>\n<p style=\"text-align: center;\"><a href=\"https:\/\/www.mourioche.de\/wpmourio\/wp-content\/uploads\/2017\/07\/blick1.jpg\"><img loading=\"lazy\" decoding=\"async\" class=\"alignnone size-medium wp-image-10000\" src=\"https:\/\/www.mourioche.de\/wpmourio\/wp-content\/uploads\/2017\/07\/blick1-300x192.jpg\" alt=\"\" width=\"300\" height=\"192\" srcset=\"https:\/\/www.mourioche.de\/wpmourio\/wp-content\/uploads\/2017\/07\/blick1-300x192.jpg 300w, https:\/\/www.mourioche.de\/wpmourio\/wp-content\/uploads\/2017\/07\/blick1-768x491.jpg 768w, https:\/\/www.mourioche.de\/wpmourio\/wp-content\/uploads\/2017\/07\/blick1-150x96.jpg 150w, https:\/\/www.mourioche.de\/wpmourio\/wp-content\/uploads\/2017\/07\/blick1-400x256.jpg 400w, https:\/\/www.mourioche.de\/wpmourio\/wp-content\/uploads\/2017\/07\/blick1.jpg 800w\" sizes=\"auto, (max-width: 300px) 100vw, 300px\" \/><\/a><\/p>\n<p style=\"text-align: center;\"><a href=\"https:\/\/www.mourioche.de\/wpmourio\/wp-content\/uploads\/2017\/07\/foto1.jpg\"><img loading=\"lazy\" decoding=\"async\" class=\"alignnone size-medium wp-image-10001\" src=\"https:\/\/www.mourioche.de\/wpmourio\/wp-content\/uploads\/2017\/07\/foto1-260x300.jpg\" alt=\"\" width=\"260\" height=\"300\" srcset=\"https:\/\/www.mourioche.de\/wpmourio\/wp-content\/uploads\/2017\/07\/foto1-260x300.jpg 260w, https:\/\/www.mourioche.de\/wpmourio\/wp-content\/uploads\/2017\/07\/foto1-768x885.jpg 768w, https:\/\/www.mourioche.de\/wpmourio\/wp-content\/uploads\/2017\/07\/foto1-130x150.jpg 130w, https:\/\/www.mourioche.de\/wpmourio\/wp-content\/uploads\/2017\/07\/foto1-400x461.jpg 400w, https:\/\/www.mourioche.de\/wpmourio\/wp-content\/uploads\/2017\/07\/foto1.jpg 800w\" sizes=\"auto, (max-width: 260px) 100vw, 260px\" \/><\/a><\/p>\n<p style=\"text-align: center;\"><a href=\"https:\/\/www.mourioche.de\/wpmourio\/wp-content\/uploads\/2017\/07\/fotograf1.jpg\"><img loading=\"lazy\" decoding=\"async\" class=\"alignnone size-medium wp-image-10002\" src=\"https:\/\/www.mourioche.de\/wpmourio\/wp-content\/uploads\/2017\/07\/fotograf1-300x200.jpg\" alt=\"\" width=\"300\" height=\"200\" srcset=\"https:\/\/www.mourioche.de\/wpmourio\/wp-content\/uploads\/2017\/07\/fotograf1-300x200.jpg 300w, https:\/\/www.mourioche.de\/wpmourio\/wp-content\/uploads\/2017\/07\/fotograf1-768x512.jpg 768w, https:\/\/www.mourioche.de\/wpmourio\/wp-content\/uploads\/2017\/07\/fotograf1-150x100.jpg 150w, https:\/\/www.mourioche.de\/wpmourio\/wp-content\/uploads\/2017\/07\/fotograf1-400x267.jpg 400w, https:\/\/www.mourioche.de\/wpmourio\/wp-content\/uploads\/2017\/07\/fotograf1.jpg 800w\" sizes=\"auto, (max-width: 300px) 100vw, 300px\" \/><\/a><\/p>\n<p style=\"text-align: center;\"><a href=\"https:\/\/www.mourioche.de\/wpmourio\/wp-content\/uploads\/2017\/07\/gleich1.jpg\"><img loading=\"lazy\" decoding=\"async\" class=\"alignnone size-medium wp-image-10003\" src=\"https:\/\/www.mourioche.de\/wpmourio\/wp-content\/uploads\/2017\/07\/gleich1-287x300.jpg\" alt=\"\" width=\"287\" height=\"300\" srcset=\"https:\/\/www.mourioche.de\/wpmourio\/wp-content\/uploads\/2017\/07\/gleich1-287x300.jpg 287w, https:\/\/www.mourioche.de\/wpmourio\/wp-content\/uploads\/2017\/07\/gleich1-768x803.jpg 768w, https:\/\/www.mourioche.de\/wpmourio\/wp-content\/uploads\/2017\/07\/gleich1-144x150.jpg 144w, https:\/\/www.mourioche.de\/wpmourio\/wp-content\/uploads\/2017\/07\/gleich1-400x418.jpg 400w, https:\/\/www.mourioche.de\/wpmourio\/wp-content\/uploads\/2017\/07\/gleich1.jpg 800w\" sizes=\"auto, (max-width: 287px) 100vw, 287px\" \/><\/a><\/p>\n<p style=\"text-align: center;\"><a href=\"https:\/\/www.mourioche.de\/wpmourio\/wp-content\/uploads\/2017\/07\/kraul1.jpg\"><img loading=\"lazy\" decoding=\"async\" class=\"alignnone size-medium wp-image-10004\" src=\"https:\/\/www.mourioche.de\/wpmourio\/wp-content\/uploads\/2017\/07\/kraul1-300x200.jpg\" alt=\"\" width=\"300\" height=\"200\" srcset=\"https:\/\/www.mourioche.de\/wpmourio\/wp-content\/uploads\/2017\/07\/kraul1-300x200.jpg 300w, https:\/\/www.mourioche.de\/wpmourio\/wp-content\/uploads\/2017\/07\/kraul1-768x512.jpg 768w, https:\/\/www.mourioche.de\/wpmourio\/wp-content\/uploads\/2017\/07\/kraul1-150x100.jpg 150w, https:\/\/www.mourioche.de\/wpmourio\/wp-content\/uploads\/2017\/07\/kraul1-400x267.jpg 400w, https:\/\/www.mourioche.de\/wpmourio\/wp-content\/uploads\/2017\/07\/kraul1.jpg 800w\" sizes=\"auto, (max-width: 300px) 100vw, 300px\" \/><\/a><\/p>\n<p style=\"text-align: center;\"><a href=\"https:\/\/www.mourioche.de\/wpmourio\/wp-content\/uploads\/2017\/07\/legolas1-2.jpg\"><img loading=\"lazy\" decoding=\"async\" class=\"alignnone size-medium wp-image-10005\" src=\"https:\/\/www.mourioche.de\/wpmourio\/wp-content\/uploads\/2017\/07\/legolas1-2-300x200.jpg\" alt=\"\" width=\"300\" height=\"200\" srcset=\"https:\/\/www.mourioche.de\/wpmourio\/wp-content\/uploads\/2017\/07\/legolas1-2-300x200.jpg 300w, https:\/\/www.mourioche.de\/wpmourio\/wp-content\/uploads\/2017\/07\/legolas1-2-768x512.jpg 768w, https:\/\/www.mourioche.de\/wpmourio\/wp-content\/uploads\/2017\/07\/legolas1-2-150x100.jpg 150w, https:\/\/www.mourioche.de\/wpmourio\/wp-content\/uploads\/2017\/07\/legolas1-2-400x267.jpg 400w, https:\/\/www.mourioche.de\/wpmourio\/wp-content\/uploads\/2017\/07\/legolas1-2.jpg 800w\" sizes=\"auto, (max-width: 300px) 100vw, 300px\" \/><\/a><\/p>\n<p style=\"text-align: center;\"><a href=\"https:\/\/www.mourioche.de\/wpmourio\/wp-content\/uploads\/2017\/07\/limlich1-2.jpg\"><img loading=\"lazy\" decoding=\"async\" class=\"alignnone size-medium wp-image-10006\" src=\"https:\/\/www.mourioche.de\/wpmourio\/wp-content\/uploads\/2017\/07\/limlich1-2-300x292.jpg\" alt=\"\" width=\"300\" height=\"292\" srcset=\"https:\/\/www.mourioche.de\/wpmourio\/wp-content\/uploads\/2017\/07\/limlich1-2-300x292.jpg 300w, https:\/\/www.mourioche.de\/wpmourio\/wp-content\/uploads\/2017\/07\/limlich1-2-768x748.jpg 768w, https:\/\/www.mourioche.de\/wpmourio\/wp-content\/uploads\/2017\/07\/limlich1-2-150x146.jpg 150w, https:\/\/www.mourioche.de\/wpmourio\/wp-content\/uploads\/2017\/07\/limlich1-2-400x390.jpg 400w, https:\/\/www.mourioche.de\/wpmourio\/wp-content\/uploads\/2017\/07\/limlich1-2.jpg 800w\" sizes=\"auto, (max-width: 300px) 100vw, 300px\" \/><\/a><\/p>\n<p style=\"text-align: center;\"><a href=\"https:\/\/www.mourioche.de\/wpmourio\/wp-content\/uploads\/2017\/07\/lindorie1-2.jpg\"><img loading=\"lazy\" decoding=\"async\" class=\"alignnone size-medium wp-image-10007\" src=\"https:\/\/www.mourioche.de\/wpmourio\/wp-content\/uploads\/2017\/07\/lindorie1-2-300x289.jpg\" alt=\"\" width=\"300\" height=\"289\" srcset=\"https:\/\/www.mourioche.de\/wpmourio\/wp-content\/uploads\/2017\/07\/lindorie1-2-300x289.jpg 300w, https:\/\/www.mourioche.de\/wpmourio\/wp-content\/uploads\/2017\/07\/lindorie1-2-768x740.jpg 768w, https:\/\/www.mourioche.de\/wpmourio\/wp-content\/uploads\/2017\/07\/lindorie1-2-150x145.jpg 150w, https:\/\/www.mourioche.de\/wpmourio\/wp-content\/uploads\/2017\/07\/lindorie1-2-400x386.jpg 400w, https:\/\/www.mourioche.de\/wpmourio\/wp-content\/uploads\/2017\/07\/lindorie1-2.jpg 800w\" sizes=\"auto, (max-width: 300px) 100vw, 300px\" \/><\/a><\/p>\n<p style=\"text-align: center;\"><a href=\"https:\/\/www.mourioche.de\/wpmourio\/wp-content\/uploads\/2017\/07\/lindorie2-1.jpg\"><img loading=\"lazy\" decoding=\"async\" class=\"alignnone size-medium wp-image-10008\" src=\"https:\/\/www.mourioche.de\/wpmourio\/wp-content\/uploads\/2017\/07\/lindorie2-1-300x192.jpg\" alt=\"\" width=\"300\" height=\"192\" srcset=\"https:\/\/www.mourioche.de\/wpmourio\/wp-content\/uploads\/2017\/07\/lindorie2-1-300x192.jpg 300w, https:\/\/www.mourioche.de\/wpmourio\/wp-content\/uploads\/2017\/07\/lindorie2-1-768x492.jpg 768w, https:\/\/www.mourioche.de\/wpmourio\/wp-content\/uploads\/2017\/07\/lindorie2-1-150x96.jpg 150w, https:\/\/www.mourioche.de\/wpmourio\/wp-content\/uploads\/2017\/07\/lindorie2-1-400x257.jpg 400w, https:\/\/www.mourioche.de\/wpmourio\/wp-content\/uploads\/2017\/07\/lindorie2-1.jpg 800w\" sizes=\"auto, (max-width: 300px) 100vw, 300px\" \/><\/a><\/p>\n<p style=\"text-align: center;\"><a href=\"https:\/\/www.mourioche.de\/wpmourio\/wp-content\/uploads\/2017\/07\/lothiriel1-3.jpg\"><img loading=\"lazy\" decoding=\"async\" class=\"alignnone size-medium wp-image-10009\" src=\"https:\/\/www.mourioche.de\/wpmourio\/wp-content\/uploads\/2017\/07\/lothiriel1-3-300x300.jpg\" alt=\"\" width=\"300\" height=\"300\" srcset=\"https:\/\/www.mourioche.de\/wpmourio\/wp-content\/uploads\/2017\/07\/lothiriel1-3-300x300.jpg 300w, https:\/\/www.mourioche.de\/wpmourio\/wp-content\/uploads\/2017\/07\/lothiriel1-3-150x150.jpg 150w, https:\/\/www.mourioche.de\/wpmourio\/wp-content\/uploads\/2017\/07\/lothiriel1-3-768x771.jpg 768w, https:\/\/www.mourioche.de\/wpmourio\/wp-content\/uploads\/2017\/07\/lothiriel1-3-144x144.jpg 144w, https:\/\/www.mourioche.de\/wpmourio\/wp-content\/uploads\/2017\/07\/lothiriel1-3.jpg 800w\" sizes=\"auto, (max-width: 300px) 100vw, 300px\" \/><\/a><\/p>\n<p style=\"text-align: center;\"><a href=\"https:\/\/www.mourioche.de\/wpmourio\/wp-content\/uploads\/2017\/07\/matsch1-1.jpg\"><img loading=\"lazy\" decoding=\"async\" class=\"alignnone size-medium wp-image-10010\" src=\"https:\/\/www.mourioche.de\/wpmourio\/wp-content\/uploads\/2017\/07\/matsch1-1-189x300.jpg\" alt=\"\" width=\"189\" height=\"300\" srcset=\"https:\/\/www.mourioche.de\/wpmourio\/wp-content\/uploads\/2017\/07\/matsch1-1-189x300.jpg 189w, https:\/\/www.mourioche.de\/wpmourio\/wp-content\/uploads\/2017\/07\/matsch1-1-768x1218.jpg 768w, https:\/\/www.mourioche.de\/wpmourio\/wp-content\/uploads\/2017\/07\/matsch1-1-646x1024.jpg 646w, https:\/\/www.mourioche.de\/wpmourio\/wp-content\/uploads\/2017\/07\/matsch1-1-95x150.jpg 95w, https:\/\/www.mourioche.de\/wpmourio\/wp-content\/uploads\/2017\/07\/matsch1-1-400x635.jpg 400w, https:\/\/www.mourioche.de\/wpmourio\/wp-content\/uploads\/2017\/07\/matsch1-1.jpg 800w\" sizes=\"auto, (max-width: 189px) 100vw, 189px\" \/><\/a><\/p>\n<p style=\"text-align: center;\"><a href=\"https:\/\/www.mourioche.de\/wpmourio\/wp-content\/uploads\/2017\/07\/schoss1-1.jpg\"><img loading=\"lazy\" decoding=\"async\" class=\"alignnone size-medium wp-image-10011\" src=\"https:\/\/www.mourioche.de\/wpmourio\/wp-content\/uploads\/2017\/07\/schoss1-1-300x177.jpg\" alt=\"\" width=\"300\" height=\"177\" srcset=\"https:\/\/www.mourioche.de\/wpmourio\/wp-content\/uploads\/2017\/07\/schoss1-1-300x177.jpg 300w, https:\/\/www.mourioche.de\/wpmourio\/wp-content\/uploads\/2017\/07\/schoss1-1-768x452.jpg 768w, https:\/\/www.mourioche.de\/wpmourio\/wp-content\/uploads\/2017\/07\/schoss1-1-150x88.jpg 150w, https:\/\/www.mourioche.de\/wpmourio\/wp-content\/uploads\/2017\/07\/schoss1-1-400x236.jpg 400w, https:\/\/www.mourioche.de\/wpmourio\/wp-content\/uploads\/2017\/07\/schoss1-1.jpg 800w\" sizes=\"auto, (max-width: 300px) 100vw, 300px\" \/><\/a><\/p>\n<p style=\"text-align: center;\"><a href=\"https:\/\/www.mourioche.de\/wpmourio\/wp-content\/uploads\/2017\/07\/sitz1-1.jpg\"><img loading=\"lazy\" decoding=\"async\" class=\"alignnone size-medium wp-image-10012\" src=\"https:\/\/www.mourioche.de\/wpmourio\/wp-content\/uploads\/2017\/07\/sitz1-1-248x300.jpg\" alt=\"\" width=\"248\" height=\"300\" srcset=\"https:\/\/www.mourioche.de\/wpmourio\/wp-content\/uploads\/2017\/07\/sitz1-1-248x300.jpg 248w, https:\/\/www.mourioche.de\/wpmourio\/wp-content\/uploads\/2017\/07\/sitz1-1-768x929.jpg 768w, https:\/\/www.mourioche.de\/wpmourio\/wp-content\/uploads\/2017\/07\/sitz1-1-124x150.jpg 124w, https:\/\/www.mourioche.de\/wpmourio\/wp-content\/uploads\/2017\/07\/sitz1-1-400x484.jpg 400w, https:\/\/www.mourioche.de\/wpmourio\/wp-content\/uploads\/2017\/07\/sitz1-1.jpg 800w\" sizes=\"auto, (max-width: 248px) 100vw, 248px\" \/><\/a><\/p>\n<p style=\"text-align: center;\"><a href=\"https:\/\/www.mourioche.de\/wpmourio\/wp-content\/uploads\/2017\/07\/spiel1-1.jpg\"><img loading=\"lazy\" decoding=\"async\" class=\"alignnone size-medium wp-image-10013\" src=\"https:\/\/www.mourioche.de\/wpmourio\/wp-content\/uploads\/2017\/07\/spiel1-1-300x209.jpg\" alt=\"\" width=\"300\" height=\"209\" srcset=\"https:\/\/www.mourioche.de\/wpmourio\/wp-content\/uploads\/2017\/07\/spiel1-1-300x209.jpg 300w, https:\/\/www.mourioche.de\/wpmourio\/wp-content\/uploads\/2017\/07\/spiel1-1-768x536.jpg 768w, https:\/\/www.mourioche.de\/wpmourio\/wp-content\/uploads\/2017\/07\/spiel1-1-150x105.jpg 150w, https:\/\/www.mourioche.de\/wpmourio\/wp-content\/uploads\/2017\/07\/spiel1-1-400x279.jpg 400w, https:\/\/www.mourioche.de\/wpmourio\/wp-content\/uploads\/2017\/07\/spiel1-1.jpg 800w\" sizes=\"auto, (max-width: 300px) 100vw, 300px\" \/><\/a><\/p>\n<p style=\"text-align: center;\"><a href=\"https:\/\/www.mourioche.de\/wpmourio\/wp-content\/uploads\/2017\/07\/terasse1.jpg\"><img loading=\"lazy\" decoding=\"async\" class=\"alignnone size-medium wp-image-10014\" src=\"https:\/\/www.mourioche.de\/wpmourio\/wp-content\/uploads\/2017\/07\/terasse1-300x162.jpg\" alt=\"\" width=\"300\" height=\"162\" srcset=\"https:\/\/www.mourioche.de\/wpmourio\/wp-content\/uploads\/2017\/07\/terasse1-300x162.jpg 300w, https:\/\/www.mourioche.de\/wpmourio\/wp-content\/uploads\/2017\/07\/terasse1-768x415.jpg 768w, https:\/\/www.mourioche.de\/wpmourio\/wp-content\/uploads\/2017\/07\/terasse1-150x81.jpg 150w, https:\/\/www.mourioche.de\/wpmourio\/wp-content\/uploads\/2017\/07\/terasse1-400x216.jpg 400w, https:\/\/www.mourioche.de\/wpmourio\/wp-content\/uploads\/2017\/07\/terasse1.jpg 800w\" sizes=\"auto, (max-width: 300px) 100vw, 300px\" \/><\/a><\/p>\n<p style=\"text-align: center;\"><a href=\"https:\/\/www.mourioche.de\/wpmourio\/wp-content\/uploads\/2017\/07\/vier1.jpg\"><img loading=\"lazy\" decoding=\"async\" class=\"alignnone size-medium wp-image-10015\" src=\"https:\/\/www.mourioche.de\/wpmourio\/wp-content\/uploads\/2017\/07\/vier1-284x300.jpg\" alt=\"\" width=\"284\" height=\"300\" srcset=\"https:\/\/www.mourioche.de\/wpmourio\/wp-content\/uploads\/2017\/07\/vier1-284x300.jpg 284w, https:\/\/www.mourioche.de\/wpmourio\/wp-content\/uploads\/2017\/07\/vier1-768x811.jpg 768w, https:\/\/www.mourioche.de\/wpmourio\/wp-content\/uploads\/2017\/07\/vier1-142x150.jpg 142w, https:\/\/www.mourioche.de\/wpmourio\/wp-content\/uploads\/2017\/07\/vier1-400x423.jpg 400w, https:\/\/www.mourioche.de\/wpmourio\/wp-content\/uploads\/2017\/07\/vier1.jpg 800w\" sizes=\"auto, (max-width: 284px) 100vw, 284px\" \/><\/a><\/p>\n<p style=\"text-align: center;\"><a href=\"https:\/\/www.mourioche.de\/wpmourio\/wp-content\/uploads\/2017\/07\/wer1.jpg\"><img loading=\"lazy\" decoding=\"async\" class=\"alignnone size-medium wp-image-10016\" src=\"https:\/\/www.mourioche.de\/wpmourio\/wp-content\/uploads\/2017\/07\/wer1-300x182.jpg\" alt=\"\" width=\"300\" height=\"182\" srcset=\"https:\/\/www.mourioche.de\/wpmourio\/wp-content\/uploads\/2017\/07\/wer1-300x182.jpg 300w, https:\/\/www.mourioche.de\/wpmourio\/wp-content\/uploads\/2017\/07\/wer1-768x467.jpg 768w, https:\/\/www.mourioche.de\/wpmourio\/wp-content\/uploads\/2017\/07\/wer1-150x91.jpg 150w, https:\/\/www.mourioche.de\/wpmourio\/wp-content\/uploads\/2017\/07\/wer1-400x243.jpg 400w, https:\/\/www.mourioche.de\/wpmourio\/wp-content\/uploads\/2017\/07\/wer1.jpg 800w\" sizes=\"auto, (max-width: 300px) 100vw, 300px\" \/><\/a><\/p>\n","protected":false},"excerpt":{"rendered":"<p>19.07.2017 Nette Besucher, sch\u00f6ne Ausfl\u00fcge mit den Welpen &#8211; das Leben k\u00f6nnte schlechter sein \ud83d\ude09<\/p>\n","protected":false},"author":2,"featured_media":0,"parent":9806,"menu_order":2518,"comment_status":"closed","ping_status":"closed","template":"","meta":{"footnotes":""},"class_list":["post-9999","page","type-page","status-publish","hentry"],"_links":{"self":[{"href":"https:\/\/www.mourioche.de\/index.php?rest_route=\/wp\/v2\/pages\/9999","targetHints":{"allow":["GET"]}}],"collection":[{"href":"https:\/\/www.mourioche.de\/index.php?rest_route=\/wp\/v2\/pages"}],"about":[{"href":"https:\/\/www.mourioche.de\/index.php?rest_route=\/wp\/v2\/types\/page"}],"author":[{"embeddable":true,"href":"https:\/\/www.mourioche.de\/index.php?rest_route=\/wp\/v2\/users\/2"}],"replies":[{"embeddable":true,"href":"https:\/\/www.mourioche.de\/index.php?rest_route=%2Fwp%2Fv2%2Fcomments&post=9999"}],"version-history":[{"count":1,"href":"https:\/\/www.mourioche.de\/index.php?rest_route=\/wp\/v2\/pages\/9999\/revisions"}],"predecessor-version":[{"id":10017,"href":"https:\/\/www.mourioche.de\/index.php?rest_route=\/wp\/v2\/pages\/9999\/revisions\/10017"}],"up":[{"embeddable":true,"href":"https:\/\/www.mourioche.de\/index.php?rest_route=\/wp\/v2\/pages\/9806"}],"wp:attachment":[{"href":"https:\/\/www.mourioche.de\/index.php?rest_route=%2Fwp%2Fv2%2Fmedia&parent=9999"}],"curies":[{"name":"wp","href":"https:\/\/api.w.org\/{rel}","templated":true}]}}